{"id":45198,"date":"2025-10-16T07:37:53","date_gmt":"2025-10-16T04:37:53","guid":{"rendered":"https:\/\/www.kezdi.ro\/kicsid-gabor-sportcsarnok\/"},"modified":"2025-10-16T07:39:14","modified_gmt":"2025-10-16T04:39:14","slug":"sala-polivalenta-kicsid-gabor","status":"publish","type":"page","link":"https:\/\/www.kezdi.ro\/ro\/sala-polivalenta-kicsid-gabor\/","title":{"rendered":"Sala Polivalent\u0103 Kicsid G\u00e1bor"},"content":{"rendered":"<div class=\"row\">\n<div class=\"col-xs-12 col-sm-5 col-md-4 col-lg-4 page-thumbnail\"><a href=\"http:\/\/www.kezdi.ro\/wp-content\/uploads\/Kicsid-Gabor-Sportcsarnok.jpg\" data-rel=\"lightbox-gallery-Z75oX6dA\" data-rl_title=\"\" data-rl_caption=\"\" title=\"\"><img loading=\"lazy\" decoding=\"async\" class=\"img-responsive thumbnail\" src=\"http:\/\/www.kezdi.ro\/wp-content\/uploads\/Kicsid-Gabor-Sportcsarnok.jpg\" alt=\"Kicsid G\u00e1bor Sportcsarnok\" width=\"1024\" height=\"1251\"><\/a><\/div>\n<div class=\"page-content-detail\">\n<p>Inaugurat\u0103 \u00een anul 2007, Sala Polivalent\u0103 \u201eKicsid G\u00e1bor\u201d reprezint\u0103 unul dintre principalele centre sportive ale ora\u0219ului T\u00e2rgu Secuiesc.<\/p>\n<p>&nbsp;<\/p>\n<p>Complexul este amenajat pentru practicarea mai multor discipline sportive, precum: minifotbal, handbal, baschet, tenis cu piciorul, tenis de mas\u0103, darts, \u0219ah \u0219i teqball.<\/p>\n<p>&nbsp;<\/p>\n<p>Pe l\u00e2ng\u0103 activit\u0103\u021bile sportive, sala mare ofer\u0103 condi\u021bii excelente pentru organizarea de concerte, congrese, evenimente culturale \u0219i expozi\u021bii.<\/p>\n<p>&nbsp;<\/p>\n<p>Dimine\u021bile sunt dedicate orelor de educa\u021bie fizic\u0103 pentru elevii \u0218colii Generale \u201ePet\u0151fi S\u00e1ndor\u201d. Dup\u0103-amiezile, grupele de copii ale sec\u021biei de fotbal KSE \u00ee\u0219i desf\u0103\u0219oar\u0103 antrenamentele, urmate de echipele de juniori \u0219i seniori ale sec\u021biei de baschet KSE. \u00cen orele de sear\u0103, spa\u021biile sunt disponibile pentru \u00eenchiriere de c\u0103tre public.<\/p>\n<p>&nbsp;<\/p>\n<p>\u00cen holul principal se pot practica jocuri de tenis de mas\u0103 de dou\u0103 ori pe s\u0103pt\u0103m\u00e2n\u0103, \u00een cadrul \u0219colii de tenis de mas\u0103, dar mesele pot fi \u00eenchiriate \u0219i individual, \u00een orice moment. O dat\u0103 pe s\u0103pt\u0103m\u00e2n\u0103, Clubul de Darts \u00ee\u0219i a\u0219teapt\u0103 membrii \u0219i pasiona\u021bii \u00een spa\u021biul de la etaj, deasupra holului principal.<\/p>\n<p>&nbsp;<\/p>\n<p><strong>Contact:<\/strong><\/p>\n<p>Kocsis Zolt\u00e1n, \u0219ef birou<\/p>\n<p>Telefon: +40 754 646 744<\/p>\n<p>E-mail: <a href=\"mailto:zoltan.kocsis@kezdi.ro\">zoltan.kocsis@kezdi.ro<\/a><\/p>\n<\/div>\n<\/div>\n","protected":false},"excerpt":{"rendered":"<p>Inaugurat\u0103 \u00een anul 2007, Sala Polivalent\u0103 \u201eKicsid G\u00e1bor\u201d reprezint\u0103 unul dintre principalele centre sportive ale ora\u0219ului T\u00e2rgu Secuiesc. &nbsp; Complexul este amenajat pentru practicarea mai multor discipline sportive, precum: minifotbal, handbal, baschet, tenis cu piciorul, tenis de mas\u0103, darts, \u0219ah \u0219i teqball. &nbsp; Pe l\u00e2ng\u0103 activit\u0103\u021bile sportive, sala mare ofer\u0103 condi\u021bii excelente pentru organizarea de [&hellip;]<\/p>\n","protected":false},"author":1,"featured_media":0,"parent":0,"menu_order":0,"comment_status":"closed","ping_status":"closed","template":"left-sidebar-template.php","meta":{"ngg_post_thumbnail":0,"footnotes":""},"class_list":["post-45198","page","type-page","status-publish","hentry"],"_links":{"self":[{"href":"https:\/\/www.kezdi.ro\/ro\/wp-json\/wp\/v2\/pages\/45198\/"}],"collection":[{"href":"https:\/\/www.kezdi.ro\/ro\/wp-json\/wp\/v2\/pages\/"}],"about":[{"href":"https:\/\/www.kezdi.ro\/ro\/wp-json\/wp\/v2\/types\/page\/"}],"author":[{"embeddable":true,"href":"https:\/\/www.kezdi.ro\/ro\/wp-json\/wp\/v2\/users\/1\/"}],"replies":[{"embeddable":true,"href":"https:\/\/www.kezdi.ro\/ro\/wp-json\/wp\/v2\/comments\/?post=45198"}],"version-history":[{"count":1,"href":"https:\/\/www.kezdi.ro\/ro\/wp-json\/wp\/v2\/pages\/45198\/revisions\/"}],"predecessor-version":[{"id":45199,"href":"https:\/\/www.kezdi.ro\/ro\/wp-json\/wp\/v2\/pages\/45198\/revisions\/45199\/"}],"wp:attachment":[{"href":"https:\/\/www.kezdi.ro\/ro\/wp-json\/wp\/v2\/media\/?parent=45198"}],"curies":[{"name":"wp","href":"https:\/\/api.w.org\/{rel}","templated":true}]}}