{"id":44656,"date":"2025-07-22T13:58:16","date_gmt":"2025-07-22T10:58:16","guid":{"rendered":"https:\/\/www.kezdi.ro\/program-sanatate\/"},"modified":"2025-08-01T12:21:30","modified_gmt":"2025-08-01T09:21:30","slug":"program-sanatate","status":"publish","type":"page","link":"https:\/\/www.kezdi.ro\/ro\/program-sanatate\/","title":{"rendered":"Program S\u0103n\u0103tate"},"content":{"rendered":"<p><strong>SMIS 324350<\/strong><\/p>\n<p><strong>&nbsp;<\/strong><\/p>\n<h2>EXTINDEREA \u0218I DOTAREA INFRASTRUCTURII AMBULATORII \u00ceN MUN. TG. SECUIESC<\/h2>\n<p>&nbsp;<\/p>\n<p>Proiectul \u201c EXTINDEREA \u0218I DOTAREA INFRASTRUCTURII AMBULATORII \u00ceN MUN. TG. SECUIESC\u201d, cod MySMIS 324350, finan\u021bat prin Programul S\u0103n\u0103tate 2021-2027, este implementat de c\u0103tre Municipiului T\u00e2rgu Secuiesc \u0219i are o valoare total\u0103 de 3.862.037,90 &nbsp;lei, din care 3.732.565,38 lei reprezint\u0103 finan\u021bare nerambursabil\u0103. Programul S\u0103n\u0103tate 2021-2027 este implementat la nivel na\u021bional de c\u0103tre Ministerul Investi\u021biilor \u0219i Proiectelor Europene \u00een calitate de Autoritate de Management, iar la nivel regional de c\u0103tre ADR Centru, organism intermediar al programului ce monitorizeaz\u0103 implementarea acestui proiect \u00een Regiunea Centru. Proiectul este prev\u0103zut a se derula \u00een perioada 01.01.2024 \u2013 28.02.2025. Obiectivul general al proiectului \u00eel constituie \u00eembunat\u0103\u021birea infrastructurii sanitare, conduc\u00e2nd la cre\u0219terea calit\u0103\u021bii serviciului de s\u0103n\u0103tate \u00een cl\u0103direa ambulatoriului din Municipiului T\u00e2rgu Secuiesc.<\/p>\n<p>&nbsp;<\/p>\n<p><strong>Obiectivele specifice ale proiectului<\/strong><\/p>\n<ol>\n<li>Reabilitarea cladirii existente a ambulatoriului de specialitate.<\/li>\n<li>Extindere cu corp nou de cladire complet dotat si reorganizarea func\u00feionala a \u00eentregului ansamblu, adopt\u00e2nd func\u00feiunile noi (cabinete medicale pentru consulta\u00feii de specialitate, camere pentru tratamente pentru 6-8 cabinete, dupa necesita\u00fei, sterilizare strict necesara pentru instrumente medicale utilizate \u00een cadrul policlinicii etc.).<\/li>\n<li>Dotarea ambulatoriului Spitalului Municipal T\u00e2rgu Secuiesc cu aparatura moderna, necesara pentru desfasurarea activita\u00feii medicale.<\/li>\n<li>Dotarea cladirii ambulatoriului cu o instala\u00feie (colectoare solare) pentru prepararea apei calde menajere dintr-o sursa regenerabila<\/li>\n<\/ol>\n<p>&nbsp;<\/p>\n<p><strong>Rezultate asteptate<\/strong><\/p>\n<ol>\n<li>Un Ambulatoriu de specialitate reabilitat (din cadrul spitalului municipal T\u00e2rgu Secuiesc), modernizat \u0219i dotat cu aparatur\u0103 modern\u0103.<\/li>\n<li>15 cabinete medicale de specialitate \u00eempreun\u0103 cu spa\u021biile de deservire reabilitate, modernizate \u0219i dotate cu aparatur\u0103 de specialitate performante.<\/li>\n<\/ol>\n<p>&nbsp;<\/p>\n<p style=\"text-align: center;\"><strong>COMUNICAT DE PRES\u0102<\/strong><\/p>\n<p><strong>&nbsp;<\/strong><\/p>\n<p><strong>Data public\u0103rii&nbsp; 22.10.2024<\/strong><\/p>\n<p><strong>&nbsp;<\/strong><\/p>\n<p><strong>\u00cencepere proiect &nbsp;<\/strong><strong>\u201e<\/strong><strong>Extinderea \u0219i dotarea infrastructurii ambulatorii \u00een Mun. Tg. Secuiesc \u2013 etapa II<\/strong><strong>\u201d<\/strong><\/p>\n<p>&nbsp;<\/p>\n<p>Proiectul \u201c<strong>Extinderea \u0219i dotarea infrastructurii ambulatorii \u00een Mun. Tg. Secuiesc \u2013 etapa II<\/strong>\u201d, cod MySMIS <strong>324350<\/strong>, finan\u0163at prin <strong>Programul S<\/strong><strong>\u0103n\u0103tate<\/strong><strong> 2021-2027<\/strong>, este implementat de c\u0103tre <strong>UAT Municipiul T\u00e2rgu Secuiesc<\/strong> \u0219i are o valoare total\u0103 de <strong>3.862.037,90<\/strong> lei, din care <strong>3.237.429,15<\/strong> lei reprezint\u0103 finan\u021bare nerambursabil\u0103 din partea UE.&nbsp;Proiectul este prev\u0103zut a se derula \u00een perioada <strong>01.01.2024 \u2013 28.02.2025<\/strong>.<\/p>\n<p>&nbsp;<\/p>\n<p>Obiectivul general al proiectului \u00eel constituie \u00eembunat\u0103\u021birea infrastructurii sanitare, conduc\u00e2nd la cre\u0219terea calit\u0103\u021bii serviciului de s\u0103n\u0103tate \u00een cl\u0103direa ambulatoriului din Municipiului T\u00e2rgu Secuiesc.<\/p>\n<p>&nbsp;<\/p>\n<p>Descarc\u0103 comunicare: <a href=\"http:\/\/www.kezdi.ro\/wp-content\/uploads\/324350-Comunicat_inceput-kezdi.ro_.pdf\" target=\"_blank\" rel=\"noopener\">aici<\/a><\/p>\n<p>&nbsp;<\/p>\n<p style=\"text-align: center;\"><strong>COMUNICAT DE PRES\u0102<\/strong><\/p>\n<p><strong>&nbsp;<\/strong><\/p>\n<p><strong>Data public\u0103rii&nbsp; 21 iulie 2025<\/strong><\/p>\n<p>&nbsp;<\/p>\n<p><strong>Finalizare proiect &nbsp;<\/strong><strong>\u201e<\/strong><strong>Extinderea \u0219i dotarea infrastructurii ambulatorii \u00een Mun. Tg. Secuiesc \u2013 etapa II<\/strong><strong>\u201d<\/strong><\/p>\n<p>&nbsp;<\/p>\n<p>Proiectul \u201c<strong>Extinderea \u0219i dotarea infrastructurii ambulatorii \u00een Mun. Tg. Secuiesc \u2013 etapa II<\/strong>\u201d, cod MySMIS <strong>324350<\/strong>, finan\u0163at prin <strong>Programul S<\/strong><strong>\u0103n\u0103tate<\/strong><strong> 2021-2027<\/strong>, a fost implementat de c\u0103tre <strong>UAT Municipiul T\u00e2rgu Secuiesc<\/strong> cu o valoare total\u0103 de <strong>3.862.037,90<\/strong> lei, din care <strong>3.237.429,15<\/strong> lei reprezint\u0103 finan\u021bare nerambursabil\u0103 din partea UE. Proiectul sa derula \u00een perioada <strong>01.01.2024 \u2013 19.05.2025<\/strong>.<\/p>\n<p>&nbsp;<\/p>\n<p>Obiectivul general al proiectului \u00eel constituie \u00eembunat\u0103\u021birea infrastructurii sanitare, conduc\u00e2nd la cre\u0219terea calit\u0103\u021bii serviciului de s\u0103n\u0103tate \u00een cl\u0103direa ambulatoriului din Municipiului T\u00e2rgu Secuiesc.<\/p>\n<p>&nbsp;<\/p>\n<p>Descarc\u0103 comunicare: <a href=\"http:\/\/www.kezdi.ro\/wp-content\/uploads\/324350-Comunicat_finalizare-kezdi.ro_-1.pdf\" target=\"_blank\" rel=\"noopener\">aici<\/a><\/p>\n","protected":false},"excerpt":{"rendered":"<p>SMIS 324350 &nbsp; EXTINDEREA \u0218I DOTAREA INFRASTRUCTURII AMBULATORII \u00ceN MUN. TG. SECUIESC &nbsp; Proiectul \u201c EXTINDEREA \u0218I DOTAREA INFRASTRUCTURII AMBULATORII \u00ceN MUN. TG. SECUIESC\u201d, cod MySMIS 324350, finan\u021bat prin Programul S\u0103n\u0103tate 2021-2027, este implementat de c\u0103tre Municipiului T\u00e2rgu Secuiesc \u0219i are o valoare total\u0103 de 3.862.037,90 &nbsp;lei, din care 3.732.565,38 lei reprezint\u0103 finan\u021bare nerambursabil\u0103. Programul [&hellip;]<\/p>\n","protected":false},"author":1,"featured_media":0,"parent":0,"menu_order":0,"comment_status":"closed","ping_status":"closed","template":"page-ps.php","meta":{"ngg_post_thumbnail":0,"footnotes":""},"class_list":["post-44656","page","type-page","status-publish","hentry"],"_links":{"self":[{"href":"https:\/\/www.kezdi.ro\/ro\/wp-json\/wp\/v2\/pages\/44656\/"}],"collection":[{"href":"https:\/\/www.kezdi.ro\/ro\/wp-json\/wp\/v2\/pages\/"}],"about":[{"href":"https:\/\/www.kezdi.ro\/ro\/wp-json\/wp\/v2\/types\/page\/"}],"author":[{"embeddable":true,"href":"https:\/\/www.kezdi.ro\/ro\/wp-json\/wp\/v2\/users\/1\/"}],"replies":[{"embeddable":true,"href":"https:\/\/www.kezdi.ro\/ro\/wp-json\/wp\/v2\/comments\/?post=44656"}],"version-history":[{"count":4,"href":"https:\/\/www.kezdi.ro\/ro\/wp-json\/wp\/v2\/pages\/44656\/revisions\/"}],"predecessor-version":[{"id":44695,"href":"https:\/\/www.kezdi.ro\/ro\/wp-json\/wp\/v2\/pages\/44656\/revisions\/44695\/"}],"wp:attachment":[{"href":"https:\/\/www.kezdi.ro\/ro\/wp-json\/wp\/v2\/media\/?parent=44656"}],"curies":[{"name":"wp","href":"https:\/\/api.w.org\/{rel}","templated":true}]}}