{"id":44106,"date":"2025-04-04T15:32:18","date_gmt":"2025-04-04T12:32:18","guid":{"rendered":"https:\/\/www.kezdi.ro\/kozvallalatok\/"},"modified":"2026-02-02T16:03:17","modified_gmt":"2026-02-02T13:03:17","slug":"guvernanta-corporativa","status":"publish","type":"page","link":"https:\/\/www.kezdi.ro\/ro\/guvernanta-corporativa\/","title":{"rendered":"Guvernan\u021ba corporativ\u0103"},"content":{"rendered":"<p><a href=\"\/wp-content\/themes\/kezdi\/dokumentumok\/letoltheto\/2026\/allashirdetes-gosp-com.zip\" target=\"_blank\" rel=\"noopener\">Anun\u021b selec\u021bie pentru ocuparea a dou\u0103 posturi de administrator la Gosp-Com SRL<\/a><\/p>\n<p><a href=\"http:\/\/www.kezdi.ro\/wp-content\/uploads\/Anunt-selectie-CA-Gosp-Com-SRL.pdf\" target=\"_blank\" rel=\"noopener\">Anun\u021b<\/a><\/p>\n<p><a href=\"\/wp-content\/themes\/kezdi\/dokumentumok\/letoltheto\/2025\/kozvallalatok-gosp-com.zip\" target=\"_blank\" rel=\"noopener\">Procedura de selec\u0163ie \u015fi nominalizare a membrilor consiliului de administra\u0163ie GOSP-COM SRL<\/a><\/p>\n<p><a href=\"http:\/\/www.kezdi.ro\/wp-content\/uploads\/Raport-financiar-trimestrul-III.pdf\" target=\"_blank\" rel=\"noopener\">Raport financiar 2025 \/ Trim III<\/a><\/p>\n<p><a href=\"\/wp-content\/themes\/kezdi\/dokumentumok\/letoltheto\/2025\/raport-indicatori-de-performanta-2025-trim2.zip\" target=\"_blank\" rel=\"noopener\">Raport indicatori de performan\u021b\u0103 2025 \/ TRIM. II.<\/a><\/p>\n<p><a href=\"\/wp-content\/themes\/kezdi\/dokumentumok\/letoltheto\/2025\/raport-indicatori-de-performanta-2025.zip\" target=\"_blank\" rel=\"noopener\">Raport indicatori de performan\u021b\u0103 2025 \/ I. TRIM <\/a><\/p>\n<p><a href=\"http:\/\/www.kezdi.ro\/wp-content\/uploads\/Raport-indicatori-2024-GOSP-COM-SRL.pdf\" target=\"_blank\" rel=\"noopener\">Raport indicatori de performan\u021b\u0103&nbsp;2024<\/a><\/p>\n<p><a href=\"http:\/\/www.kezdi.ro\/wp-content\/uploads\/PROIECT-aprobare-componenta-initiala-a-planului-de-selectie.pdf\" target=\"_blank\" rel=\"noopener\">PH aprobare componenta ini\u021bial\u0103 a planului de selec\u021bie<\/a><\/p>\n<p><a href=\"http:\/\/www.kezdi.ro\/wp-content\/uploads\/PROIECT-componenta-initiala-scrisoare-de-asteptari.pdf\" target=\"_blank\" rel=\"noopener\">PROIECT componenta ini\u021bial\u0103 \u0219i scrisoare de a\u0219tept\u0103ri<\/a><\/p>\n<p><a href=\"http:\/\/www.kezdi.ro\/wp-content\/uploads\/Declansarea-procedurii-de-selectie.pdf\" target=\"_blank\" rel=\"noopener\">Declansare procedura de selec\u021bie<\/a><\/p>\n<p><a href=\"\/wp-content\/themes\/kezdi\/dokumentumok\/letoltheto\/2025\/societatii-parcuri-industriale.zip\" target=\"_blank\" rel=\"noopener\">Procedura necesar\u0103 pentru selec\u021bia \u0219i numirea consiliului de conducere al Societ\u0103\u021bii Parcuri Industriale SRL<\/a><\/p>\n<p><a href=\"http:\/\/www.kezdi.ro\/wp-content\/uploads\/Anunt-selectie-Parcuri-Industriale-Tg-Sec.pdf\" target=\"_blank\" rel=\"noopener\">Anun\u021b selec\u021bie Parcuri Industriale SRL<\/a><\/p>\n<p><a href=\"http:\/\/www.kezdi.ro\/wp-content\/uploads\/Instructiuni-anunt-selectie-CA-Parcuri-Industriale-Tg-S.pdf\" target=\"_blank\" rel=\"noopener\">Instruc\u021biuni anun\u021b selec\u021bie Parcuri Industriale SRL<\/a><\/p>\n","protected":false},"excerpt":{"rendered":"<p>Anun\u021b selec\u021bie pentru ocuparea a dou\u0103 posturi de administrator la Gosp-Com SRL Anun\u021b Procedura de selec\u0163ie \u015fi nominalizare a membrilor consiliului de administra\u0163ie GOSP-COM SRL Raport financiar 2025 \/ Trim III Raport indicatori de performan\u021b\u0103 2025 \/ TRIM. II. Raport indicatori de performan\u021b\u0103 2025 \/ I. TRIM Raport indicatori de performan\u021b\u0103&nbsp;2024 PH aprobare componenta ini\u021bial\u0103 [&hellip;]<\/p>\n","protected":false},"author":1,"featured_media":0,"parent":0,"menu_order":0,"comment_status":"closed","ping_status":"closed","template":"","meta":{"ngg_post_thumbnail":0,"footnotes":""},"class_list":["post-44106","page","type-page","status-publish","hentry"],"_links":{"self":[{"href":"https:\/\/www.kezdi.ro\/ro\/wp-json\/wp\/v2\/pages\/44106\/"}],"collection":[{"href":"https:\/\/www.kezdi.ro\/ro\/wp-json\/wp\/v2\/pages\/"}],"about":[{"href":"https:\/\/www.kezdi.ro\/ro\/wp-json\/wp\/v2\/types\/page\/"}],"author":[{"embeddable":true,"href":"https:\/\/www.kezdi.ro\/ro\/wp-json\/wp\/v2\/users\/1\/"}],"replies":[{"embeddable":true,"href":"https:\/\/www.kezdi.ro\/ro\/wp-json\/wp\/v2\/comments\/?post=44106"}],"version-history":[{"count":10,"href":"https:\/\/www.kezdi.ro\/ro\/wp-json\/wp\/v2\/pages\/44106\/revisions\/"}],"predecessor-version":[{"id":45653,"href":"https:\/\/www.kezdi.ro\/ro\/wp-json\/wp\/v2\/pages\/44106\/revisions\/45653\/"}],"wp:attachment":[{"href":"https:\/\/www.kezdi.ro\/ro\/wp-json\/wp\/v2\/media\/?parent=44106"}],"curies":[{"name":"wp","href":"https:\/\/api.w.org\/{rel}","templated":true}]}}