{"id":43454,"date":"2024-11-25T12:46:44","date_gmt":"2024-11-25T09:46:44","guid":{"rendered":"https:\/\/www.kezdi.ro\/?page_id=43454"},"modified":"2025-12-15T15:59:31","modified_gmt":"2025-12-15T12:59:31","slug":"programul-regiunea-centru-2021-2027","status":"publish","type":"page","link":"https:\/\/www.kezdi.ro\/ro\/programul-regiunea-centru-2021-2027\/","title":{"rendered":"Programul Regiunea Centru 2021-2027"},"content":{"rendered":"<p><strong>SMIS 325886<\/strong><\/p>\n<h2><strong>Reabilitarea, extinderea \u0219i dotarea Liceului Tehnologic Apor Peter din Municipiul T\u00e2rgu Secuiesc &#8211; etapa II<\/strong><\/h2>\n<p>&nbsp;<\/p>\n<p><strong>Scopul proiectului<\/strong>: Modernizarea, reabilitarea \u0219i echiparea infrastructurii educa\u021bionale aferente Liceului Tehnologic Apor Peter din municipiul T\u00e2rgu Secuiesc.<\/p>\n<p>&nbsp;<\/p>\n<p><strong>Beneficiar<\/strong>: UAT MUNICIPIUL T\u00c2RGU SECUIESC<\/p>\n<p>&nbsp;<\/p>\n<p><strong>Perioada de implementare<\/strong>: 16.07.2024-16.01.2028<\/p>\n<p>&nbsp;<\/p>\n<p><img loading=\"lazy\" decoding=\"async\" class=\"alignleft size-full wp-image-43457\" src=\"http:\/\/www.kezdi.ro\/wp-content\/uploads\/simis-325886.png\" alt=\"\" width=\"629\" height=\"93\" srcset=\"https:\/\/www.kezdi.ro\/wp-content\/uploads\/simis-325886.png 629w, https:\/\/www.kezdi.ro\/wp-content\/uploads\/simis-325886-180x27.png 180w\" sizes=\"auto, (max-width: 629px) 100vw, 629px\" \/><\/p>\n<p>&nbsp;<\/p>\n<p>Rezumat proiect \u0219i activit\u0103\u021bi:<\/p>\n<p>&nbsp;<\/p>\n<p>Obiectivul general al proiectului const\u0103 \u00een cre\u0219terea gradului de participare \u00een \u00eenv\u0103\u021b\u0103m\u00e2ntul profesional \u0219i tehnic prin modernizarea, reabilitarea \u0219i echiparea infrastructurii educa\u021bionale aferente Liceului Tehnologic Apor Peter din municipiul T\u00e2rgu Secuiesc.<\/p>\n<p>&nbsp;<\/p>\n<p>Obiectivul general al proiectului va putea fi atins doar prin realizarea obiectivelor specifice de mai jos:<\/p>\n<p>&nbsp;<\/p>\n<p>\u00cembun\u0103t\u0103\u021birea condi\u021biilor de desf\u0103\u0219urare a procesului educa\u021bional prin dotarea cl\u0103dirilor Liceului Tehnologic Apor Peter cu mobilier de calitate, echipamente IT \u0219i echipamente didactice, acestea facilit\u00e2nd modul de desf\u0103\u0219urare a activit\u0103\u021bilor de curs \u0219i a celor practice.<\/p>\n<p>&nbsp;<\/p>\n<p>Cre\u0219terea gradului de formare profesional\u0103 \u00eentr-unul din domeniile cu cea mai ridicat\u0103 pondere a cererii poten\u021biale de la nivelul regiunii Centru (mecanic\u0103) prin \u00eenfiin\u021barea ateleriului didactic de mecanic\u0103 auto \u0219i a atelierului de l\u0103c\u0103tu\u0219erie \u0219i dotarea acestora cu echipamente \u0219i dot\u0103ri care s\u0103 contribuie la \u00eembun\u0103t\u0103\u021birea modului de desf\u0103\u0219urare a activit\u0103\u021bilor practice.<\/p>\n<p>&nbsp;<\/p>\n<p>Cre\u0219terea gradului de confort \u00een interiorul copurilor de cl\u0103dire prin realizarea de lucr\u0103ri de termoizolare, respectiv eficientizarea iluminatului interior. Aceste lucr\u0103ri vor contribui implicit \u0219i la cre\u0219terea eficien\u021bei energetice \u0219i sc\u0103derea emisiilor de CO2, cu impact pozitiv asupra mediului \u00eenconjur\u0103tor.<\/p>\n<p>&nbsp;<\/p>\n<p>Adaptarea infrastructurii pentru facilitarea accesului persoanelor cu dizabilit\u0103\u021bi \u00een interiorul cl\u0103dirii \u0219i \u00eenfiin\u021barea de grupuri sanitare destinate nevoilor acestora.<\/p>\n<p>&nbsp;<\/p>\n<p>Investi\u021bia propus\u0103 prin prezentul proiect prevede modernizarea, reabilitarea \u0219i echiparea corpurilor de cl\u0103dire C1, C2, C3 \u0219i C4 aferente Liceului Tehnologic Apor Peter \u0219i construirea unui corp nou de cl\u0103dire, corpul C10, pentru amenajaera unui atelier de mecanic\u0103 auto. De asemenea, se propun \u0219i lucr\u0103ri de amenaj\u0103ri exterioare pe amplasamentul proiectului identificat prin extrasul de carte funciar\u0103 26689, num\u0103r cadastral 26689.<\/p>\n<p>&nbsp;<\/p>\n<p>Principalele activit\u0103\u021bi si lucr\u0103ri de interven\u021bie aferente investi\u021biei de baz\u0103 realizate \u00een etapa I: &#8211; Lucr\u0103ri aferente asigur\u0103rii utilit\u0103\u021bilor necesare obiectivului: re\u021bea exterioar\u0103 ap\u0103-canal, re\u021bea exterioar\u0103 instala\u021bii electrice; &#8211; Lucr\u0103ri Corp C1: arhitectur\u0103 subsol, arhitectur\u0103 parter, arhitectur\u0103 etaj, arhitectur\u0103 pod+\u0219arpant\u0103, arhitectur\u0103 lucr\u0103ri exterioare, instala\u021bii electrice interioare, curen\u021bi slabi, detec\u021bie \u0219i avertizare la incendiu, sanitare \u0219i termice interioare, demol\u0103ri \u0219i desfaceri, dezafectare instala\u021bii vechi. &#8211; Lucr\u0103ri Corp C10 infrastructur\u0103, suprastructur\u0103. &#8211; Lucr\u0103ri Corp C2: &#8211; arhitectur\u0103, instala\u021bii sanitare \u0219i termice, demol\u0103ri \u0219i desfaceri. &#8211; Lucr\u0103ri pentru organizarea de \u0219antier. &#8211; Lucr\u0103ri rezervor \u0219i sta\u021bie de pompare.<\/p>\n<p>&nbsp;<\/p>\n<p>Principalele activit\u0103\u021bi si lucr\u0103ri de interven\u021bie propuse \u00een etapa II: &#8211; Lucr\u0103ri arhitectur\u0103 Corpuri C1, C10, C2, C3, C4; &#8211; Lucr\u0103ri demol\u0103ri \u0219i desfaceri; &#8211; Lucr\u0103ri dezafectare instala\u021bii vechi; &#8211; Lucr\u0103ri amenaj\u0103ri exterioare: platforme, alei, zone verzi, pavaj, beton gril\u0103, \u00eemprejmuire teren sport, montare mobilier urban.<\/p>\n<p>&nbsp;<\/p>\n<p>Interven\u021biile\/activit\u0103\u0163ile c\u0103rora le corespund cheltuieli \u00eencadrate \u00een categoria cheltuielilor neeligibile: &#8211; Cheltuieli pentru asigurarea utilit\u0103\u0163ilor necesare obiectivului; &#8211; Construc\u021bii \u0219i instala\u021bii: arhitectur\u0103, instala\u021bii, amenaj\u0103ri exterioare; &#8211; Lucr\u0103ri de construc\u0163ii \u015fi instala\u0163ii aferente organiz\u0103rii de \u015fantier; &#8211; Cheltuieli conexe organiz\u0103rii \u015fantierului; &#8211; Cheltuieli pentru ajust\u0103ri de pre\u021b lucr\u0103ri de construc\u021bie.<\/p>\n<hr>\n<p><strong>SMIS 326379<\/strong><\/p>\n<h2>\u00cembun\u0103t\u0103\u021birea calitatii vietii populatiei din Municipiul T\u00e2rgu Secuiesc<\/h2>\n<p>&nbsp;<\/p>\n<p><strong>Scopul proiectului: <\/strong>Obiectivul general al proiectului consta in \u00eembunatatirea calitatii vietii locuitorilor din Mun. Targu Secuiesc, mai exact imbunatatirea serviciilor culturale, recreative si a spatiilor publice urbane.<\/p>\n<p>&nbsp;<\/p>\n<p><strong>Beneficiar: <\/strong><strong>UAT Municipiul T\u00e2rgu Secuiesc<\/strong><\/p>\n<p>&nbsp;<\/p>\n<p><strong>Perioada de implementare: 29.07.2024 &#8211; 29.01.2026<\/strong><\/p>\n<p>&nbsp;<\/p>\n<table width=\"100%\">\n<tbody>\n<tr>\n<td width=\"50%\"><strong>Valoarea total\u0103 a proiectului (Lei)<\/strong><\/p>\n<p><strong>14.473.655,72<\/strong><\/td>\n<td width=\"50%\"><strong>Valoarea cofinan\u021b\u0103rii UE (lei)<\/strong><\/p>\n<p><strong>8.372.047,00<\/strong><\/td>\n<\/tr>\n<\/tbody>\n<\/table>\n<p>&nbsp;<\/p>\n<p><strong>Rezumat proiect \u0219i activit\u0103\u021bi:<\/strong><\/p>\n<p>&nbsp;<\/p>\n<p>Obiectivul general al proiectului prezent consta in \u00eembunatatirea calitatii vietii locuitorilor din Mun. Targu Secuiesc, mai exact imbunatatirea serviciilor culturale, recreative si a spatiilor publice urbane. Indeplinirea acestui obiectiv va duce la: dezvoltarea atractivitatii municipiului pentru locuitorii sai, cat si pentru vizitatori si navetisti, stimularea populatiei municipiului de a petrece timpul in aer liber, stimularea deplasarii nemotorizate (pe jos sau cu bicicleta), stimularea implicarii locuitorilor in activitati culturale, care vor contribui la dezvoltarea relatiilor interpersonale, dezvoltarea capacitatii de integrare, mai ales pentru persoanele care provin din grupuri vulnerabile si cresterea numarului de vizitatori anuali. Implementarea prezentului proiect conduce la cresterea standardelor de viata in cadrul mun Targu Secuiesc prin imbunatatirea ofertei culturale datorita infiintarii Centrului Cultural,prin imbunatatirea conditiilor de locuire pentru locuitorii Municipiului prin crearea unui spatiu verde prin amenajarea parcului. In vederea asigurarii dezvoltarii echilibrate si pentru cresterea atractivitatii mun Targu Secuiesc prezentul proiect are o abordare integrata a problemelor si propune o abordare integrata la nivelul solutiilor identificate. Acest aspect este reflectat de faptul ca proiectul urmareste concomitent imbunatatirea serviciilor culturale precum si imbunatatirea spatiilor publice urbane din Mun Targu Secuiesc, ceea ce va conduce la imbunatatirea vietii locuitorilor in general.<\/p>\n<p>&nbsp;<\/p>\n<p>Pentru a imbunatatii calitatea vietii locuitorilor municipiului, primaria trebuie sa asigure atat spatii noi pentru desfasurarea activitatilor culturale si evenimentelor culturale, cat si spatii verzi pentru activitatile in aer liber si pentru deplasarile nemotorizate in natura. Astfel, sunt acoperite nevoile culturale si sociale a tuturor categoriilor de varsta, de la copii la oameni in varsta si ambele investitii actioneaza integrat asupra asigurarii confortului locuitorilor si stoparea migrarii populatiei spre orase mai mari. Dezvoltarea urbana este un proces complex compus din mai multi factori, in cazul de fata reabilitarea unui monument istoric si amenajarea unei zone de agrement, care actioneaza integrat asupra imbunatatirii calitatii vietii populatiei in municipiul Targu Secuiesc. Se urmareste, concomitent, imbunatatirea serviciilor culturale si recreative, precum si imbunatatirea spatiului public urban cu implicatii asupra imbunatatirii vietii populatiei municipiului Targu Secuiesc. Avantajul abordarii integrate a ambelor activitati este reprezentat de faptul ca municipiul Targu Secuiesc poate solutiona simultan mai multe cerinte si necesitati ale populatiei, intre care exista relatii de interdependenta si astfel se contribuie la indeplinirea viziunii de dezvoltare a municipiului.<\/p>\n<p>&nbsp;<\/p>\n<p>Rezultate asteptate:<\/p>\n<ol>\n<li>Numar cladiri publice modernizate in cadrul prezentului proiect: 1 cladire (Centrul cultural)<\/li>\n<li>Nr parcuri reabilitate:1 (Suprafata spatii verzi reabilitate: 947 m.)<\/li>\n<li>Nivel crescut de atractivitate a Municipiului, respectiv Numarul persoanelor care beneficiaza de modernizarea cladirii publice-centrul cultural si a zonei verzi &#8211; parcul.<\/li>\n<\/ol>\n<hr>\n<p><strong>SMIS 335350<\/strong><\/p>\n<h2><strong>Dezvoltarea infrastructurii verzi a Municipiul T\u00e2rgu Secuiesc, Investi\u021bii \u00een infrastructura verde \u0219i albastr\u0103<\/strong><\/h2>\n<p>&nbsp;<\/p>\n<p><strong>Scopul proiectului:<\/strong> Contribuirea la tranzi\u021bia c\u0103tre un mediu urban mai verde \u0219i rezilient \u00een Municipiul T\u00e2rgu Secuiesc, prin regenerarea infrastructurii verzi \u0219i conservarea biodiversit\u0103\u021bii locale, \u00een conformitate cu obiectivele europene.<\/p>\n<p>&nbsp;<\/p>\n<p><strong>Beneficiar:<\/strong> UAT MUNICIPIUL T\u00c2RGU SECUIESC<\/p>\n<p>&nbsp;<\/p>\n<p><strong>Perioada de implementare:<\/strong> 29.08.2025 &#8211; 29.04.2028<\/p>\n<p>&nbsp;<\/p>\n<table>\n<tbody>\n<tr>\n<td width=\"301\"><strong>Valoarea total\u0103 a proiectului (Lei)<\/strong><\/td>\n<td width=\"301\"><strong>Valoarea cofinan\u021b\u0103rii UE (lei)<\/strong><\/td>\n<\/tr>\n<tr>\n<td width=\"301\"><strong>9.888.072,80<\/strong><\/td>\n<td width=\"301\"><strong>7.188.830,13<\/strong><\/td>\n<\/tr>\n<\/tbody>\n<\/table>\n<p>&nbsp;<\/p>\n<p><strong>Rezumat proiect \u0219i activit\u0103\u021bi:<\/strong><\/p>\n<p>Proiectul \u201eDezvoltarea infrastructurii verzi a Municipiului T\u00e2rgu Secuiesc. Investi\u021bii \u00een infrastructura verde \u2013 albastr\u0103\u201d are ca obiectiv principal \u00eembun\u0103t\u0103\u021birea mediului urban \u0219i cre\u0219terea calit\u0103\u021bii vie\u021bii prin regenerarea infrastructurii verzi \u0219i albastre. Investi\u021bia urm\u0103re\u0219te reabilitarea, extinderea \u0219i modernizarea a 19.052,50 m\u00b2, integr\u00e2nd elemente de infrastructur\u0103 verde \u0219i albastr\u0103, cu scopul de a sprijini biodiversitatea, de a \u00eembun\u0103t\u0103\u021bi calitatea mediului urban \u0219i de a crea un spa\u021biu modern de recreere \u0219i socializare pentru comunitatea local\u0103. \u00cen contextul urban actual, municipiul se confrunt\u0103 cu un deficit semnificativ de spa\u021bii verzi, av\u00e2nd o medie de 18,6 mp de spa\u021biu verde per locuitor, sub nivelul recomandat de Comisia European\u0103 de 26 mp\/capita. Acest deficit are un impact negativ asupra calit\u0103\u021bii vie\u021bii locuitorilor, asupra s\u0103n\u0103t\u0103\u021bii publice \u0219i asupra mediului \u00eenconjur\u0103tor. Proiectul de regenerare a parcului va contribui direct la \u00eembun\u0103t\u0103\u021birea acestei situa\u021bii, prin extinderea \u0219i modernizarea infrastructurii verzi, cu scopul de a crea un mediu urban mai sustenabil, s\u0103n\u0103tos \u0219i pl\u0103cut pentru locuitori. Regenerarea parcului va duce o serie de beneficii precum: cre\u0219terea suprafe\u021bei verzi, reducerea polu\u0103rii, \u00eembun\u0103t\u0103\u021birea calit\u0103\u021bii aerului \u0219i reducerea efectelor negative ale insulelor de c\u0103ldur\u0103 urban\u0103. \u00cen plus, dezvoltarea unor noi facilit\u0103\u021bi de recreere \u0219i integrarea vegeta\u021biei adaptate la schimb\u0103rile climatice vor oferi un spa\u021biu sigur \u0219i atr\u0103g\u0103tor pentru activit\u0103\u021bile sociale \u0219i recreative, promov\u00e2nd astfel s\u0103n\u0103tatea \u0219i bun\u0103starea cet\u0103\u021benilor. De asemenea prin proiect se va derula o campanie de con\u0219tientizare a popula\u021biei cu privire la impactul pozitiv pe care \u00eel va avea proiectului asupra comunit\u0103\u021bii. Proiectul va include activit\u0103\u021bi de cooperare interna\u021bional\u0103 \u00een vederea dezvolt\u0103rii de modele \u0219i bune practici de dezvoltare, \u00eentre\u021binere \u0219i promovare a investi\u021biilor \u00een infrastructur\u0103 vedere-albastr\u0103 \u00een zona SUERD.<\/p>\n","protected":false},"excerpt":{"rendered":"<p>SMIS 325886 Reabilitarea, extinderea \u0219i dotarea Liceului Tehnologic Apor Peter din Municipiul T\u00e2rgu Secuiesc &#8211; etapa II &nbsp; Scopul proiectului: Modernizarea, reabilitarea \u0219i echiparea infrastructurii educa\u021bionale aferente Liceului Tehnologic Apor Peter din municipiul T\u00e2rgu Secuiesc. &nbsp; Beneficiar: UAT MUNICIPIUL T\u00c2RGU SECUIESC &nbsp; Perioada de implementare: 16.07.2024-16.01.2028 &nbsp; &nbsp; Rezumat proiect \u0219i activit\u0103\u021bi: &nbsp; Obiectivul general [&hellip;]<\/p>\n","protected":false},"author":1,"featured_media":0,"parent":0,"menu_order":0,"comment_status":"closed","ping_status":"closed","template":"page-regio.php","meta":{"ngg_post_thumbnail":0,"footnotes":""},"class_list":["post-43454","page","type-page","status-publish","hentry"],"_links":{"self":[{"href":"https:\/\/www.kezdi.ro\/ro\/wp-json\/wp\/v2\/pages\/43454\/"}],"collection":[{"href":"https:\/\/www.kezdi.ro\/ro\/wp-json\/wp\/v2\/pages\/"}],"about":[{"href":"https:\/\/www.kezdi.ro\/ro\/wp-json\/wp\/v2\/types\/page\/"}],"author":[{"embeddable":true,"href":"https:\/\/www.kezdi.ro\/ro\/wp-json\/wp\/v2\/users\/1\/"}],"replies":[{"embeddable":true,"href":"https:\/\/www.kezdi.ro\/ro\/wp-json\/wp\/v2\/comments\/?post=43454"}],"version-history":[{"count":11,"href":"https:\/\/www.kezdi.ro\/ro\/wp-json\/wp\/v2\/pages\/43454\/revisions\/"}],"predecessor-version":[{"id":45508,"href":"https:\/\/www.kezdi.ro\/ro\/wp-json\/wp\/v2\/pages\/43454\/revisions\/45508\/"}],"wp:attachment":[{"href":"https:\/\/www.kezdi.ro\/ro\/wp-json\/wp\/v2\/media\/?parent=43454"}],"curies":[{"name":"wp","href":"https:\/\/api.w.org\/{rel}","templated":true}]}}