{"id":43315,"date":"2024-11-18T16:05:01","date_gmt":"2024-11-18T13:05:01","guid":{"rendered":"https:\/\/www.kezdi.ro\/voloncs-maria-terezia\/"},"modified":"2025-08-14T12:19:08","modified_gmt":"2025-08-14T09:19:08","slug":"voloncs-maria-terezia","status":"publish","type":"page","link":"https:\/\/www.kezdi.ro\/ro\/voloncs-maria-terezia\/","title":{"rendered":"Voloncs M\u00e1ria-Ter\u00e9zia"},"content":{"rendered":"<div class=\"profil\">\n<p><img loading=\"lazy\" decoding=\"async\" class=\"alignnone size-medium wp-image-43345\" src=\"http:\/\/www.kezdi.ro\/wp-content\/uploads\/voloncs-maria-320x480.jpg\" alt=\"\" width=\"320\" height=\"480\" srcset=\"https:\/\/www.kezdi.ro\/wp-content\/uploads\/voloncs-maria-320x480.jpg 320w, https:\/\/www.kezdi.ro\/wp-content\/uploads\/voloncs-maria-120x180.jpg 120w, https:\/\/www.kezdi.ro\/wp-content\/uploads\/voloncs-maria-80x120.jpg 80w, https:\/\/www.kezdi.ro\/wp-content\/uploads\/voloncs-maria.jpg 400w\" sizes=\"auto, (max-width: 320px) 100vw, 320px\" \/><\/p>\n<p>&nbsp;<\/p>\n<div class=\"profil-title\">\n<p><strong>Consilier local<br \/>\nUniunea Democrat\u0103 Maghiar\u0103 din Rom\u00e2nia<br \/>\nPre\u0219edinte \/ Comisia pentru \u00eenv\u0103\u0163\u0103m\u00e2nt, cultur\u0103, tineret \u015fi sport <\/strong><\/p>\n<\/div>\n<div class=\"profil-description\">\n<p>&nbsp;<\/p>\n<p>Data na\u0219terii: 3 ianuarie 1972<br \/>\nOcupa\u021bia: director, profesoar\u0103 de matematic\u0103<br \/>\nAudien\u021b\u0103: mar\u021bi, de la ora 14.00 \/&nbsp;<strong><em>programare la adresa de e-mail&nbsp;<a href=\"mailto:presskezdi@gmail.com\">presskezdi@gmail.com<\/a>, sau la nr. de telefon 0726233518<\/em><\/strong><\/p>\n<p>&nbsp;<\/p>\n<p><a href=\"https:\/\/www.kezdi.ro\/wp-content\/themes\/kezdi\/dokumentumok\/vagyonnyilatkozatok\/2024\/tanacsosok\/Voloncs Maria-Terezia.pdf\" target=\"_blank\" rel=\"noopener noreferrer\">Declara\u021bii de avere 2024<\/a><\/p>\n<p><a href=\"https:\/\/www.kezdi.ro\/wp-content\/themes\/kezdi\/dokumentumok\/erdeknyilatkozatok\/2024\/tanacsosok\/Voloncs Maria-Terezia.pdf\" target=\"_blank\" rel=\"noopener noreferrer\">Declara\u021bii de interes 2024<\/a><\/p>\n<\/div>\n<\/div>\n","protected":false},"excerpt":{"rendered":"<p>&nbsp; Consilier local Uniunea Democrat\u0103 Maghiar\u0103 din Rom\u00e2nia Pre\u0219edinte \/ Comisia pentru \u00eenv\u0103\u0163\u0103m\u00e2nt, cultur\u0103, tineret \u015fi sport &nbsp; Data na\u0219terii: 3 ianuarie 1972 Ocupa\u021bia: director, profesoar\u0103 de matematic\u0103 Audien\u021b\u0103: mar\u021bi, de la ora 14.00 \/&nbsp;programare la adresa de e-mail&nbsp;presskezdi@gmail.com, sau la nr. de telefon 0726233518 &nbsp; Declara\u021bii de avere 2024 Declara\u021bii de interes 2024<\/p>\n","protected":false},"author":1,"featured_media":0,"parent":0,"menu_order":0,"comment_status":"closed","ping_status":"closed","template":"","meta":{"ngg_post_thumbnail":0,"footnotes":""},"class_list":["post-43315","page","type-page","status-publish","hentry"],"_links":{"self":[{"href":"https:\/\/www.kezdi.ro\/ro\/wp-json\/wp\/v2\/pages\/43315\/"}],"collection":[{"href":"https:\/\/www.kezdi.ro\/ro\/wp-json\/wp\/v2\/pages\/"}],"about":[{"href":"https:\/\/www.kezdi.ro\/ro\/wp-json\/wp\/v2\/types\/page\/"}],"author":[{"embeddable":true,"href":"https:\/\/www.kezdi.ro\/ro\/wp-json\/wp\/v2\/users\/1\/"}],"replies":[{"embeddable":true,"href":"https:\/\/www.kezdi.ro\/ro\/wp-json\/wp\/v2\/comments\/?post=43315"}],"version-history":[{"count":8,"href":"https:\/\/www.kezdi.ro\/ro\/wp-json\/wp\/v2\/pages\/43315\/revisions\/"}],"predecessor-version":[{"id":44756,"href":"https:\/\/www.kezdi.ro\/ro\/wp-json\/wp\/v2\/pages\/43315\/revisions\/44756\/"}],"wp:attachment":[{"href":"https:\/\/www.kezdi.ro\/ro\/wp-json\/wp\/v2\/media\/?parent=43315"}],"curies":[{"name":"wp","href":"https:\/\/api.w.org\/{rel}","templated":true}]}}