{"id":43299,"date":"2024-11-18T16:03:02","date_gmt":"2024-11-18T13:03:02","guid":{"rendered":"https:\/\/www.kezdi.ro\/olah-istvan\/"},"modified":"2025-08-14T12:11:55","modified_gmt":"2025-08-14T09:11:55","slug":"olah-istvan","status":"publish","type":"page","link":"https:\/\/www.kezdi.ro\/ro\/olah-istvan\/","title":{"rendered":"Ol\u00e1h Istv\u00e1n"},"content":{"rendered":"<div class=\"profil\">\n<p><img loading=\"lazy\" decoding=\"async\" class=\"alignnone size-medium wp-image-43329\" src=\"http:\/\/www.kezdi.ro\/wp-content\/uploads\/olah-istvan-320x480.jpg\" alt=\"\" width=\"320\" height=\"480\" srcset=\"https:\/\/www.kezdi.ro\/wp-content\/uploads\/olah-istvan-320x480.jpg 320w, https:\/\/www.kezdi.ro\/wp-content\/uploads\/olah-istvan-120x180.jpg 120w, https:\/\/www.kezdi.ro\/wp-content\/uploads\/olah-istvan-80x120.jpg 80w, https:\/\/www.kezdi.ro\/wp-content\/uploads\/olah-istvan.jpg 400w\" sizes=\"auto, (max-width: 320px) 100vw, 320px\" \/><\/p>\n<p>&nbsp;<\/p>\n<div class=\"profil-title\">\n<p><strong>Consilier local<br \/>\nUniunea Democrat\u0103 Maghiar\u0103 din Rom\u00e2nia<br \/>\nPre\u0219edinte \/ Comisia economic\u0103 \u015fi juridic\u0103; Membru, Comisia pentru \u00eenv\u0103\u0163\u0103m\u00e2nt, cultur\u0103, tineret \u015fi sport<\/strong><\/p>\n<\/div>\n<div class=\"profil-description\">\n<p>&nbsp;<\/p>\n<p>Data na\u0219terii: 1993. \u00e1prilis 5.<br \/>\nOcupa\u021bia: jurist<br \/>\nAudien\u021b\u0103: vineri, de la ora 14.00 \/&nbsp;<strong><em>programare la adresa de e-mail&nbsp;<a href=\"mailto:presskezdi@gmail.com\">presskezdi@gmail.com<\/a>, sau la nr. de telefon 0726233518<\/em><\/strong><\/p>\n<p>&nbsp;<\/p>\n<p><a href=\"https:\/\/www.kezdi.ro\/wp-content\/themes\/kezdi\/dokumentumok\/vagyonnyilatkozatok\/2024\/tanacsosok\/Olah Istvan.pdf\" target=\"_blank\" rel=\"noopener noreferrer\">Declara\u021bii de avere 2024<\/a><\/p>\n<p><a href=\"https:\/\/www.kezdi.ro\/wp-content\/themes\/kezdi\/dokumentumok\/erdeknyilatkozatok\/2024\/tanacsosok\/Olah Istvan.pdf\" target=\"_blank\" rel=\"noopener noreferrer\">Declara\u021bii de interes 2024<\/a><\/p>\n<\/div>\n<\/div>\n","protected":false},"excerpt":{"rendered":"<p>&nbsp; Consilier local Uniunea Democrat\u0103 Maghiar\u0103 din Rom\u00e2nia Pre\u0219edinte \/ Comisia economic\u0103 \u015fi juridic\u0103; Membru, Comisia pentru \u00eenv\u0103\u0163\u0103m\u00e2nt, cultur\u0103, tineret \u015fi sport &nbsp; Data na\u0219terii: 1993. \u00e1prilis 5. Ocupa\u021bia: jurist Audien\u021b\u0103: vineri, de la ora 14.00 \/&nbsp;programare la adresa de e-mail&nbsp;presskezdi@gmail.com, sau la nr. de telefon 0726233518 &nbsp; Declara\u021bii de avere 2024 Declara\u021bii de interes [&hellip;]<\/p>\n","protected":false},"author":1,"featured_media":0,"parent":0,"menu_order":0,"comment_status":"closed","ping_status":"closed","template":"","meta":{"ngg_post_thumbnail":0,"footnotes":""},"class_list":["post-43299","page","type-page","status-publish","hentry"],"_links":{"self":[{"href":"https:\/\/www.kezdi.ro\/ro\/wp-json\/wp\/v2\/pages\/43299\/"}],"collection":[{"href":"https:\/\/www.kezdi.ro\/ro\/wp-json\/wp\/v2\/pages\/"}],"about":[{"href":"https:\/\/www.kezdi.ro\/ro\/wp-json\/wp\/v2\/types\/page\/"}],"author":[{"embeddable":true,"href":"https:\/\/www.kezdi.ro\/ro\/wp-json\/wp\/v2\/users\/1\/"}],"replies":[{"embeddable":true,"href":"https:\/\/www.kezdi.ro\/ro\/wp-json\/wp\/v2\/comments\/?post=43299"}],"version-history":[{"count":6,"href":"https:\/\/www.kezdi.ro\/ro\/wp-json\/wp\/v2\/pages\/43299\/revisions\/"}],"predecessor-version":[{"id":44746,"href":"https:\/\/www.kezdi.ro\/ro\/wp-json\/wp\/v2\/pages\/43299\/revisions\/44746\/"}],"wp:attachment":[{"href":"https:\/\/www.kezdi.ro\/ro\/wp-json\/wp\/v2\/media\/?parent=43299"}],"curies":[{"name":"wp","href":"https:\/\/api.w.org\/{rel}","templated":true}]}}