{"id":43271,"date":"2024-11-18T15:15:53","date_gmt":"2024-11-18T12:15:53","guid":{"rendered":"https:\/\/www.kezdi.ro\/farkas-hunor-pal\/"},"modified":"2025-10-08T17:13:41","modified_gmt":"2025-10-08T14:13:41","slug":"farkas-hunor-pal","status":"publish","type":"page","link":"https:\/\/www.kezdi.ro\/ro\/farkas-hunor-pal\/","title":{"rendered":"Farkas Hunor-P\u00e1l"},"content":{"rendered":"<div class=\"profil\">\n<p><img loading=\"lazy\" decoding=\"async\" class=\"alignnone size-medium wp-image-43274\" src=\"http:\/\/www.kezdi.ro\/wp-content\/uploads\/farkas-hunor-pal-320x480.jpg\" alt=\"\" width=\"320\" height=\"480\" srcset=\"https:\/\/www.kezdi.ro\/wp-content\/uploads\/farkas-hunor-pal-320x480.jpg 320w, https:\/\/www.kezdi.ro\/wp-content\/uploads\/farkas-hunor-pal-120x180.jpg 120w, https:\/\/www.kezdi.ro\/wp-content\/uploads\/farkas-hunor-pal-80x120.jpg 80w, https:\/\/www.kezdi.ro\/wp-content\/uploads\/farkas-hunor-pal.jpg 400w\" sizes=\"auto, (max-width: 320px) 100vw, 320px\" \/><\/p>\n<p>&nbsp;<\/p>\n<div class=\"profil-title\">\n<p><strong>Consilier local<br \/>\n<\/strong><\/p>\n<p><strong>Uniunea Democrat\u0103 Maghiar\u0103 din Rom\u00e2nia<br \/>\n<\/strong><\/p>\n<p><strong>Membru \/ Comisia pentru s\u0103n\u0103tate \u015fi protec\u0163ie social\u0103<\/strong><\/p>\n<p>&nbsp;<\/p>\n<\/div>\n<p class=\"profil-description\"><span style=\"font-size: 12pt;\">Data na\u0219terii: 10 august 1985<\/span><\/p>\n<\/div>\n<div class=\"profil\">\n<p class=\"profil-description\"><span style=\"font-size: 12pt;\">Ocupa\u021bia: medic specialist gastroenterologie<\/span><\/p>\n<p class=\"profil-description\"><span style=\"font-size: 12pt;\">Audien\u021b\u0103: luni, de la ora 14.00<\/span><\/p>\n<div class=\"profil-description\">\n<p>&nbsp;<\/p>\n<p><a href=\"https:\/\/www.kezdi.ro\/wp-content\/themes\/kezdi\/dokumentumok\/vagyonnyilatkozatok\/2024\/tanacsosok\/Farkas Hunor-Pal.pdf\" target=\"_blank\" rel=\"noopener noreferrer\">Declara\u021bii de avere 2024<\/a><\/p>\n<p><a href=\"https:\/\/www.kezdi.ro\/wp-content\/themes\/kezdi\/dokumentumok\/erdeknyilatkozatok\/2024\/tanacsosok\/Farkas Hunor-Pal.pdf\" target=\"_blank\" rel=\"noopener noreferrer\">Declara\u021bii de interes 2024<\/a><\/p>\n<\/div>\n<\/div>\n","protected":false},"excerpt":{"rendered":"<p>&nbsp; Consilier local Uniunea Democrat\u0103 Maghiar\u0103 din Rom\u00e2nia Membru \/ Comisia pentru s\u0103n\u0103tate \u015fi protec\u0163ie social\u0103 &nbsp; Data na\u0219terii: 10 august 1985 Ocupa\u021bia: medic specialist gastroenterologie Audien\u021b\u0103: luni, de la ora 14.00 &nbsp; Declara\u021bii de avere 2024 Declara\u021bii de interes 2024<\/p>\n","protected":false},"author":1,"featured_media":0,"parent":0,"menu_order":0,"comment_status":"closed","ping_status":"closed","template":"","meta":{"ngg_post_thumbnail":0,"footnotes":""},"class_list":["post-43271","page","type-page","status-publish","hentry"],"_links":{"self":[{"href":"https:\/\/www.kezdi.ro\/ro\/wp-json\/wp\/v2\/pages\/43271\/"}],"collection":[{"href":"https:\/\/www.kezdi.ro\/ro\/wp-json\/wp\/v2\/pages\/"}],"about":[{"href":"https:\/\/www.kezdi.ro\/ro\/wp-json\/wp\/v2\/types\/page\/"}],"author":[{"embeddable":true,"href":"https:\/\/www.kezdi.ro\/ro\/wp-json\/wp\/v2\/users\/1\/"}],"replies":[{"embeddable":true,"href":"https:\/\/www.kezdi.ro\/ro\/wp-json\/wp\/v2\/comments\/?post=43271"}],"version-history":[{"count":22,"href":"https:\/\/www.kezdi.ro\/ro\/wp-json\/wp\/v2\/pages\/43271\/revisions\/"}],"predecessor-version":[{"id":45144,"href":"https:\/\/www.kezdi.ro\/ro\/wp-json\/wp\/v2\/pages\/43271\/revisions\/45144\/"}],"wp:attachment":[{"href":"https:\/\/www.kezdi.ro\/ro\/wp-json\/wp\/v2\/media\/?parent=43271"}],"curies":[{"name":"wp","href":"https:\/\/api.w.org\/{rel}","templated":true}]}}