{"id":35020,"date":"2020-02-14T06:50:44","date_gmt":"2020-02-14T06:50:44","guid":{"rendered":"http:\/\/www.kezdi.ro\/?page_id=35020"},"modified":"2020-02-14T09:18:31","modified_gmt":"2020-02-14T09:18:31","slug":"accessibility","status":"publish","type":"page","link":"https:\/\/www.kezdi.ro\/ro\/accessibility\/","title":{"rendered":"Accessibility"},"content":{"rendered":"<p><strong>Declara\u021bia de accesibilitate<\/strong><\/p>\n<p><strong>General<\/strong><\/p>\n<p>Portalul <strong>www.kezdi.ro<\/strong>&nbsp;se str\u0103duie\u0219te s\u0103 se asigure c\u0103 serviciile sale sunt accesibile pentru persoanele cu dizabilit\u0103\u021bi. Portalul <strong>www.kezdi.ro<\/strong>&nbsp;a investit o cantitate semnificativ\u0103 de resurse pentru a ajuta la asigurarea faptului c\u0103 portalul-ul s\u0103u web este mai u\u0219or de utilizat \u0219i mai accesibil pentru persoanele cu dizabilit\u0103\u021bi, cu convingerea puternic\u0103 c\u0103 fiecare persoan\u0103 are dreptul s\u0103 tr\u0103iasc\u0103 cu demnitate, egalitate, confort \u0219i independen\u0163\u0103.<\/p>\n<p>&nbsp;<\/p>\n<p><strong>Accesibilitate pe portalul <\/strong><strong>www.kezdi.ro<\/strong><strong>&nbsp;<\/strong><\/p>\n<p>Portalul <strong>www.kezdi.ro<\/strong>&nbsp;pune la dispozi\u021bie UserWay Widget pentru accesibilitatea portalului care este alimentat de un server de accesibilitate dedicat. Programul permite portalului <strong>www.kezdi.ro<\/strong>&nbsp;s\u0103-\u0219i \u00eembun\u0103t\u0103\u021beasc\u0103 conformitatea cu Ghidul de accesibilitate pentru con\u021binutul web (WCAG 2.1).<\/p>\n<p>&nbsp;<\/p>\n<p><strong>Activarea meniului Accesibilitate <\/strong><\/p>\n<p>Meniul de accesibilitate <strong>www.kezdi.ro<\/strong>&nbsp;poate fi activat f\u0103c\u00e2nd click pe pictograma meniului de accesibilitate care apare \u00een col\u021bul paginii. Dup\u0103 declan\u0219area meniului de accesibilitate, v\u0103 rug\u0103m s\u0103 a\u0219tepta\u021bi un moment pentru a se \u00eenc\u0103rca meniul de accesibilitate \u00een \u00eentregime.<\/p>\n<p>&nbsp;<\/p>\n<p><strong>Disclaimer<\/strong><\/p>\n<p>Portalul <strong>www.kezdi.ro<\/strong>&nbsp;\u00ee\u0219i continu\u0103 eforturile pentru \u00eembun\u0103t\u0103\u021birea constant\u0103 a accesibilit\u0103\u021bii site-ului \u0219i serviciilor sale, cu convingerea c\u0103 este obliga\u021bia noastr\u0103 colectiv\u0103 moral\u0103 de a permite utilizarea f\u0103r\u0103 probleme, accesibil\u0103 \u0219i nestingherit\u0103 \u0219i pentru cei cu dizabilit\u0103\u021bi.<\/p>\n<p>\u00cen ciuda eforturilor noastre de a face ca toate paginile \u0219i con\u021binutul de pe portalul <strong>www.kezdi.ro<\/strong>&nbsp;s\u0103 fie pe deplin accesibile, este posibil ca unele con\u021binuturi s\u0103 nu fi fost \u00eenc\u0103 complet adaptate la cele mai stricte standarde de accesibilitate. Aceasta poate fi rezultatul faptului c\u0103 nu a\u021bi g\u0103sit sau identificat cea mai potrivit\u0103 solu\u021bie tehnologic\u0103.<\/p>\n<p>&nbsp;<\/p>\n<p><strong>Suntem aici pentru tine <\/strong><\/p>\n<p>Dac\u0103 \u00eent\u00e2mpina\u021bi dificult\u0103\u021bi cu orice con\u021binut de pe portalul <strong>www.kezdi.ro<\/strong>&nbsp;sau dac\u0103 ave\u021bi nevoie de asisten\u021b\u0103 cu orice parte a site-ului nostru, v\u0103 rug\u0103m s\u0103 ne contacta\u021bi \u00een timpul programului normal de lucru, a\u0219a cum este detaliat mai jos \u0219i vom fi bucuro\u0219i s\u0103 v\u0103 ajut\u0103m.<\/p>\n<p>&nbsp;<\/p>\n<p><strong>Contacteaz\u0103-ne<\/strong><\/p>\n<p><strong>E-mail: cabinet@kezdi.ro<\/strong><\/p>\n","protected":false},"excerpt":{"rendered":"<p>Declara\u021bia de accesibilitate General Portalul www.kezdi.ro&nbsp;se str\u0103duie\u0219te s\u0103 se asigure c\u0103 serviciile sale sunt accesibile pentru persoanele cu dizabilit\u0103\u021bi. Portalul www.kezdi.ro&nbsp;a investit o cantitate semnificativ\u0103 de resurse pentru a ajuta la asigurarea faptului c\u0103 portalul-ul s\u0103u web este mai u\u0219or de utilizat \u0219i mai accesibil pentru persoanele cu dizabilit\u0103\u021bi, cu convingerea puternic\u0103 c\u0103 fiecare persoan\u0103 [&hellip;]<\/p>\n","protected":false},"author":1,"featured_media":0,"parent":0,"menu_order":0,"comment_status":"closed","ping_status":"closed","template":"","meta":{"ngg_post_thumbnail":0,"footnotes":""},"class_list":["post-35020","page","type-page","status-publish","hentry"],"_links":{"self":[{"href":"https:\/\/www.kezdi.ro\/ro\/wp-json\/wp\/v2\/pages\/35020\/"}],"collection":[{"href":"https:\/\/www.kezdi.ro\/ro\/wp-json\/wp\/v2\/pages\/"}],"about":[{"href":"https:\/\/www.kezdi.ro\/ro\/wp-json\/wp\/v2\/types\/page\/"}],"author":[{"embeddable":true,"href":"https:\/\/www.kezdi.ro\/ro\/wp-json\/wp\/v2\/users\/1\/"}],"replies":[{"embeddable":true,"href":"https:\/\/www.kezdi.ro\/ro\/wp-json\/wp\/v2\/comments\/?post=35020"}],"version-history":[{"count":1,"href":"https:\/\/www.kezdi.ro\/ro\/wp-json\/wp\/v2\/pages\/35020\/revisions\/"}],"predecessor-version":[{"id":35021,"href":"https:\/\/www.kezdi.ro\/ro\/wp-json\/wp\/v2\/pages\/35020\/revisions\/35021\/"}],"wp:attachment":[{"href":"https:\/\/www.kezdi.ro\/ro\/wp-json\/wp\/v2\/media\/?parent=35020"}],"curies":[{"name":"wp","href":"https:\/\/api.w.org\/{rel}","templated":true}]}}