{"id":31785,"date":"2019-02-12T10:17:08","date_gmt":"2019-02-12T08:17:08","guid":{"rendered":"https:\/\/www.kezdi.ro\/?page_id=31785"},"modified":"2019-07-18T13:25:46","modified_gmt":"2019-07-18T10:25:46","slug":"legislatie","status":"publish","type":"page","link":"https:\/\/www.kezdi.ro\/ro\/legislatie\/","title":{"rendered":"Legisla\u021bie"},"content":{"rendered":"<div class=\"table-responsive\">\n<table class=\"table\">\n<thead>\n<tr>\n<th>Legisla\u021bie<\/th>\n<th class=\"center\">Document<\/th>\n<\/tr>\n<\/thead>\n<tbody>\n<tr>\n<td>Ordonanta urgenta 57\/2019 privind Codul administrativ<\/td>\n<td style=\"text-align: center;\"><a href=\"\/wp-content\/themes\/kezdi\/dokumentumok\/torvenyhozas\/2019\/sintact-ordonanta-urgenta-57-2019-privind-codul.pdf\" target=\"_blank\" rel=\"noopener noreferrer\"><span class=\"glyphicon glyphicon-save\">&nbsp;<\/span><\/a><\/td>\n<\/tr>\n<tr>\n<td>HOT\u0102R\u00c2RE Nr. 1086 din 11 decembrie 2013 pentru aprobarea Normelor generale privind exercitarea activit\u0103\u0163ii de audit public intern<\/td>\n<td style=\"text-align: center;\"><a href=\"\/wp-content\/themes\/kezdi\/dokumentumok\/torvenyhozas\/2019\/HG1086_2013 Norme generale audit public intern.pdf\" target=\"_blank\" rel=\"noopener noreferrer\"><span class=\"glyphicon glyphicon-save\">&nbsp;<\/span><\/a><\/td>\n<\/tr>\n<tr>\n<td>Legea nr. 52\/2003 privind transparen\u0163a decizional\u0103 \u00een administra\u0163ia public\u0103<\/td>\n<td style=\"text-align: center;\"><a href=\"\/wp-content\/themes\/kezdi\/dokumentumok\/torvenyhozas\/2019\/Lege nr. 52 din 21_01_2003 transparenta decizionala.pdf\" target=\"_blank\" rel=\"noopener noreferrer\"><span class=\"glyphicon glyphicon-save\">&nbsp;<\/span><\/a><\/td>\n<\/tr>\n<tr>\n<td>Legea nr. 98\/2016 privind achizi\u0163iile publice<\/td>\n<td style=\"text-align: center;\"><a href=\"\/wp-content\/themes\/kezdi\/dokumentumok\/torvenyhozas\/2019\/Lege nr. 98 din 19_05_2016 achizi\u0163iile publice.pdf\" target=\"_blank\" rel=\"noopener noreferrer\"><span class=\"glyphicon glyphicon-save\">&nbsp;<\/span><\/a><\/td>\n<\/tr>\n<tr>\n<td>Legea nr. 170\/2015 privind aprobarea Ordonan\u0163ei de urgen\u0163\u0103 a Guvernului nr. 89\/2014 pentru modificarea \u015fi completarea unor acte normative \u00een domeniul managementului situa\u0163iilor de urgen\u0163\u0103 \u015fi al<br \/>\nap\u0103r\u0103rii \u00eempotriva incendiilor<\/td>\n<td style=\"text-align: center;\"><a href=\"\/wp-content\/themes\/kezdi\/dokumentumok\/torvenyhozas\/2019\/Lege nr. 170 din 29_06_2015 managementului situa\u0163iilor de urgen\u0163\u0103 \u015fi al ap\u0103r\u0103rii \u00eempotriva incendiilor.pdf\" target=\"_blank\" rel=\"noopener noreferrer\"><span class=\"glyphicon glyphicon-save\">&nbsp;<\/span><\/a><\/td>\n<\/tr>\n<tr>\n<td>Legea nr. 307\/2006 privind ap\u0103rarea \u00eempotriva incendiilor<\/td>\n<td style=\"text-align: center;\"><a href=\"\/wp-content\/themes\/kezdi\/dokumentumok\/torvenyhozas\/2019\/Lege nr. 307 din 12_07_2006 apararea impotriva incediilor.pdf\" target=\"_blank\" rel=\"noopener noreferrer\"><span class=\"glyphicon glyphicon-save\">&nbsp;<\/span><\/a><\/td>\n<\/tr>\n<tr>\n<td>Legea nr. 46 Codul Silvic din 19\/03\/2008<\/td>\n<td style=\"text-align: center;\"><a href=\"\/wp-content\/themes\/kezdi\/dokumentumok\/torvenyhozas\/2019\/Legea nr. 46 Codul Silvic din 19_03_2008.pdf\" target=\"_blank\" rel=\"noopener noreferrer\"><span class=\"glyphicon glyphicon-save\">&nbsp;<\/span><\/a><\/td>\n<\/tr>\n<tr>\n<td>LEGE Nr. 7 din 18 februarie 2004 Republicat\u0103<\/td>\n<td style=\"text-align: center;\"><a href=\"\/wp-content\/themes\/kezdi\/dokumentumok\/torvenyhozas\/2019\/Legea 7_2004_republicata.pdf\" target=\"_blank\" rel=\"noopener noreferrer\"><span class=\"glyphicon glyphicon-save\">&nbsp;<\/span><\/a><\/td>\n<\/tr>\n<tr>\n<td>Legea nr. 53\/2003 privind Codul muncii<\/td>\n<td style=\"text-align: center;\"><a href=\"\/wp-content\/themes\/kezdi\/dokumentumok\/torvenyhozas\/2019\/Legea 53 (r1) din 24_01_2003 codul muncii.pdf\" target=\"_blank\" rel=\"noopener noreferrer\"><span class=\"glyphicon glyphicon-save\">&nbsp;<\/span><\/a><\/td>\n<\/tr>\n<tr>\n<td>Legea educa\u0163iei fizice \u015fi sportului nr. 69\/2000<\/td>\n<td style=\"text-align: center;\"><a href=\"\/wp-content\/themes\/kezdi\/dokumentumok\/torvenyhozas\/2019\/Legea 69_2000 educatiei fizice si sportului.pdf\" target=\"_blank\" rel=\"noopener noreferrer\"><span class=\"glyphicon glyphicon-save\">&nbsp;<\/span><\/a><\/td>\n<\/tr>\n<tr>\n<td>Legea nr. 71\/2011 pentru punerea \u00een aplicare a Legii nr. 287\/2009 privind Codul civil<\/td>\n<td style=\"text-align: center;\"><a href=\"\/wp-content\/themes\/kezdi\/dokumentumok\/torvenyhozas\/2019\/Legea 71 din 03_06_2011 Codul civil.pdf\" target=\"_blank\" rel=\"noopener noreferrer\"><span class=\"glyphicon glyphicon-save\">&nbsp;<\/span><\/a><\/td>\n<\/tr>\n<tr>\n<td>Legea nr. 188\/1999 privind Statutul func\u0163ionarilor publici<\/td>\n<td style=\"text-align: center;\"><a href=\"\/wp-content\/themes\/kezdi\/dokumentumok\/torvenyhozas\/2019\/Legea 188 (r2) din 08_12_1999 statutul finctionarilor publici.pdf\" target=\"_blank\" rel=\"noopener noreferrer\"><span class=\"glyphicon glyphicon-save\">&nbsp;<\/span><\/a><\/td>\n<\/tr>\n<tr>\n<td>Legea administra\u0163iei publice locale nr. 215\/2001<\/td>\n<td style=\"text-align: center;\"><a href=\"\/wp-content\/themes\/kezdi\/dokumentumok\/torvenyhozas\/2019\/Legea 215 (r1) din 23_04_2001 republicat 2017.pdf\" target=\"_blank\" rel=\"noopener noreferrer\"><span class=\"glyphicon glyphicon-save\">&nbsp;<\/span><\/a><\/td>\n<\/tr>\n<tr>\n<td>LEGE Nr. 273 din 29 iunie 2006 privind finan\u0163ele publice locale<\/td>\n<td style=\"text-align: center;\"><a href=\"\/wp-content\/themes\/kezdi\/dokumentumok\/torvenyhozas\/2019\/Legea 273_fin pub locale.pdf\" target=\"_blank\" rel=\"noopener noreferrer\"><span class=\"glyphicon glyphicon-save\">&nbsp;<\/span><\/a><\/td>\n<\/tr>\n<tr>\n<td>Lege nr. 350 din 06\/07\/2001 privind amenajarea teritoriului \u015fi urbanismul<\/td>\n<td style=\"text-align: center;\"><a href=\"\/wp-content\/themes\/kezdi\/dokumentumok\/torvenyhozas\/2019\/Legea 350_2001 privind amenajarea teritoriului \u015fi urbanismul.pdf\" target=\"_blank\" rel=\"noopener noreferrer\"><span class=\"glyphicon glyphicon-save\">&nbsp;<\/span><\/a><\/td>\n<\/tr>\n<tr>\n<td>Legea nr. 393\/2004 privind Statutul ale\u015filor locali<\/td>\n<td style=\"text-align: center;\"><a href=\"\/wp-content\/themes\/kezdi\/dokumentumok\/torvenyhozas\/2019\/Legea 393 din 28_09_2004 statutul alesilor locali.pdf\" target=\"_blank\" rel=\"noopener noreferrer\"><span class=\"glyphicon glyphicon-save\">&nbsp;<\/span><\/a><\/td>\n<\/tr>\n<tr>\n<td>LEGE Nr. 554 din 2 decembrie 2004 Legea contenciosului administrativ<\/td>\n<td style=\"text-align: center;\"><a href=\"\/wp-content\/themes\/kezdi\/dokumentumok\/torvenyhozas\/2019\/Legea 554_2004 contencios administrativ.pdf\" target=\"_blank\" rel=\"noopener noreferrer\"><span class=\"glyphicon glyphicon-save\">&nbsp;<\/span><\/a><\/td>\n<\/tr>\n<tr>\n<td>LEGEA Nr. 672\/2002 privind auditul public intern<\/td>\n<td style=\"text-align: center;\"><a href=\"\/wp-content\/themes\/kezdi\/dokumentumok\/torvenyhozas\/2019\/Legea 672_mo856 auditul public intern.pdf\" target=\"_blank\" rel=\"noopener noreferrer\"><span class=\"glyphicon glyphicon-save\">&nbsp;<\/span><\/a><\/td>\n<\/tr>\n<tr>\n<td>Legea nr. 16\/1996 din 2 aprilie 1996 Legea Arhivelor Na\u0163ionale<\/td>\n<td style=\"text-align: center;\"><a href=\"\/wp-content\/themes\/kezdi\/dokumentumok\/torvenyhozas\/2019\/Legea16_996 arhiva.pdf\" target=\"_blank\" rel=\"noopener noreferrer\"><span class=\"glyphicon glyphicon-save\">&nbsp;<\/span><\/a><\/td>\n<\/tr>\n<tr>\n<td>Legea-cadru nr. 153\/2017 privind salarizarea personalului pl\u0103tit din fonduri publice<\/td>\n<td style=\"text-align: center;\"><a href=\"\/wp-content\/themes\/kezdi\/dokumentumok\/torvenyhozas\/2019\/Legea153_2017 salarizare.pdf\" target=\"_blank\" rel=\"noopener noreferrer\"><span class=\"glyphicon glyphicon-save\">&nbsp;<\/span><\/a><\/td>\n<\/tr>\n<tr>\n<td>ORDONANTA nr. 119 din 31 august 1999 republicata si actualizata privind controlul intern si controlul financiar preventiv<\/td>\n<td style=\"text-align: center;\"><a href=\"\/wp-content\/themes\/kezdi\/dokumentumok\/torvenyhozas\/2019\/OG_119_1999 controlul intern.pdf\" target=\"_blank\" rel=\"noopener noreferrer\"><span class=\"glyphicon glyphicon-save\">&nbsp;<\/span><\/a><\/td>\n<\/tr>\n<tr>\n<td>Ordonanta nr. 26\/2000 cu privire la asociatii si fundatii<\/td>\n<td style=\"text-align: center;\"><a href=\"\/wp-content\/themes\/kezdi\/dokumentumok\/torvenyhozas\/2019\/Ord. 26_2000 cu privire la asociatii si fundatii.pdf\" target=\"_blank\" rel=\"noopener noreferrer\"><span class=\"glyphicon glyphicon-save\">&nbsp;<\/span><\/a><\/td>\n<\/tr>\n<tr>\n<td>ORDIN Nr. 252 din 3 februarie 2004 pentru aprobarea Codului privind conduita etic\u0103 a auditorului intern<\/td>\n<td style=\"text-align: center;\"><a href=\"\/wp-content\/themes\/kezdi\/dokumentumok\/torvenyhozas\/2019\/Ord. 252_2004 conduita etica a auditorului intern.pdf\" target=\"_blank\" rel=\"noopener noreferrer\"><span class=\"glyphicon glyphicon-save\">&nbsp;<\/span><\/a><\/td>\n<\/tr>\n<tr>\n<td>Ordinul nr. 600\/2018 privind aprobarea Codului controlului intern managerial al entit\u0103\u0163ilor publice<\/td>\n<td style=\"text-align: center;\"><a href=\"\/wp-content\/themes\/kezdi\/dokumentumok\/torvenyhozas\/2019\/Ordin nr. 600 din 20_04_2018 pt aprobarea SCIM.pdf\" target=\"_blank\" rel=\"noopener noreferrer\"><span class=\"glyphicon glyphicon-save\">&nbsp;<\/span><\/a><\/td>\n<\/tr>\n<\/tbody>\n<\/table>\n<\/div>\n","protected":false},"excerpt":{"rendered":"<p>Legisla\u021bie Document Ordonanta urgenta 57\/2019 privind Codul administrativ &nbsp; HOT\u0102R\u00c2RE Nr. 1086 din 11 decembrie 2013 pentru aprobarea Normelor generale privind exercitarea activit\u0103\u0163ii de audit public intern &nbsp; Legea nr. 52\/2003 privind transparen\u0163a decizional\u0103 \u00een administra\u0163ia public\u0103 &nbsp; Legea nr. 98\/2016 privind achizi\u0163iile publice &nbsp; Legea nr. 170\/2015 privind aprobarea Ordonan\u0163ei de urgen\u0163\u0103 a Guvernului [&hellip;]<\/p>\n","protected":false},"author":1,"featured_media":0,"parent":0,"menu_order":0,"comment_status":"closed","ping_status":"closed","template":"","meta":{"ngg_post_thumbnail":0,"footnotes":""},"class_list":["post-31785","page","type-page","status-publish","hentry"],"_links":{"self":[{"href":"https:\/\/www.kezdi.ro\/ro\/wp-json\/wp\/v2\/pages\/31785\/"}],"collection":[{"href":"https:\/\/www.kezdi.ro\/ro\/wp-json\/wp\/v2\/pages\/"}],"about":[{"href":"https:\/\/www.kezdi.ro\/ro\/wp-json\/wp\/v2\/types\/page\/"}],"author":[{"embeddable":true,"href":"https:\/\/www.kezdi.ro\/ro\/wp-json\/wp\/v2\/users\/1\/"}],"replies":[{"embeddable":true,"href":"https:\/\/www.kezdi.ro\/ro\/wp-json\/wp\/v2\/comments\/?post=31785"}],"version-history":[{"count":6,"href":"https:\/\/www.kezdi.ro\/ro\/wp-json\/wp\/v2\/pages\/31785\/revisions\/"}],"predecessor-version":[{"id":32845,"href":"https:\/\/www.kezdi.ro\/ro\/wp-json\/wp\/v2\/pages\/31785\/revisions\/32845\/"}],"wp:attachment":[{"href":"https:\/\/www.kezdi.ro\/ro\/wp-json\/wp\/v2\/media\/?parent=31785"}],"curies":[{"name":"wp","href":"https:\/\/api.w.org\/{rel}","templated":true}]}}