{"id":26002,"date":"2016-10-24T14:07:19","date_gmt":"2016-10-24T11:07:19","guid":{"rendered":"https:\/\/www.kezdi.ro\/ro\/?page_id=26002"},"modified":"2025-08-14T11:36:58","modified_gmt":"2025-08-14T08:36:58","slug":"david-sandor","status":"publish","type":"page","link":"https:\/\/www.kezdi.ro\/ro\/david-sandor\/","title":{"rendered":"D\u00e1vid S\u00e1ndor"},"content":{"rendered":"<div class=\"profil\">\n<p><img loading=\"lazy\" decoding=\"async\" class=\"alignnone size-medium wp-image-43228\" src=\"http:\/\/www.kezdi.ro\/wp-content\/uploads\/david-sandor-1-320x480.jpg\" alt=\"\" width=\"320\" height=\"480\" srcset=\"https:\/\/www.kezdi.ro\/wp-content\/uploads\/david-sandor-1-320x480.jpg 320w, https:\/\/www.kezdi.ro\/wp-content\/uploads\/david-sandor-1-120x180.jpg 120w, https:\/\/www.kezdi.ro\/wp-content\/uploads\/david-sandor-1-80x120.jpg 80w, https:\/\/www.kezdi.ro\/wp-content\/uploads\/david-sandor-1.jpg 400w\" sizes=\"auto, (max-width: 320px) 100vw, 320px\" \/><\/p>\n<p>&nbsp;<\/p>\n<div class=\"profil-title\">\n<p><strong>Consilier<\/strong><\/p>\n<p><strong>Uniunea Democrat\u0103 Maghiar\u0103 din Rom\u00e2nia<\/strong><\/p>\n<p><strong>Membru \/ Comisia economic\u0103 \u015fi juridic\u0103<\/strong><\/p>\n<\/div>\n<div class=\"profil-description\">\n<p>&nbsp;<\/p>\n<p>Data na\u0219terii: 7 mai 1970<br \/>\nOcupa\u021bia: specialist \u00een comunicare<br \/>\nAudien\u021b\u0103: lunar, prima zi de luni, ora 14.00 \/&nbsp;<strong><em>programare la adresa de e-mail&nbsp;<a href=\"mailto:presskezdi@gmail.com\">presskezdi@gmail.com<\/a>, sau la nr. de telefon 0726233518<\/em><\/strong><\/p>\n<p>&nbsp;<\/p>\n<p><a href=\"https:\/\/www.kezdi.ro\/wp-content\/themes\/kezdi\/dokumentumok\/vagyonnyilatkozatok\/2020\/tanacsosok\/David%20Sandor.pdf\" target=\"_blank\" rel=\"noopener noreferrer\">Declara\u021bie de avere 2020 (descarc\u0103 document)<\/a> \/ <a href=\"https:\/\/www.kezdi.ro\/wp-content\/themes\/kezdi\/dokumentumok\/vagyonnyilatkozatok\/2021\/tanacsosok\/David%20Sandor.pdf\" target=\"_blank\" rel=\"noopener noreferrer\">2021 (descarc\u0103 document)<\/a> \/ <a href=\"https:\/\/www.kezdi.ro\/wp-content\/themes\/kezdi\/dokumentumok\/vagyonnyilatkozatok\/2022\/tanacsosok\/David%20Sandor.pdf\" target=\"_blank\" rel=\"noopener noreferrer\">2022 (descarc\u0103 document)<\/a> \/ <a href=\"https:\/\/www.kezdi.ro\/wp-content\/themes\/kezdi\/dokumentumok\/vagyonnyilatkozatok\/2023\/tanacsosok\/David%20Sandor.pdf\" target=\"_blank\" rel=\"noopener noreferrer\">2023 (descarc\u0103 document)<\/a> \/ <a href=\"https:\/\/www.kezdi.ro\/wp-content\/themes\/kezdi\/dokumentumok\/vagyonnyilatkozatok\/2024\/tanacsosok\/David%20Sandor.pdf\" target=\"_blank\" rel=\"noopener noreferrer\">2024 (descarc\u0103 document)<\/a> \/ <a href=\"https:\/\/www.kezdi.ro\/wp-content\/themes\/kezdi\/dokumentumok\/vagyonnyilatkozatok\/2024\/incetare\/David%20Sandor.pdf\" target=\"_blank\" rel=\"noopener noreferrer\">2024 (descarc\u0103 document)<\/a><br \/>\n<a href=\"https:\/\/www.kezdi.ro\/wp-content\/themes\/kezdi\/dokumentumok\/erdeknyilatkozatok\/2020\/tanacsosok\/David%20Sandor.pdf\" target=\"_blank\" rel=\"noopener noreferrer\">Declara\u021bie de interes 2020 (descarc\u0103 document)<\/a> \/ <a href=\"https:\/\/www.kezdi.ro\/wp-content\/themes\/kezdi\/dokumentumok\/erdeknyilatkozatok\/2021\/tanacsosok\/David%20Sandor.pdf\" target=\"_blank\" rel=\"noopener noreferrer\">2021 (descarc\u0103 document)<\/a> \/ <a href=\"https:\/\/www.kezdi.ro\/wp-content\/themes\/kezdi\/dokumentumok\/erdeknyilatkozatok\/2022\/tanacsosok\/David%20Sandor.pdf\" target=\"_blank\" rel=\"noopener noreferrer\">2022 (descarc\u0103 document)<\/a> \/ <a href=\"https:\/\/www.kezdi.ro\/wp-content\/themes\/kezdi\/dokumentumok\/erdeknyilatkozatok\/2023\/tanacsosok\/David%20Sandor.pdf\" target=\"_blank\" rel=\"noopener noreferrer\">2023 (descarc\u0103 document)<\/a> \/ <a href=\"https:\/\/www.kezdi.ro\/wp-content\/themes\/kezdi\/dokumentumok\/erdeknyilatkozatok\/2024\/tanacsosok\/David%20Sandor.pdf\" target=\"_blank\" rel=\"noopener noreferrer\">2024 (descarc\u0103 document)<\/a> \/ <a href=\"https:\/\/www.kezdi.ro\/wp-content\/themes\/kezdi\/dokumentumok\/erdeknyilatkozatok\/2024\/incetare\/David%20Sandor.pdf\" target=\"_blank\" rel=\"noopener noreferrer\">2024 (descarc\u0103 document)<\/a><\/p>\n<\/div>\n<\/div>\n","protected":false},"excerpt":{"rendered":"<p>&nbsp; Consilier Uniunea Democrat\u0103 Maghiar\u0103 din Rom\u00e2nia Membru \/ Comisia economic\u0103 \u015fi juridic\u0103 &nbsp; Data na\u0219terii: 7 mai 1970 Ocupa\u021bia: specialist \u00een comunicare Audien\u021b\u0103: lunar, prima zi de luni, ora 14.00 \/&nbsp;programare la adresa de e-mail&nbsp;presskezdi@gmail.com, sau la nr. de telefon 0726233518 &nbsp; Declara\u021bie de avere 2020 (descarc\u0103 document) \/ 2021 (descarc\u0103 document) \/ 2022 [&hellip;]<\/p>\n","protected":false},"author":1,"featured_media":0,"parent":0,"menu_order":0,"comment_status":"closed","ping_status":"closed","template":"","meta":{"ngg_post_thumbnail":0,"footnotes":""},"class_list":["post-26002","page","type-page","status-publish","hentry"],"_links":{"self":[{"href":"https:\/\/www.kezdi.ro\/ro\/wp-json\/wp\/v2\/pages\/26002\/"}],"collection":[{"href":"https:\/\/www.kezdi.ro\/ro\/wp-json\/wp\/v2\/pages\/"}],"about":[{"href":"https:\/\/www.kezdi.ro\/ro\/wp-json\/wp\/v2\/types\/page\/"}],"author":[{"embeddable":true,"href":"https:\/\/www.kezdi.ro\/ro\/wp-json\/wp\/v2\/users\/1\/"}],"replies":[{"embeddable":true,"href":"https:\/\/www.kezdi.ro\/ro\/wp-json\/wp\/v2\/comments\/?post=26002"}],"version-history":[{"count":18,"href":"https:\/\/www.kezdi.ro\/ro\/wp-json\/wp\/v2\/pages\/26002\/revisions\/"}],"predecessor-version":[{"id":44731,"href":"https:\/\/www.kezdi.ro\/ro\/wp-json\/wp\/v2\/pages\/26002\/revisions\/44731\/"}],"wp:attachment":[{"href":"https:\/\/www.kezdi.ro\/ro\/wp-json\/wp\/v2\/media\/?parent=26002"}],"curies":[{"name":"wp","href":"https:\/\/api.w.org\/{rel}","templated":true}]}}