{"id":23704,"date":"2015-03-30T16:05:42","date_gmt":"2015-03-30T13:05:42","guid":{"rendered":"https:\/\/www.kezdi.ro\/ro\/?page_id=23704"},"modified":"2024-01-08T13:30:59","modified_gmt":"2024-01-08T10:30:59","slug":"ordinea-de-prioritate-pentru-obtinerea-de-locuinte","status":"publish","type":"page","link":"https:\/\/www.kezdi.ro\/ro\/ordinea-de-prioritate-pentru-obtinerea-de-locuinte\/","title":{"rendered":"Ordinea de prioritate pentru ob\u0163inerea de locuin\u0163e"},"content":{"rendered":"<div class=\"table-responsive\">\n<table class=\"table\">\n<thead>\n<tr>\n<th>Nume<\/th>\n<th class=\"center\">Document<\/th>\n<\/tr>\n<\/thead>\n<tbody>\n<tr>\n<td>Ordinea de prioritate pentru ob\u0163inerea de locuin\u0163e 2023<\/td>\n<td class=\"center\"><a href=\"\/wp-content\/themes\/kezdi\/dokumentumok\/lakaskeresek\/2023\/36.pdf\" target=\"_blank\" rel=\"noopener noreferrer\"><span class=\"glyphicon glyphicon-save\">&nbsp;<\/span><\/a><\/td>\n<\/tr>\n<tr>\n<td>Ordinea de prioritate pentru ob\u0163inerea de locuin\u0163e 2022<\/td>\n<td class=\"center\"><a href=\"\/wp-content\/themes\/kezdi\/dokumentumok\/lakaskeresek\/2022\/67.pdf\" target=\"_blank\" rel=\"noopener noreferrer\"><span class=\"glyphicon glyphicon-save\">&nbsp;<\/span><\/a><br \/>\n<a href=\"\/wp-content\/themes\/kezdi\/dokumentumok\/lakaskeresek\/2022\/67_1.pdf\" target=\"_blank\" rel=\"noopener noreferrer\"><span class=\"glyphicon glyphicon-save\">&nbsp;<\/span><\/a><\/td>\n<\/tr>\n<tr>\n<td>Ordinea de prioritate pentru ob\u0163inerea de locuin\u0163e 2021<\/td>\n<td class=\"center\"><a href=\"\/wp-content\/themes\/kezdi\/dokumentumok\/lakaskeresek\/2021\/36.pdf\" target=\"_blank\" rel=\"noopener noreferrer\"><span class=\"glyphicon glyphicon-save\">&nbsp;<\/span><\/a><br \/>\n<a href=\"\/wp-content\/themes\/kezdi\/dokumentumok\/lakaskeresek\/2021\/36_1.pdf\" target=\"_blank\" rel=\"noopener noreferrer\"><span class=\"glyphicon glyphicon-save\">&nbsp;<\/span><\/a><\/td>\n<\/tr>\n<tr>\n<td>Ordinea de prioritate pentru ob\u0163inerea de locuin\u0163e 2018<\/td>\n<td class=\"center\"><a href=\"http:\/public_html\/wp-content\/themes\/kezdi\/dokumentumok\/lakaskeresek\/67.pdf\" target=\"_blank\" rel=\"noopener noreferrer\"><span class=\"glyphicon glyphicon-save\">&nbsp;<\/span><\/a><br \/>\n<a href=\"http:\/public_html\/wp-content\/themes\/kezdi\/dokumentumok\/lakaskeresek\/67_1.pdf\" target=\"_blank\" rel=\"noopener noreferrer\"><span class=\"glyphicon glyphicon-save\">&nbsp;<\/span><\/a><\/td>\n<\/tr>\n<tr>\n<td>Ordinea de prioritate pentru ob\u0163inerea de locuin\u0163e 2017<\/td>\n<td class=\"center\"><a href=\"http:\/public_html\/wp-content\/themes\/kezdi\/dokumentumok\/lakaskeresek\/42.pdf\" target=\"_blank\" rel=\"noopener noreferrer\"><span class=\"glyphicon glyphicon-save\">&nbsp;<\/span><\/a><br \/>\n<a href=\"http:\/public_html\/wp-content\/themes\/kezdi\/dokumentumok\/lakaskeresek\/42_1.pdf\" target=\"_blank\" rel=\"noopener noreferrer\"><span class=\"glyphicon glyphicon-save\">&nbsp;<\/span><\/a><\/td>\n<\/tr>\n<tr>\n<td>Ordinea de prioritate pentru ob\u0163inerea de locuin\u0163e 2016<\/td>\n<td class=\"center\"><a href=\"https:\/\/www.kezdi.ro\/wp-content\/uploads\/lakaslista_2016.pdf\" target=\"_blank\" rel=\"noopener noreferrer\"><span class=\"glyphicon glyphicon-save\">&nbsp;<\/span><\/a><\/td>\n<\/tr>\n<tr>\n<td>Ordinea de prioritate pentru ob\u0163inerea de locuin\u0163e 2015<\/td>\n<td class=\"center\"><a href=\"https:\/\/www.kezdi.ro\/wp-content\/uploads\/lakaslista_2015.pdf\" target=\"_blank\" rel=\"noopener noreferrer\"><span class=\"glyphicon glyphicon-save\">&nbsp;<\/span><\/a><\/td>\n<\/tr>\n<\/tbody>\n<\/table>\n<\/div>\n","protected":false},"excerpt":{"rendered":"<p>Nume Document Ordinea de prioritate pentru ob\u0163inerea de locuin\u0163e 2023 &nbsp; Ordinea de prioritate pentru ob\u0163inerea de locuin\u0163e 2022 &nbsp; &nbsp; Ordinea de prioritate pentru ob\u0163inerea de locuin\u0163e 2021 &nbsp; &nbsp; Ordinea de prioritate pentru ob\u0163inerea de locuin\u0163e 2018 &nbsp; &nbsp; Ordinea de prioritate pentru ob\u0163inerea de locuin\u0163e 2017 &nbsp; &nbsp; Ordinea de prioritate pentru [&hellip;]<\/p>\n","protected":false},"author":1,"featured_media":0,"parent":0,"menu_order":0,"comment_status":"closed","ping_status":"open","template":"","meta":{"ngg_post_thumbnail":0,"footnotes":""},"class_list":["post-23704","page","type-page","status-publish","hentry"],"_links":{"self":[{"href":"https:\/\/www.kezdi.ro\/ro\/wp-json\/wp\/v2\/pages\/23704\/"}],"collection":[{"href":"https:\/\/www.kezdi.ro\/ro\/wp-json\/wp\/v2\/pages\/"}],"about":[{"href":"https:\/\/www.kezdi.ro\/ro\/wp-json\/wp\/v2\/types\/page\/"}],"author":[{"embeddable":true,"href":"https:\/\/www.kezdi.ro\/ro\/wp-json\/wp\/v2\/users\/1\/"}],"replies":[{"embeddable":true,"href":"https:\/\/www.kezdi.ro\/ro\/wp-json\/wp\/v2\/comments\/?post=23704"}],"version-history":[{"count":9,"href":"https:\/\/www.kezdi.ro\/ro\/wp-json\/wp\/v2\/pages\/23704\/revisions\/"}],"predecessor-version":[{"id":41778,"href":"https:\/\/www.kezdi.ro\/ro\/wp-json\/wp\/v2\/pages\/23704\/revisions\/41778\/"}],"wp:attachment":[{"href":"https:\/\/www.kezdi.ro\/ro\/wp-json\/wp\/v2\/media\/?parent=23704"}],"curies":[{"name":"wp","href":"https:\/\/api.w.org\/{rel}","templated":true}]}}