{"id":11140,"date":"2014-02-21T13:13:28","date_gmt":"2014-02-21T10:13:28","guid":{"rendered":"https:\/\/www.kezdi.ro\/?page_id=11140"},"modified":"2025-07-09T11:49:45","modified_gmt":"2025-07-09T08:49:45","slug":"serviciul-gospodarie-comunala","status":"publish","type":"page","link":"https:\/\/www.kezdi.ro\/ro\/serviciul-gospodarie-comunala\/","title":{"rendered":"Serviciul Public Local"},"content":{"rendered":"<p><strong>Serviciul Public Local \u00ee\u0219i desf\u0103\u0219oar\u0103 activitatea pe teritoriul administrativ al municipiului. Descrierea domeniilor de activitate al angaja\u021bilor serviciului:<\/strong><\/p>\n<p>* administrarea terenurilor publice, a cl\u0103dirilor;<\/p>\n<p>* ilumina\u021bia public\u0103, reglementarea circula\u021biei, \u00eentre\u021binerea locurilor de joac\u0103,<\/p>\n<p>* cur\u0103\u021barea terenurilor publice, cur\u0103\u021benia;<\/p>\n<p>* asigurarea mijloacelor de transport \u0219i a ma\u0219inilor de for\u021b\u0103 din parcul de vehicule ale administra\u021biei pentru efectuarea lucr\u0103rilor men\u021bionate mai sus;<\/p>\n<p>* efectuarea lucr\u0103rilor de l\u0103c\u0103tu\u0219erie \u0219i t\u00e2mpl\u0103rie \u00een atelierele de serviciu.<\/p>\n<p>&nbsp;<\/p>\n<p>Poart\u0103: +40 372 227 422<\/p>\n<p>&nbsp;<\/p>\n<p>Colaboratori:<\/p>\n<p><strong>Szigethy K\u00e1lm\u00e1n, \u0219ef serviciu<\/strong><\/p>\n<p>E-mail: <a href=\"mailto:kalman.szigethy@kezdi.ro\">kalman.szigethy@kezdi.ro<\/a><\/p>\n<p>&nbsp;<\/p>\n<p><strong>Sz\u00f6ll\u0151si L\u00e1szl\u00f3, \u0219ef compartiment<\/strong><\/p>\n<p>Telefon: +40 730 600 281<\/p>\n<p>&nbsp;<\/p>\n<p><strong>Moln\u00e1r Cornel, maistru<\/strong><\/p>\n<p>Telefon: +40 730 600 282<\/p>\n<p>E-mail: <a href=\"mailto:molnarcornel@yahoo.com\">molnarcornel@yahoo.com<\/a><\/p>\n<p>&nbsp;<\/p>\n<p><strong>Rom\u00e1n Gy\u00f6rgy, contabil<\/strong><\/p>\n<p><strong>M\u00e1rton L\u00e1szl\u00f3, subinginer de construc\u021bii<\/strong><\/p>\n<p><strong>M\u00e1nt\u00f3 Endre, merceolog<\/strong><\/p>\n<p>&nbsp;<\/p>\n<p>&nbsp;<\/p>\n","protected":false},"excerpt":{"rendered":"<p>Serviciul Public Local \u00ee\u0219i desf\u0103\u0219oar\u0103 activitatea pe teritoriul administrativ al municipiului. Descrierea domeniilor de activitate al angaja\u021bilor serviciului: * administrarea terenurilor publice, a cl\u0103dirilor; * ilumina\u021bia public\u0103, reglementarea circula\u021biei, \u00eentre\u021binerea locurilor de joac\u0103, * cur\u0103\u021barea terenurilor publice, cur\u0103\u021benia; * asigurarea mijloacelor de transport \u0219i a ma\u0219inilor de for\u021b\u0103 din parcul de vehicule ale administra\u021biei pentru [&hellip;]<\/p>\n","protected":false},"author":1,"featured_media":0,"parent":0,"menu_order":0,"comment_status":"closed","ping_status":"open","template":"","meta":{"ngg_post_thumbnail":0,"footnotes":""},"class_list":["post-11140","page","type-page","status-publish","hentry"],"_links":{"self":[{"href":"https:\/\/www.kezdi.ro\/ro\/wp-json\/wp\/v2\/pages\/11140\/"}],"collection":[{"href":"https:\/\/www.kezdi.ro\/ro\/wp-json\/wp\/v2\/pages\/"}],"about":[{"href":"https:\/\/www.kezdi.ro\/ro\/wp-json\/wp\/v2\/types\/page\/"}],"author":[{"embeddable":true,"href":"https:\/\/www.kezdi.ro\/ro\/wp-json\/wp\/v2\/users\/1\/"}],"replies":[{"embeddable":true,"href":"https:\/\/www.kezdi.ro\/ro\/wp-json\/wp\/v2\/comments\/?post=11140"}],"version-history":[{"count":11,"href":"https:\/\/www.kezdi.ro\/ro\/wp-json\/wp\/v2\/pages\/11140\/revisions\/"}],"predecessor-version":[{"id":44612,"href":"https:\/\/www.kezdi.ro\/ro\/wp-json\/wp\/v2\/pages\/11140\/revisions\/44612\/"}],"wp:attachment":[{"href":"https:\/\/www.kezdi.ro\/ro\/wp-json\/wp\/v2\/media\/?parent=11140"}],"curies":[{"name":"wp","href":"https:\/\/api.w.org\/{rel}","templated":true}]}}