{"id":11127,"date":"2014-02-21T13:09:01","date_gmt":"2014-02-21T10:09:01","guid":{"rendered":"https:\/\/www.kezdi.ro\/?page_id=11127"},"modified":"2025-07-09T12:13:39","modified_gmt":"2025-07-09T09:13:39","slug":"politia-locala","status":"publish","type":"page","link":"https:\/\/www.kezdi.ro\/ro\/politia-locala\/","title":{"rendered":"Poli\u021bia Local\u0103"},"content":{"rendered":"<p><strong>Domenii importante de activitate:<\/strong><\/p>\n<p>*asigurarea ordinii \u0219i lini\u0219tii publice, normele de drept referitoare la v\u00e2nz\u0103rile ilegale, precum \u0219i regulamentele cu privire la p\u0103strarea cur\u0103\u021beniei ora\u0219ului, respectiv prevenirea \u0219i \u00eenvingerea \u00eenc\u0103lc\u0103rii normelor stabilite prin hot\u0103r\u00e2rile administra\u021biei,<\/p>\n<p>*asigurarea pazei bunurilor mobile, imobile \u0219i a a\u0219ez\u0103mintelor stabilite de c\u0103tre Consiliul Local, dup\u0103 un plan de paz\u0103,<\/p>\n<p>*\u00eenso\u021birea \u0219i protec\u021bia reprezentan\u021bilor Prim\u0103riei \u00een cazul unor controale sau a unor m\u0103suri speciale, \u0219i \u00een cazul necesit\u0103\u021bii execut\u0103rii unor hot\u0103r\u00e2ri de consiliu,<\/p>\n<p>*constatarea contraven\u021biilor \u0219i punerea \u00een aplicare a pedepselor, \u00een limita legii, contraven\u021biile legate de ordinea public\u0103, tulburarea lini\u0219tii publice, cur\u0103\u021benia ora\u0219ului, v\u00e2nzarea \u00een strad\u0103, contraven\u021bii legate de ocrotirea mediului, respectiv, alte hot\u0103r\u00e2ri locale ale administra\u021biei stabilite prin lege, precum \u0219i stabilirea, executarea contraven\u021biilor fixate \u00een ordinul primarului, din decembrie 2017 parcarea cu plat\u0103,<\/p>\n<p>*contribu\u021bia la asigurarea ordinii publice cu ocazia unor evenimente culturale, adun\u0103rii publice, \u00een cazul unor greve,<\/p>\n<p>*cooperarea cu poli\u021bia, cu pompierii, cu autorit\u0103\u021bile de ap\u0103rare civil\u0103 la diferite evenimente,<\/p>\n<p>*verificarea deplas\u0103rilor f\u0103r\u0103 caracter de drept penal \u0219i rezolvarea \u00een limitele legii,<\/p>\n<p>*\u00eemplinirea altor sarcini de activitate stabilite prin lege.<\/p>\n<p>&nbsp;<\/p>\n<p>Colaboratori:<\/p>\n<p><strong>Croitoru Constantin, \u0219ef serviciu<\/strong><\/p>\n<p>Telefon: +40 725 101 264<\/p>\n<p>E-mail: <a href=\"politialocala_2010@yahoo.com\" target=\"_blank\" rel=\"noopener noreferrer\">politialocala_2010@yahoo.com<\/a><\/p>\n<p>13 poli\u021bi\u0219ti locali<\/p>\n","protected":false},"excerpt":{"rendered":"<p>Domenii importante de activitate: *asigurarea ordinii \u0219i lini\u0219tii publice, normele de drept referitoare la v\u00e2nz\u0103rile ilegale, precum \u0219i regulamentele cu privire la p\u0103strarea cur\u0103\u021beniei ora\u0219ului, respectiv prevenirea \u0219i \u00eenvingerea \u00eenc\u0103lc\u0103rii normelor stabilite prin hot\u0103r\u00e2rile administra\u021biei, *asigurarea pazei bunurilor mobile, imobile \u0219i a a\u0219ez\u0103mintelor stabilite de c\u0103tre Consiliul Local, dup\u0103 un plan de paz\u0103, *\u00eenso\u021birea \u0219i [&hellip;]<\/p>\n","protected":false},"author":1,"featured_media":0,"parent":0,"menu_order":0,"comment_status":"closed","ping_status":"open","template":"","meta":{"ngg_post_thumbnail":0,"footnotes":""},"class_list":["post-11127","page","type-page","status-publish","hentry"],"_links":{"self":[{"href":"https:\/\/www.kezdi.ro\/ro\/wp-json\/wp\/v2\/pages\/11127\/"}],"collection":[{"href":"https:\/\/www.kezdi.ro\/ro\/wp-json\/wp\/v2\/pages\/"}],"about":[{"href":"https:\/\/www.kezdi.ro\/ro\/wp-json\/wp\/v2\/types\/page\/"}],"author":[{"embeddable":true,"href":"https:\/\/www.kezdi.ro\/ro\/wp-json\/wp\/v2\/users\/1\/"}],"replies":[{"embeddable":true,"href":"https:\/\/www.kezdi.ro\/ro\/wp-json\/wp\/v2\/comments\/?post=11127"}],"version-history":[{"count":9,"href":"https:\/\/www.kezdi.ro\/ro\/wp-json\/wp\/v2\/pages\/11127\/revisions\/"}],"predecessor-version":[{"id":44623,"href":"https:\/\/www.kezdi.ro\/ro\/wp-json\/wp\/v2\/pages\/11127\/revisions\/44623\/"}],"wp:attachment":[{"href":"https:\/\/www.kezdi.ro\/ro\/wp-json\/wp\/v2\/media\/?parent=11127"}],"curies":[{"name":"wp","href":"https:\/\/api.w.org\/{rel}","templated":true}]}}