{"id":11106,"date":"2014-02-21T13:09:50","date_gmt":"2014-02-21T13:09:50","guid":{"rendered":"https:\/\/www.kezdi.ro\/?page_id=11106"},"modified":"2022-02-02T09:57:19","modified_gmt":"2022-02-02T09:57:19","slug":"compartimentul-resurse-umane-si-control-comercial","status":"publish","type":"page","link":"https:\/\/www.kezdi.ro\/ro\/compartimentul-resurse-umane-si-control-comercial\/","title":{"rendered":"Compartimentul Resurse Umane \u015fi Control Comercial"},"content":{"rendered":"<p>Rela\u021bii cu publicul:<\/p>\n<p><strong>luni-vineri 9.00\u201312.00 \u015fi 14.00\u201316.00<\/strong><\/p>\n<p>Tel. +40-0728 103 614<\/p>\n<p>&nbsp;<\/p>\n<p>Personal:<\/p>\n<p><strong>T\u00f3th Ibolya, referent de specialitate superior<\/strong><\/p>\n<p>Telefon: 0267\/361 974, int. 132<\/p>\n<p>E-mail: <a href=\"mailto:ibici98@yahoo.com\">ibici98@yahoo.com<\/a>&nbsp;<\/p>\n<p>&nbsp;<\/p>\n<p><strong>T\u00f3th \u00c1rp\u00e1d, consilier asistent<\/strong><\/p>\n<p>Telefon: 0267\/361 974, 132-es bels\u0151<\/p>\n<p>E-mail: <a href=\"mailto:arpad.toth@kezdi.ro\">arpad.toth@kezdi.ro<\/a><\/p>\n<p>&nbsp;<\/p>\n<p>Compartimentul Resurse Umane \u0219i Control Comercial asigur\u0103:<\/p>\n<p>* \u00eentocmirea formalit\u0103\u021bilor pentru angajare \u0219i desfacerea contractelor de munc\u0103;<\/p>\n<p>* \u00eentocmirea statelor de plat\u0103 ale angaja\u021bilor,<\/p>\n<p>* \u00eentocmirea fi\u0219elor de post ale angaja\u021bilor;<\/p>\n<p>* \u00eentocmirea \u0219i predarea declara\u021biilor la institu\u021biile abilitate care au leg\u0103tur\u0103 cu salarizarea;<\/p>\n<p>* \u00eentocmirea dosarelor de pensionare ale angaja\u021bilor care \u00eendeplinesc condi\u021biile de pensionare;<\/p>\n<p>* organizarea concursurilor pentru posturile neocupate;<\/p>\n<p>* eliberarea autoriza\u021biilor de func\u021bionare unit\u0103\u021bilor comerciale \u0219i de prest\u0103ri servicii.<\/p>\n","protected":false},"excerpt":{"rendered":"<p>Rela\u021bii cu publicul: luni-vineri 9.00\u201312.00 \u015fi 14.00\u201316.00 Tel. +40-0728 103 614 &nbsp; Personal: T\u00f3th Ibolya, referent de specialitate superior Telefon: 0267\/361 974, int. 132 E-mail: ibici98@yahoo.com&nbsp; &nbsp; T\u00f3th \u00c1rp\u00e1d, consilier asistent Telefon: 0267\/361 974, 132-es bels\u0151 E-mail: arpad.toth@kezdi.ro &nbsp; Compartimentul Resurse Umane \u0219i Control Comercial asigur\u0103: * \u00eentocmirea formalit\u0103\u021bilor pentru angajare \u0219i desfacerea contractelor de [&hellip;]<\/p>\n","protected":false},"author":1,"featured_media":0,"parent":0,"menu_order":0,"comment_status":"closed","ping_status":"open","template":"","meta":{"ngg_post_thumbnail":0,"footnotes":""},"class_list":["post-11106","page","type-page","status-publish","hentry"],"_links":{"self":[{"href":"https:\/\/www.kezdi.ro\/ro\/wp-json\/wp\/v2\/pages\/11106\/"}],"collection":[{"href":"https:\/\/www.kezdi.ro\/ro\/wp-json\/wp\/v2\/pages\/"}],"about":[{"href":"https:\/\/www.kezdi.ro\/ro\/wp-json\/wp\/v2\/types\/page\/"}],"author":[{"embeddable":true,"href":"https:\/\/www.kezdi.ro\/ro\/wp-json\/wp\/v2\/users\/1\/"}],"replies":[{"embeddable":true,"href":"https:\/\/www.kezdi.ro\/ro\/wp-json\/wp\/v2\/comments\/?post=11106"}],"version-history":[{"count":7,"href":"https:\/\/www.kezdi.ro\/ro\/wp-json\/wp\/v2\/pages\/11106\/revisions\/"}],"predecessor-version":[{"id":38569,"href":"https:\/\/www.kezdi.ro\/ro\/wp-json\/wp\/v2\/pages\/11106\/revisions\/38569\/"}],"wp:attachment":[{"href":"https:\/\/www.kezdi.ro\/ro\/wp-json\/wp\/v2\/media\/?parent=11106"}],"curies":[{"name":"wp","href":"https:\/\/api.w.org\/{rel}","templated":true}]}}