{"id":11102,"date":"2014-11-12T10:29:30","date_gmt":"2014-11-12T08:29:30","guid":{"rendered":"https:\/\/www.kezdi.ro\/?page_id=11102"},"modified":"2014-11-13T12:00:29","modified_gmt":"2014-11-13T10:00:29","slug":"biroul-sport","status":"publish","type":"page","link":"https:\/\/www.kezdi.ro\/ro\/biroul-sport\/","title":{"rendered":"Biroul Sport"},"content":{"rendered":"<p>Se ocup\u0103 cu administrarea bazelor sportive a municipiului T\u00e2rgu Secuiesc, precum \u015fi organizarea evenimentelor, concursurilor sportive de anvergur\u0103 local\u0103, jude\u0163ean\u0103 \u015fi regional\u0103. Bazele sportive existente sunt: sala polivalent\u0103, complexul stadion, terenurile de fotbal, motelul sport, patinoarul artificial \u015fi terenurile de tenis de c\u00e2mp \u00een parcul Moln\u00e1r J\u00f3zsi\u00e1s.<\/p>\n<p>&nbsp;<\/p>\n<p>Misiunea biroului sport este: atragerea locuitorilor ora\u015fului nostru de a practica sport \u00een timpul liber, contribuind astfel la un mod de via\u0163\u0103 mai s\u0103n\u0103tos, mai fericit.<\/p>\n<p>&nbsp;<\/p>\n<p><strong>Kocsis Zolt\u00e1n, <\/strong><strong>\u0219ef birou<\/strong><\/p>\n<p>Telefon: +40 754 646 744<\/p>\n<p>E-mail: <a href=\"mailto:zoltan.kocsis@kezdi.ro\">zoltan.kocsis@kezdi.ro<\/a><\/p>\n","protected":false},"excerpt":{"rendered":"<p>Se ocup\u0103 cu administrarea bazelor sportive a municipiului T\u00e2rgu Secuiesc, precum \u015fi organizarea evenimentelor, concursurilor sportive de anvergur\u0103 local\u0103, jude\u0163ean\u0103 \u015fi regional\u0103. Bazele sportive existente sunt: sala polivalent\u0103, complexul stadion, terenurile de fotbal, motelul sport, patinoarul artificial \u015fi terenurile de tenis de c\u00e2mp \u00een parcul Moln\u00e1r J\u00f3zsi\u00e1s. &nbsp; Misiunea biroului sport este: atragerea locuitorilor ora\u015fului [&hellip;]<\/p>\n","protected":false},"author":1,"featured_media":0,"parent":0,"menu_order":0,"comment_status":"closed","ping_status":"open","template":"","meta":{"ngg_post_thumbnail":0,"footnotes":""},"class_list":["post-11102","page","type-page","status-publish","hentry"],"_links":{"self":[{"href":"https:\/\/www.kezdi.ro\/ro\/wp-json\/wp\/v2\/pages\/11102\/"}],"collection":[{"href":"https:\/\/www.kezdi.ro\/ro\/wp-json\/wp\/v2\/pages\/"}],"about":[{"href":"https:\/\/www.kezdi.ro\/ro\/wp-json\/wp\/v2\/types\/page\/"}],"author":[{"embeddable":true,"href":"https:\/\/www.kezdi.ro\/ro\/wp-json\/wp\/v2\/users\/1\/"}],"replies":[{"embeddable":true,"href":"https:\/\/www.kezdi.ro\/ro\/wp-json\/wp\/v2\/comments\/?post=11102"}],"version-history":[{"count":2,"href":"https:\/\/www.kezdi.ro\/ro\/wp-json\/wp\/v2\/pages\/11102\/revisions\/"}],"predecessor-version":[{"id":11249,"href":"https:\/\/www.kezdi.ro\/ro\/wp-json\/wp\/v2\/pages\/11102\/revisions\/11249\/"}],"wp:attachment":[{"href":"https:\/\/www.kezdi.ro\/ro\/wp-json\/wp\/v2\/media\/?parent=11102"}],"curies":[{"name":"wp","href":"https:\/\/api.w.org\/{rel}","templated":true}]}}