{"id":11091,"date":"2014-02-21T13:06:47","date_gmt":"2014-02-21T13:06:47","guid":{"rendered":"https:\/\/www.kezdi.ro\/?page_id=11091"},"modified":"2022-02-02T09:46:45","modified_gmt":"2022-02-02T09:46:45","slug":"cabinetul-primarului","status":"publish","type":"page","link":"https:\/\/www.kezdi.ro\/ro\/cabinetul-primarului\/","title":{"rendered":"Cabinetul primarului"},"content":{"rendered":"<p>Personalul din structura Serviciului Cabinetul Primarului desf\u0103\u015foar\u0103 activit\u0103\u0163i specifice de secretariat, consiliere \u015fi control general.<\/p>\n<p>&nbsp;<\/p>\n<p><strong>Atribu\u0163iile specifice ale Cabinetului Primarului sunt urm\u0103toarele :<\/strong><\/p>\n<p>* asigur\u0103 consilierea Primarului pe anumite probleme specifice unor domenii de activitate ale administra\u0163iei publice locale;<\/p>\n<p>* reprezentarea institu\u0163iei Primarului \u00een rela\u0163ia cu cet\u0103\u0163eanul, administra\u0163ia central\u0103 \u015fi local\u0103, alte institu\u0163ii \u015fi organiza\u0163ii \u00een baza mandatului conferit de Primar;<\/p>\n<p>* urm\u0103re\u015fte solu\u0163ionarea \u015fi prezentarea documentelor la termen de c\u0103tre compartimentele din structura organizatoric\u0103 a Prim\u0103riei, armonizarea programelor intercompartimentale;<\/p>\n<p>* verific\u0103, controleaz\u0103 \u015fi coordoneaz\u0103 activitatea compartimentelor din aparatul propriu de specialitate al Primarului, \u00een limita mandatului conferit, \u00eentocmind sesiz\u0103ri \u015fi rapoarte pe care la prezint\u0103 acestuia;<\/p>\n<p>* preg\u0103te\u015fte inform\u0103ri \u015fi materiale;<\/p>\n<p>* asigur\u0103 leg\u0103turile serviciilor de protocol ale institu\u0163iilor publice centrale \u015fi locale;<\/p>\n<p>* \u00eentre\u0163ine rela\u0163ii \u015fi contacte cu Consiliul Local, Prefectur\u0103, Prim\u0103riile \u015fi cu organiza\u0163iile politice \u015fi apolitice \u00een vederea coordon\u0103rii unor activit\u0103\u0163i \u015fi programe;<\/p>\n<p>* asigur\u0103 planificarea \u015fi desf\u0103\u015furarea ac\u0163iunilor \u015fi manifest\u0103rilor organizate de Primar;<\/p>\n<p>* acord\u0103 sprijin, \u00eendrum\u0103 \u015fi efectueaz\u0103, din dispozi\u0163ia Primarului, controale de fond \u015fi tematice privind modul \u00een care sunt respectate normele legile \u00een vigoare de personalul angajat, hot\u0103r\u00e2rile Consiliului Local, dispozi\u021biile Primarului \u0219i prevederile Regulamentului de Organizare \u015fi Func\u0163ionare. Rezultatele controalelor efectuate conform mandatului primit vor fi finalizate \u00eentr-un raport scris prezentat Primarului cu propuneri de \u00eembun\u0103t\u0103\u0163ire sau de sesizare a Comisiei de Disciplin\u0103, \u00een cazul existen\u0163ei unor fapte sau nereguli de natur\u0103 disciplinar\u0103;<\/p>\n<p>* informeaz\u0103 Primarul asupra articolelor \u015fi emisiunilor din presa local\u0103 \u015fi central\u0103, legat\u0103 de activitatea Prim\u0103riei.<\/p>\n<p>* \u00eendepline\u015fte \u015fi alte atribu\u0163ii stabilite prin dispozi\u0163ia Primarului.<\/p>\n<p>&nbsp;<\/p>\n<p><strong>Conducerea Municipiului T\u00e2rgu Secuiesc:<\/strong><\/p>\n<p>&nbsp;<\/p>\n<p><strong>Bokor Tiberiu, primar<\/strong><\/p>\n<p>Telefon: +40 267\/361 974<\/p>\n<p>E-mail: <a href=\"mailto:cabinet@kezdi.ro\">cabinet@kezdi.ro<\/a><\/p>\n<p>&nbsp;<\/p>\n<p><strong>Dr. Szilveszter Szabolcs, viceprimar<\/strong><\/p>\n<p>Telefon: +40 267\/361 974<\/p>\n<p>E-mail: <a href=\"mailto:cabinetvp@kezdi.ro\">cabinetvp@kezdi.ro<\/a><\/p>\n<p>&nbsp;<\/p>\n<p><strong>Personalul \u00eencadrat \u00een Cabinetul Primarului:<\/strong><\/p>\n<p>&nbsp;<\/p>\n<p><strong>Bartha Zsuzs\u00e1nna-Borb\u00e1la, \u015fef cabinet<\/strong><\/p>\n<p>Telefon: +40 267 362 974, int. 123<\/p>\n<p>e-mail: <a href=\"mailto:cabinet@kezdi.ro\">cabinet@kezdi.ro<\/a><\/p>\n<p>&nbsp;<\/p>\n","protected":false},"excerpt":{"rendered":"<p>Personalul din structura Serviciului Cabinetul Primarului desf\u0103\u015foar\u0103 activit\u0103\u0163i specifice de secretariat, consiliere \u015fi control general. &nbsp; Atribu\u0163iile specifice ale Cabinetului Primarului sunt urm\u0103toarele : * asigur\u0103 consilierea Primarului pe anumite probleme specifice unor domenii de activitate ale administra\u0163iei publice locale; * reprezentarea institu\u0163iei Primarului \u00een rela\u0163ia cu cet\u0103\u0163eanul, administra\u0163ia central\u0103 \u015fi local\u0103, alte institu\u0163ii \u015fi [&hellip;]<\/p>\n","protected":false},"author":1,"featured_media":0,"parent":0,"menu_order":0,"comment_status":"closed","ping_status":"open","template":"","meta":{"ngg_post_thumbnail":0,"footnotes":""},"class_list":["post-11091","page","type-page","status-publish","hentry"],"_links":{"self":[{"href":"https:\/\/www.kezdi.ro\/ro\/wp-json\/wp\/v2\/pages\/11091\/"}],"collection":[{"href":"https:\/\/www.kezdi.ro\/ro\/wp-json\/wp\/v2\/pages\/"}],"about":[{"href":"https:\/\/www.kezdi.ro\/ro\/wp-json\/wp\/v2\/types\/page\/"}],"author":[{"embeddable":true,"href":"https:\/\/www.kezdi.ro\/ro\/wp-json\/wp\/v2\/users\/1\/"}],"replies":[{"embeddable":true,"href":"https:\/\/www.kezdi.ro\/ro\/wp-json\/wp\/v2\/comments\/?post=11091"}],"version-history":[{"count":9,"href":"https:\/\/www.kezdi.ro\/ro\/wp-json\/wp\/v2\/pages\/11091\/revisions\/"}],"predecessor-version":[{"id":38557,"href":"https:\/\/www.kezdi.ro\/ro\/wp-json\/wp\/v2\/pages\/11091\/revisions\/38557\/"}],"wp:attachment":[{"href":"https:\/\/www.kezdi.ro\/ro\/wp-json\/wp\/v2\/media\/?parent=11091"}],"curies":[{"name":"wp","href":"https:\/\/api.w.org\/{rel}","templated":true}]}}