{"id":11090,"date":"2014-02-21T13:07:16","date_gmt":"2014-02-21T10:07:16","guid":{"rendered":"https:\/\/www.kezdi.ro\/?page_id=11090"},"modified":"2024-11-20T13:03:33","modified_gmt":"2024-11-20T10:03:33","slug":"cabinetul-viceprimarului","status":"publish","type":"page","link":"https:\/\/www.kezdi.ro\/ro\/cabinetul-viceprimarului\/","title":{"rendered":"Cabinetul viceprimarului"},"content":{"rendered":"<p>Personalul biroului desf\u0103\u0219oar\u0103 activit\u0103\u021bi de secretariat \u0219i de verificare general\u0103.<\/p>\n<p>&nbsp;<\/p>\n<p><strong>Principalele domenii de activitate:<\/strong><\/p>\n<p>* reprezint\u0103 viceprimarul \u00een fa\u021ba cet\u0103\u021benilor, a organelor administrative centrale \u0219i locale, precum \u0219i a institu\u021biilor publice, a organiza\u021biilor, pe baz\u0103 de \u00eemputernicire;<\/p>\n<p>* aranjeaz\u0103 rela\u021biile protocolare a diferitelor organe administrative centrale \u0219i locale;<\/p>\n<p>* particip\u0103 la \u00eent\u00e2lnirile oficiale \u0219i la protocol;<\/p>\n<p>* desf\u0103\u0219oar\u0103 orice alt\u0103 activitate, pe care le stabile\u0219te prin dispozi\u021bia viceprimarul.<\/p>\n<p>&nbsp;<\/p>\n<p>Viceprimarul ora\u0219ului T\u00e2rgu Secuiesc r\u0103spunde \u00eendeosebi pentru administrarea ora\u0219ului.<\/p>\n<p>&nbsp;<\/p>\n<p>Secretariat:<\/p>\n<p><strong>Rettegi Csenge, consilier<\/strong><\/p>\n<p>Telefon: +40 267 361 974; int. 115.<\/p>\n<p>E-mail: <a href=\"cabinetvp@kezdi.ro\">cabinetvp@kezdi.ro<\/a><\/p>\n","protected":false},"excerpt":{"rendered":"<p>Personalul biroului desf\u0103\u0219oar\u0103 activit\u0103\u021bi de secretariat \u0219i de verificare general\u0103. &nbsp; Principalele domenii de activitate: * reprezint\u0103 viceprimarul \u00een fa\u021ba cet\u0103\u021benilor, a organelor administrative centrale \u0219i locale, precum \u0219i a institu\u021biilor publice, a organiza\u021biilor, pe baz\u0103 de \u00eemputernicire; * aranjeaz\u0103 rela\u021biile protocolare a diferitelor organe administrative centrale \u0219i locale; * particip\u0103 la \u00eent\u00e2lnirile oficiale \u0219i [&hellip;]<\/p>\n","protected":false},"author":1,"featured_media":0,"parent":0,"menu_order":0,"comment_status":"closed","ping_status":"open","template":"","meta":{"ngg_post_thumbnail":0,"footnotes":""},"class_list":["post-11090","page","type-page","status-publish","hentry"],"_links":{"self":[{"href":"https:\/\/www.kezdi.ro\/ro\/wp-json\/wp\/v2\/pages\/11090\/"}],"collection":[{"href":"https:\/\/www.kezdi.ro\/ro\/wp-json\/wp\/v2\/pages\/"}],"about":[{"href":"https:\/\/www.kezdi.ro\/ro\/wp-json\/wp\/v2\/types\/page\/"}],"author":[{"embeddable":true,"href":"https:\/\/www.kezdi.ro\/ro\/wp-json\/wp\/v2\/users\/1\/"}],"replies":[{"embeddable":true,"href":"https:\/\/www.kezdi.ro\/ro\/wp-json\/wp\/v2\/comments\/?post=11090"}],"version-history":[{"count":5,"href":"https:\/\/www.kezdi.ro\/ro\/wp-json\/wp\/v2\/pages\/11090\/revisions\/"}],"predecessor-version":[{"id":43400,"href":"https:\/\/www.kezdi.ro\/ro\/wp-json\/wp\/v2\/pages\/11090\/revisions\/43400\/"}],"wp:attachment":[{"href":"https:\/\/www.kezdi.ro\/ro\/wp-json\/wp\/v2\/media\/?parent=11090"}],"curies":[{"name":"wp","href":"https:\/\/api.w.org\/{rel}","templated":true}]}}