{"id":11019,"date":"2014-04-09T09:21:50","date_gmt":"2014-04-09T06:21:50","guid":{"rendered":"https:\/\/www.kezdi.ro\/?page_id=11019"},"modified":"2024-07-17T11:32:26","modified_gmt":"2024-07-17T08:32:26","slug":"scoala-gimnaziala-turoczi-mozes","status":"publish","type":"page","link":"https:\/\/www.kezdi.ro\/ro\/scoala-gimnaziala-turoczi-mozes\/","title":{"rendered":"\u0218coala General\u0103 Tur\u00f3czi M\u00f3zes"},"content":{"rendered":"<div class=\"row\">\n<div class=\"col-xs-12 col-sm-5 col-md-4 col-lg-4 page-thumbnail\"><a href=\"https:\/\/www.kezdi.ro\/wp-content\/uploads\/Turoczi-Mozes-iskola_TL_01.jpg\" data-rel=\"lightbox-gallery-Q34HX7v7\" data-rl_title=\"\" data-rl_caption=\"\" title=\"\"><img loading=\"lazy\" decoding=\"async\" class=\"img-responsive thumbnail\" src=\"http:\/\/www.kezdi.ro\/wp-content\/uploads\/turoczi-1.jpg\" alt=\"Turoczi Mozes iskola_TL_01\" width=\"1024\" height=\"666\" \/><\/a><\/div>\n<div class=\"page-content-detail\">\n<p>\u0218i-a \u00eenceput func\u021bionarea la 15 septembrie 1974. Poart\u0103 numele Tur\u00f3czi M\u00f3zes din mai 1993, \u00eenainte a avut denumirea de \u0218coala General\u0103 Nr. 3. \u00cen \u0219coal\u0103 func\u021bioneaz\u0103 sec\u021bie maghiar\u0103 \u0219i rom\u00e2n\u0103.<\/p>\n<p>Directoare: Voloncs M\u00e1ria<\/p>\n<p>&nbsp;<\/p>\n<p>Contact: +40 267 361 922, fax: +40 267 365 007<\/p>\n<\/div>\n<\/div>\n","protected":false},"excerpt":{"rendered":"<p>\u0218i-a \u00eenceput func\u021bionarea la 15 septembrie 1974. Poart\u0103 numele Tur\u00f3czi M\u00f3zes din mai 1993, \u00eenainte a avut denumirea de \u0218coala General\u0103 Nr. 3. \u00cen \u0219coal\u0103 func\u021bioneaz\u0103 sec\u021bie maghiar\u0103 \u0219i rom\u00e2n\u0103. Directoare: Voloncs M\u00e1ria &nbsp; Contact: +40 267 361 922, fax: +40 267 365 007<\/p>\n","protected":false},"author":1,"featured_media":0,"parent":0,"menu_order":0,"comment_status":"closed","ping_status":"open","template":"","meta":{"ngg_post_thumbnail":0,"footnotes":""},"class_list":["post-11019","page","type-page","status-publish","hentry"],"_links":{"self":[{"href":"https:\/\/www.kezdi.ro\/ro\/wp-json\/wp\/v2\/pages\/11019\/"}],"collection":[{"href":"https:\/\/www.kezdi.ro\/ro\/wp-json\/wp\/v2\/pages\/"}],"about":[{"href":"https:\/\/www.kezdi.ro\/ro\/wp-json\/wp\/v2\/types\/page\/"}],"author":[{"embeddable":true,"href":"https:\/\/www.kezdi.ro\/ro\/wp-json\/wp\/v2\/users\/1\/"}],"replies":[{"embeddable":true,"href":"https:\/\/www.kezdi.ro\/ro\/wp-json\/wp\/v2\/comments\/?post=11019"}],"version-history":[{"count":5,"href":"https:\/\/www.kezdi.ro\/ro\/wp-json\/wp\/v2\/pages\/11019\/revisions\/"}],"predecessor-version":[{"id":42773,"href":"https:\/\/www.kezdi.ro\/ro\/wp-json\/wp\/v2\/pages\/11019\/revisions\/42773\/"}],"wp:attachment":[{"href":"https:\/\/www.kezdi.ro\/ro\/wp-json\/wp\/v2\/media\/?parent=11019"}],"curies":[{"name":"wp","href":"https:\/\/api.w.org\/{rel}","templated":true}]}}