{"id":11017,"date":"2014-04-09T09:21:35","date_gmt":"2014-04-09T06:21:35","guid":{"rendered":"https:\/\/www.kezdi.ro\/?page_id=11017"},"modified":"2024-07-16T11:21:14","modified_gmt":"2024-07-16T08:21:14","slug":"scoala-gimnaziala-molnar-jozsias","status":"publish","type":"page","link":"https:\/\/www.kezdi.ro\/ro\/scoala-gimnaziala-molnar-jozsias\/","title":{"rendered":"\u0218coala General\u0103 Moln\u00e1r J\u00f3zsi\u00e1s"},"content":{"rendered":"<div class=\"row\">\n<div class=\"col-xs-12 col-sm-5 col-md-4 col-lg-4 page-thumbnail\"><a href=\"http:\/\/www.kezdi.ro\/wp-content\/uploads\/molnar-jozsias.jpg\" data-rel=\"lightbox-gallery-qcMUHyID\" data-rl_title=\"\" data-rl_caption=\"\" title=\"\"><img loading=\"lazy\" decoding=\"async\" class=\"img-responsive thumbnail\" src=\"http:\/\/www.kezdi.ro\/wp-content\/uploads\/molnar-jozsias.jpg\" alt=\"Molnar Jozsias iskola_TL_01\" width=\"1024\" height=\"678\"><\/a><\/div>\n<div class=\"page-content-detail\">\n<p style=\"text-align: justify\">\u0218coala Gimnazial\u0103 Moln\u00e1r J\u00f3zsi\u00e1s a fost construit\u0103 \u00een anul 1979 \u0219i exist\u0103 ca institu\u021bie de \u00eenv\u0103\u021b\u0103m\u00e2nt \u00eencep\u00e2nd din 1980.<\/p>\n<p style=\"text-align: justify\">&nbsp;<\/p>\n<p style=\"text-align: justify\">Fiecare clas\u0103 are s\u0103li primitoare, iar pentru predarea materiilor specifice exist\u0103 s\u0103li specializate, s\u0103li de exerci\u021bii, sal\u0103 de informatic\u0103, o bibliotec\u0103 \u0219i un cabinet multimedia st\u0103 la dispozi\u021bia elevilor. Sala de sport, construit\u0103 de c\u0103tre Secretariatul de Stat pentru Politica Na\u021bional\u0103 din Ungaria \u0219i Funda\u021bia Bethlen G\u00e1bor Alapkezel\u0151 Zrt. din Ungaria \u00een anul 2023, ofer\u0103 elevilor posibilitatea de a practica sport \u00een condi\u021bii moderne.<\/p>\n<p style=\"text-align: justify\">&nbsp;<\/p>\n<p style=\"text-align: justify\">\u00cen \u0219coala noastr\u0103, \u00een clasele elementare exist\u0103 sec\u021bii tradi\u021bionale, step by step \u0219i sec\u021bii de muzic\u0103, iar \u00een clasele V\u2013VIII, pe fiecare nivel de studiu exist\u0103 sec\u021bii tradi\u021bionale, de muzic\u0103 \u0219i de limb\u0103 str\u0103in\u0103.<\/p>\n<p style=\"text-align: justify\">&nbsp;<\/p>\n<p style=\"text-align: justify\">\u00cen cadrul sec\u021biei de muzic\u0103, copiii pot alege \u00eentre instrumente cu coarde, instrumente din lemn \u0219i cu alam\u0103, instrumente cu corzi ciupite sau instrumente cu clape.<\/p>\n<p style=\"text-align: justify\">&nbsp;<\/p>\n<p style=\"text-align: justify\">Sec\u021bia de gimnaziu cu frecven\u021b\u0103 redus\u0103 ofer\u0103 posibilitatea recuper\u0103rii elevilor care au abandonat \u0219coala dar au optat pentru recuperare.<\/p>\n<p style=\"text-align: justify\">&nbsp;<\/p>\n<p style=\"text-align: justify\">\u00cen cadrul programelor \u0219colare, pedagogii organizeaz\u0103 munca educa\u021bional\u0103 \u0219i de predare lu\u00e2nd \u00een considerare nevoile individuale ale copiilor, pentru a-i educa ca personalit\u0103\u021bi independente, deschise, curioase \u0219i care se respect\u0103 reciproc.<\/p>\n<p style=\"text-align: justify\">&nbsp;<\/p>\n<p style=\"text-align: justify\">\u0218coala noastr\u0103 a ob\u021binut \u00een decursul anilor titlurile de \u201e\u0218coal\u0103 Fericit\u0103\u201d, \u201e\u0218coal\u0103 de Protec\u021bie a Mediului\u201d \u0219i \u201eSus\u021bin\u0103tor al Recicl\u0103rii ROREC\u201d.<\/p>\n<p>&nbsp;<\/p>\n<p>&nbsp;<\/p>\n<p>Director: Simon Istv\u00e1n<\/p>\n<p>Contact: +40 267 362 691<\/p>\n<\/div>\n<\/div>\n","protected":false},"excerpt":{"rendered":"<p>\u0218coala Gimnazial\u0103 Moln\u00e1r J\u00f3zsi\u00e1s a fost construit\u0103 \u00een anul 1979 \u0219i exist\u0103 ca institu\u021bie de \u00eenv\u0103\u021b\u0103m\u00e2nt \u00eencep\u00e2nd din 1980. &nbsp; Fiecare clas\u0103 are s\u0103li primitoare, iar pentru predarea materiilor specifice exist\u0103 s\u0103li specializate, s\u0103li de exerci\u021bii, sal\u0103 de informatic\u0103, o bibliotec\u0103 \u0219i un cabinet multimedia st\u0103 la dispozi\u021bia elevilor. Sala de sport, construit\u0103 de c\u0103tre [&hellip;]<\/p>\n","protected":false},"author":1,"featured_media":0,"parent":0,"menu_order":0,"comment_status":"closed","ping_status":"open","template":"","meta":{"ngg_post_thumbnail":0,"footnotes":""},"class_list":["post-11017","page","type-page","status-publish","hentry"],"_links":{"self":[{"href":"https:\/\/www.kezdi.ro\/ro\/wp-json\/wp\/v2\/pages\/11017\/"}],"collection":[{"href":"https:\/\/www.kezdi.ro\/ro\/wp-json\/wp\/v2\/pages\/"}],"about":[{"href":"https:\/\/www.kezdi.ro\/ro\/wp-json\/wp\/v2\/types\/page\/"}],"author":[{"embeddable":true,"href":"https:\/\/www.kezdi.ro\/ro\/wp-json\/wp\/v2\/users\/1\/"}],"replies":[{"embeddable":true,"href":"https:\/\/www.kezdi.ro\/ro\/wp-json\/wp\/v2\/comments\/?post=11017"}],"version-history":[{"count":7,"href":"https:\/\/www.kezdi.ro\/ro\/wp-json\/wp\/v2\/pages\/11017\/revisions\/"}],"predecessor-version":[{"id":42766,"href":"https:\/\/www.kezdi.ro\/ro\/wp-json\/wp\/v2\/pages\/11017\/revisions\/42766\/"}],"wp:attachment":[{"href":"https:\/\/www.kezdi.ro\/ro\/wp-json\/wp\/v2\/media\/?parent=11017"}],"curies":[{"name":"wp","href":"https:\/\/api.w.org\/{rel}","templated":true}]}}