{"id":10815,"date":"2014-02-21T12:47:14","date_gmt":"2014-02-21T09:47:14","guid":{"rendered":"https:\/\/www.kezdi.ro\/?page_id=10815"},"modified":"2023-12-12T12:41:00","modified_gmt":"2023-12-12T09:41:00","slug":"ajutor-social","status":"publish","type":"page","link":"https:\/\/www.kezdi.ro\/ro\/ajutor-social\/","title":{"rendered":"Ajutor social"},"content":{"rendered":"<p><strong>1. Ajutor social<\/strong><\/p>\n<p>&nbsp;<\/p>\n<p>Actele necesare pentru ajutorul social:<br \/>\n* cerere tip<br \/>\n* actele de identitate ale tuturor persoanelor care tr\u0103iesc \u00een acela\u0219i spa\u021biu de locuit<br \/>\n* dovad\u0103 de la finan\u021be c\u0103 nu exist\u0103 venit<br \/>\n* adeverin\u021b\u0103 de la Agen\u021bia de Ocupare a For\u021bei de Munc\u0103<\/p>\n<p>&nbsp;<\/p>\n<p><strong>2. Concediu pentru cre\u0219tere a copilului<\/strong><\/p>\n<p>&nbsp;<\/p>\n<p>Concediul pentru cre\u0219terea copilului poate fi solicitat de c\u0103tre unul dintre p\u0103rin\u021bi, dac\u0103 \u00een perioada de dinainte de na\u0219tere a copilului a avut condi\u021bie de munc\u0103 (\u00een ultimele 12 luni).<\/p>\n<p>&nbsp;<\/p>\n<p><strong>Actele necesare:<\/strong><\/p>\n<p>* cerere tip<\/p>\n<p>* adeverin\u021b\u0103 de la locul de munc\u0103<\/p>\n<p>* cartea de identitate a p\u0103rin\u021bilor<\/p>\n<p>* certificatul de na\u0219tere al copilului<\/p>\n<p>* copia c\u0103r\u021bii de familie<\/p>\n<p>&nbsp;<\/p>\n<p><strong>3. Aloca\u021bia pentru copil poate fi solicitat\u0103 de c\u0103tre unul dintre p\u0103rin\u021bi<\/strong><\/p>\n<p>&nbsp;<\/p>\n<p><strong>Actele necesare:<\/strong><\/p>\n<p>* cerere tip<\/p>\n<p>* cartea de identitate a p\u0103rin\u021bilor<\/p>\n<p>* certificatul de na\u0219tere al copilului<\/p>\n<p>&nbsp;<\/p>\n<p><strong>4. Mas\u0103 social\u0103<\/strong><\/p>\n<p>&nbsp;<\/p>\n<p><strong>Beneficiaz\u0103 de mas\u0103 gratuit\u0103 sau cu plat\u0103 urm\u0103toarele persoane:<\/strong><\/p>\n<p>* copii sub 18 ani din acele familii unde venitul minim net nu dep\u0103\u0219e\u0219te suma aloca\u021biei sociale (145 lei)<\/p>\n<p>* pensionarii<\/p>\n<p>* persoane care sunt \u00eendrept\u0103\u021bi\u021bi la pensie, dar f\u0103r\u0103 venit<\/p>\n<p>* persoanele cu handicap sau bolnavii cronici<\/p>\n<p>* acele persoane ale c\u0103ror venit minim net lunar nu dep\u0103\u0219e\u0219te suma aloca\u021biei sociale (145 lei), \u00een cazul \u00een care 30% din valoarea venitului o pl\u0103te\u0219te la biroul de impozite \u0219i taxe ale prim\u0103riei.&nbsp;<\/p>\n<p>&nbsp;<\/p>\n<p><strong>Actele necesare:<\/strong><\/p>\n<p>* cerere tip<\/p>\n<p>* adeverin\u021b\u0103 de venit<\/p>\n<p>* copia actului de identitate<\/p>\n<p>&nbsp;<\/p>\n<p><strong>5. Aloca\u021bie pentru familie \u0219i \u00eentre\u021binere<\/strong><\/p>\n<p>&nbsp;<\/p>\n<p>Beneficiaz\u0103 de aloca\u021bie pentru familie acele familii ale c\u0103ror membri tr\u0103iesc \u00eempreun\u0103 \u0219i veniturile, pe membru de familie, nu dep\u0103\u0219esc valoarea venitului minim net pe \u021bar\u0103. Prin familie se \u00een\u021beleg so\u021bul, so\u021bia \u0219i copiii sub 18 ani care se afl\u0103 \u00een \u00eentre\u021binerea acestora. Prin copil se \u00een\u021beleg copilul natural al p\u0103rin\u021bilor, copilul adoptat, copilul care tr\u0103ie\u0219te \u00een locuin\u021ba familiei sau copilul a\u0219ezat sub tutel\u0103.<\/p>\n<p>&nbsp;<\/p>\n<p>Beneficiaz\u0103 de aloca\u021bia pentru \u00eentre\u021binere acele familii care sunt alc\u0103tuite dintr-un p\u0103rinte (mam\u0103 sau tat\u0103), respectiv copii sub 18 ani, tr\u0103iesc \u00eempreun\u0103 \u0219i venitul lunar pe o persoan\u0103 nu dep\u0103\u0219e\u0219te valoarea venitului minim net pe \u021bar\u0103. Prin copil se \u00een\u021belege copilul de s\u00e2nge, copilul adoptat, aflat \u00een \u00eengrijire, copilul care tr\u0103ie\u0219te \u00een locuin\u021ba familiei sau copilul a\u0219ezat sub tutel\u0103.<\/p>\n<p>&nbsp;<\/p>\n<p><strong>Prin persoan\u0103 singur\u0103 se \u00een\u021beleg urm\u0103toarele:<\/strong><\/p>\n<p>* nu este c\u0103s\u0103torit\/nu are so\u021b sau so\u021bie<\/p>\n<p>* v\u0103duv<\/p>\n<p>* divor\u021bat<\/p>\n<p>* unul dintre so\u021bi este declarat disp\u0103rut, prin hot\u0103r\u00e2re judec\u0103toreasc\u0103<\/p>\n<p>* unul dintre so\u021bi se afl\u0103 \u00een arest preventiv de mai mult de 30 de zile sau este condamnat la deten\u021bie \u0219i nu particip\u0103 la cre\u0219terea copiilor<\/p>\n<p>* l-au denumit tutorele sau \u00eengrijitorul unuia sau al mai multor copii.<\/p>\n<p>&nbsp;<\/p>\n<p>Ambele aloca\u021bii se pl\u0103tesc lunar.<\/p>\n<p>&nbsp;<\/p>\n<p><strong>Actele necesare:<\/strong><\/p>\n<p>* imprimat tip<\/p>\n<p>* cartea de familie care dovede\u0219te componen\u021ba familiei, situa\u021bia juridic\u0103 a copiilor<\/p>\n<p>* copia actului de identitate<\/p>\n<p>* adeverin\u021b\u0103 de venit<\/p>\n<p>* adeverin\u021b\u0103 de la \u0219coal\u0103<\/p>\n<p>&nbsp;<\/p>\n<p><strong>Documente desc\u0103rcabile:<\/strong><\/p>\n<p>1. <a href=\"\/public_html\/wp-content\/themes\/kezdi\/dokumentumok\/letoltheto\/2019\/formular-adeverinta-angajator-pentru-indemnizatie-de-crestere-copil.pdf\" target=\"_blank\" rel=\"noopener noreferrer\">Formular adeverinta angajator pentru indemnizatie de crestere copil<\/a><\/p>\n<p>2. <a href=\"\/public_html\/wp-content\/themes\/kezdi\/dokumentumok\/letoltheto\/2019\/cerere-pentru-acordarea-alocatiei-de-stat-pentru-copii.pdf\" target=\"_blank\" rel=\"noopener noreferrer\">Cerere pentru acordarea alocatiei de stat pentru copii<\/a><\/p>\n<p>3. <a href=\"\/public_html\/wp-content\/themes\/kezdi\/dokumentumok\/letoltheto\/2019\/cerere-pentru-acordarea-indemnizatiti-de-crestere-copil-stimulent-de-insertie-alocatie-copil.pdf\" target=\"_blank\" rel=\"noopener noreferrer\">Cerere pentru acordarea indemnizatiti de crestere copil stimulent de insertie alocatie copil<\/a><\/p>\n<p>4. <a href=\"\/public_html\/wp-content\/themes\/kezdi\/dokumentumok\/letoltheto\/2019\/cerere-pentru-acordarea-unor-drepturi-de-asistenta-sociala.pdf\" target=\"_blank\" rel=\"noopener noreferrer\">Cerere pentru acordarea unor drepturi de asistenta sociala<\/a><\/p>\n<p>&nbsp;<\/p>\n<p><strong>Ajutor de \u00eenc\u0103lzire<\/strong><\/p>\n<p>&nbsp;<\/p>\n<p>Din luna octombrie se pot solicita \u0219i depune cererile \u0219i declara\u021biile pe propria r\u0103spundere pentru ajutorul de \u00eenc\u0103lzire, conform orarului Biroului de Rela\u021bii cu publicul (luni-vineri \u00eentre orele 8-16). Venitul mediu net lunar p\u00e2n\u0103 la care se acord\u0103 ajutorul pentru \u00eenc\u0103lzire este de 1.386 lei\/persoan\u0103, \u00een cazul familiei, \u0219i de 2.053 lei, \u00een cazul persoanei singure. Contravaloarea ajutorului pentru \u00eenc\u0103lzire va fi men\u0163ionat\u0103 \u00een facturile emise de furnizori.<\/p>\n<p>&nbsp;<\/p>\n<p>Pentru a beneficia de ajutorul de \u00eenc\u0103lzire solicitanul sau membrii de familie cu care se gospod\u0103re\u0219te nu pot de\u021bine \u00een proprietate nici unul dintre bunurile enumerate \u00een lista de excludere.<\/p>\n<p>&nbsp;<\/p>\n<p><strong>Acte necesare pentru ob\u0163inerea ajutorului de \u00eenc\u0103lzire:<\/strong><\/p>\n<p>* cerere tipizat\u0103;<\/p>\n<p>* copie xerox a buletinului de identitate sau certificat de na\u015ftere(\u00een cazul copiilor sub 14 ani) pentru solicitant \u015fi a membrilor de familie declarate;<\/p>\n<p>* acte doveditoare privind proprietatea imobilului;<\/p>\n<p>* adeverin\u0163e de venit, talon de pensie sau dup\u0103 caz declara\u0163ie pe propria r\u0103spundere c\u0103 nu realizeaz\u0103 nici un venit;<\/p>\n<p>* ultima factur\u0103 a gazului ( \u00een cazul \u00eenc\u0103lzirii cu gaz);<\/p>\n<p>* ultima factur\u0103 a curentului electric (\u00een cazul \u00eenc\u0103lzirii cu energie electric\u0103);<\/p>\n<p>* pentru proprietrii de autovehicule copie dup\u0103 Carte de identitate sau talon.<\/p>\n<p>&nbsp;<\/p>\n<p>Datele declarate cu privire la bunuri vor fi vizate la biroul agricol respectiv biroul de taxe \u015fi impozite la cererea solicitantului, \u00eenaintea pred\u0103rii cererii.<\/p>\n<p>&nbsp;<\/p>\n<p>Persoanele\/familiile care locuiesc \u00een chirie, pot beneficia de ajutor pentru \u00eenc\u0103lzire pe baza contractului de \u00eenchiriere valabil. Pentru a beneficia de ajutor pentru toat\u0103 perioada legal\u0103, cererile trebuie depuse p\u00e2n\u0103 la data de 20 noiembrie la Prim\u0103ria municipiului T\u00e2rgu Secuiesc. Cei care depun cererile dup\u0103 data de 21 noiembrie pot primi ajutoare pentru perioada decembrie\u2013martie.<\/p>\n<p>&nbsp;<\/p>\n<p>Ajutorul pentru \u00eenc\u0103lzirea locuin\u021bei se acord\u0103 pentru un singur sistem utilizat pentru \u00eenc\u0103lzirea locuin\u021bei, pe perioada sezonului rece, fiind vorba de gaze naturale, energie electric\u0103 sau combustibili solizi \u0219i\/sau petrolieri.<\/p>\n<p>&nbsp;<\/p>\n<p>Lista de excludere, limitele de venituri, cuantumul ajutoarelor precum \u0219i formularele tipizate pot fi desc\u0103rcate \u0219i studiate la <em><a href=\"https:\/\/www.kezdi.ro\/ro\/directia-de-asistenta-sociala\/\">https:\/\/www.kezdi.ro\/ro\/directia-de-asistenta-sociala\/<\/a>. <\/em><\/p>\n<p>&nbsp;<\/p>\n<p>Informa\u021bii suplimentare pot fi solicitate \u0219i prin e-mail la <a href=\"mailto:incalzire2021@kezdi.ro\">incalzire2021@kezdi.ro<\/a>.<\/p>\n<p>&nbsp;<\/p>\n<p><strong>Documente desc\u0103rcabile:<\/strong><\/p>\n<p><a href=\"\/wp-content\/themes\/kezdi\/dokumentumok\/letoltheto\/2014\/futestamogatas_tipuskeres.pdf\" target=\"_blank\" rel=\"noopener noreferrer\">1. Cerere tip pentru ajutorul de \u00eenc\u0103lzire<\/a><\/p>\n<p><a href=\"\/wp-content\/themes\/kezdi\/dokumentumok\/letoltheto\/2014\/futestamogatast_kizaro_lista.pdf\" target=\"_blank\" rel=\"noopener noreferrer\">2. List\u0103 de excludere<\/a><\/p>\n<p>&nbsp;<\/p>\n<p><strong>COMUNICARE!<\/strong><\/p>\n<p>&nbsp;<\/p>\n<p><strong>De la 1 ianuarie 2024, ajutorul social \u0219i aloca\u021bia pentru sus\u021binerea familiei sunt \u00eenlocuite cu venitul minim de incluziune.<\/strong><\/p>\n<p>&nbsp;<\/p>\n<p>Prin prezenta, v\u0103 comunic\u0103m c\u0103 to\u021bi beneficiarii actuali care au \u00een prezent dreptul la ajutor social acordat \u00een baza legii nr.416\/2001 \u0219i aloca\u021bia pentru sus\u021binerea familiei au obliga\u021bia de a se prezenta la Direc\u021bia de Asisten\u021b\u0103 Social\u0103&nbsp; p\u00e2n\u0103 la data de 20.12.2023 pentru a depune o nou\u0103 cerere&nbsp; pe baza legii 196\/2016 cu <strong>urm\u0103toare documentele necesare<\/strong>:<\/p>\n<p>&#8211; C\u0103r\u021bile de identitae pentru to\u021bi membrii familiei cu v\u00e2rsta peste 14 ani<\/p>\n<p>&#8211; Certificatele de na\u0219tere pentru copii sub v\u00e2rsta de 14 ani<\/p>\n<p>&#8211; Certificat de c\u0103s\u0103torie, dup\u0103 caz<\/p>\n<p>&#8211; Sentin\u021ba de divor\u021b, dac\u0103 este cazul<\/p>\n<p>&#8211; Certificat de deces, dac\u0103 este cazul<\/p>\n<p>&#8211; Adeverin\u021b\u0103 de la \u0219coal\u0103<\/p>\n<p>&#8211; Adeverin\u021ba de venit<\/p>\n<p>&nbsp;<\/p>\n<p><strong>Documente desc\u0103rcabile: <a href=\"http:\/\/www.kezdi.ro\/wp-content\/uploads\/cerere_VMI_2023.pdf\" target=\"_blank\" rel=\"noopener\">cerere de tip<\/a><\/strong><\/p>\n","protected":false},"excerpt":{"rendered":"<p>1. Ajutor social &nbsp; Actele necesare pentru ajutorul social: * cerere tip * actele de identitate ale tuturor persoanelor care tr\u0103iesc \u00een acela\u0219i spa\u021biu de locuit * dovad\u0103 de la finan\u021be c\u0103 nu exist\u0103 venit * adeverin\u021b\u0103 de la Agen\u021bia de Ocupare a For\u021bei de Munc\u0103 &nbsp; 2. Concediu pentru cre\u0219tere a copilului &nbsp; Concediul [&hellip;]<\/p>\n","protected":false},"author":1,"featured_media":0,"parent":0,"menu_order":0,"comment_status":"closed","ping_status":"open","template":"","meta":{"ngg_post_thumbnail":0,"footnotes":""},"class_list":["post-10815","page","type-page","status-publish","hentry"],"_links":{"self":[{"href":"https:\/\/www.kezdi.ro\/ro\/wp-json\/wp\/v2\/pages\/10815\/"}],"collection":[{"href":"https:\/\/www.kezdi.ro\/ro\/wp-json\/wp\/v2\/pages\/"}],"about":[{"href":"https:\/\/www.kezdi.ro\/ro\/wp-json\/wp\/v2\/types\/page\/"}],"author":[{"embeddable":true,"href":"https:\/\/www.kezdi.ro\/ro\/wp-json\/wp\/v2\/users\/1\/"}],"replies":[{"embeddable":true,"href":"https:\/\/www.kezdi.ro\/ro\/wp-json\/wp\/v2\/comments\/?post=10815"}],"version-history":[{"count":8,"href":"https:\/\/www.kezdi.ro\/ro\/wp-json\/wp\/v2\/pages\/10815\/revisions\/"}],"predecessor-version":[{"id":41734,"href":"https:\/\/www.kezdi.ro\/ro\/wp-json\/wp\/v2\/pages\/10815\/revisions\/41734\/"}],"wp:attachment":[{"href":"https:\/\/www.kezdi.ro\/ro\/wp-json\/wp\/v2\/media\/?parent=10815"}],"curies":[{"name":"wp","href":"https:\/\/api.w.org\/{rel}","templated":true}]}}