{"id":10813,"date":"2014-02-21T12:47:05","date_gmt":"2014-02-21T12:47:05","guid":{"rendered":"https:\/\/www.kezdi.ro\/?page_id=10813"},"modified":"2021-06-14T08:50:45","modified_gmt":"2021-06-14T08:50:45","slug":"taxe-si-impozite-locale","status":"publish","type":"page","link":"https:\/\/www.kezdi.ro\/ro\/taxe-si-impozite-locale\/","title":{"rendered":"Taxe \u015fi impozite locale"},"content":{"rendered":"<p><strong>Impozitele \u0219i taxele locale sunt urm\u0103toarele:<\/strong><\/p>\n<p>a.) impozit pe cl\u0103diri<\/p>\n<p>b.) impozit pe teren<\/p>\n<p>c.) tax\u0103 datorat\u0103 dup\u0103 mijloacele de transport<\/p>\n<p>d.) tax\u0103 de emitere a adeverin\u021belor, referin\u021belor \u0219i autoriza\u021biilor<\/p>\n<p>e.) tax\u0103 de folosire a mijloacelor de reclam\u0103 \u0219i publicitate<\/p>\n<p>f.) impozit de atrac\u021bie;<\/p>\n<p>g.) tax\u0103 de hotel<\/p>\n<p>h.) taxe speciale<\/p>\n<p>i.) amenzi aplicate persoanelor fizice de organele de poli\u021bie sau de alte organe<\/p>\n<p>j.) amenzi aplicate persoanelor juridice pentru \u00eenc\u0103lcarea&nbsp; regulilor de circula\u021bie pe drumurile publice<\/p>\n<p>&nbsp;<\/p>\n<p><strong>Termene de plat\u0103 a impozitelor:<\/strong><\/p>\n<p>&#8211; pentru semestrul I. termenul de plat\u0103 a impozitului este 31 martie.<\/p>\n<p>&#8211; pentru semestrul II. termenul de plat\u0103 a impozitului este 30 de septembrie.<\/p>\n<p>&nbsp;<\/p>\n<p>Dup\u0103 dep\u0103\u0219irea termenelor se aplic\u0103 0.1% dob\u00e2nd\u0103 restant\u0103 pentru fiecare zi de \u00eent\u00e2rziere.<\/p>\n<p>&nbsp;<\/p>\n<p><strong>Documente care pot fi desc\u0103rcate<\/strong><\/p>\n<p><a href=\"\/wp-content\/themes\/kezdi\/dokumentumok\/letoltheto\/2014\/letoltheto_ado_anexa_2013.pdf\" target=\"_blank\" rel=\"noopener noreferrer\">Hot\u0103r\u00e2rea Consiliului Local Nr. 92\/2013 despre impozitele locale<\/a><\/p>\n<p><a href=\"\/wp-content\/themes\/kezdi\/dokumentumok\/tanacshatarozatok\/2015\/92.pdf\" target=\"_blank\" rel=\"noopener noreferrer\">Hot\u0103r\u00e2rea Consiliului Local Nr. 92\/2015 despre impozitele locale<\/a><\/p>\n<p><a href=\"https:\/\/www.kezdi.ro\/wp-content\/themes\/kezdi\/dokumentumok\/letoltheto\/2017\/120.pdf\" target=\"_blank\" rel=\"noopener noreferrer\">Impozite locale 2017<\/a><\/p>\n<p><a href=\"https:\/\/www.kezdi.ro\/wp-content\/themes\/kezdi\/dokumentumok\/letoltheto\/2017\/120_1.pdf\" target=\"_blank\" rel=\"noopener noreferrer\">Impozite locale 2017 &#8211; anex\u0103<\/a><\/p>\n","protected":false},"excerpt":{"rendered":"<p>Impozitele \u0219i taxele locale sunt urm\u0103toarele: a.) impozit pe cl\u0103diri b.) impozit pe teren c.) tax\u0103 datorat\u0103 dup\u0103 mijloacele de transport d.) tax\u0103 de emitere a adeverin\u021belor, referin\u021belor \u0219i autoriza\u021biilor e.) tax\u0103 de folosire a mijloacelor de reclam\u0103 \u0219i publicitate f.) impozit de atrac\u021bie; g.) tax\u0103 de hotel h.) taxe speciale i.) amenzi aplicate persoanelor [&hellip;]<\/p>\n","protected":false},"author":1,"featured_media":0,"parent":0,"menu_order":0,"comment_status":"closed","ping_status":"open","template":"","meta":{"ngg_post_thumbnail":0,"footnotes":""},"class_list":["post-10813","page","type-page","status-publish","hentry"],"_links":{"self":[{"href":"https:\/\/www.kezdi.ro\/ro\/wp-json\/wp\/v2\/pages\/10813\/"}],"collection":[{"href":"https:\/\/www.kezdi.ro\/ro\/wp-json\/wp\/v2\/pages\/"}],"about":[{"href":"https:\/\/www.kezdi.ro\/ro\/wp-json\/wp\/v2\/types\/page\/"}],"author":[{"embeddable":true,"href":"https:\/\/www.kezdi.ro\/ro\/wp-json\/wp\/v2\/users\/1\/"}],"replies":[{"embeddable":true,"href":"https:\/\/www.kezdi.ro\/ro\/wp-json\/wp\/v2\/comments\/?post=10813"}],"version-history":[{"count":12,"href":"https:\/\/www.kezdi.ro\/ro\/wp-json\/wp\/v2\/pages\/10813\/revisions\/"}],"predecessor-version":[{"id":37732,"href":"https:\/\/www.kezdi.ro\/ro\/wp-json\/wp\/v2\/pages\/10813\/revisions\/37732\/"}],"wp:attachment":[{"href":"https:\/\/www.kezdi.ro\/ro\/wp-json\/wp\/v2\/media\/?parent=10813"}],"curies":[{"name":"wp","href":"https:\/\/api.w.org\/{rel}","templated":true}]}}