{"id":10802,"date":"2014-02-21T11:28:02","date_gmt":"2014-02-21T08:28:02","guid":{"rendered":"https:\/\/www.kezdi.ro\/?page_id=10802"},"modified":"2024-11-19T12:52:58","modified_gmt":"2024-11-19T09:52:58","slug":"comisii-de-specialitate","status":"publish","type":"page","link":"https:\/\/www.kezdi.ro\/ro\/comisii-de-specialitate\/","title":{"rendered":"Comisii de specialitate"},"content":{"rendered":"<p style=\"text-align: justify\"><strong>Compoten\u021ba comisiilor \u00eentre 2024\u20132028:<\/strong><\/p>\n<p style=\"text-align: justify\">&nbsp;<\/p>\n<p style=\"text-align: justify\"><strong>Comisia economic\u0103 \u015fi juridic\u0103<\/strong><\/p>\n<p style=\"text-align: justify\">Membrii comisiei: D\u00e1vid S\u00e1ndor (UDMR), Ol\u00e1h Istv\u00e1n (UDMR), L\u0151rincz J\u00f3zsef (UDMR), Szigethy K\u00e1lm\u00e1n (UDMR) \u0219i Bal\u00e1zs J\u00f3zsef Attila (AMT).<\/p>\n<p style=\"text-align: justify\">&nbsp;<\/p>\n<p style=\"text-align: justify\"><strong>Comisia pentru \u00eenv\u0103\u0163\u0103m\u00e2nt, cultur\u0103, tineret \u015fi sport<\/strong><\/p>\n<p style=\"text-align: justify\">Membrii comisiei: Voloncs M\u00e1ria-Ter\u00e9zia (UDMR), Papp Gy\u00f6ngyike (UDMR), Ol\u00e1h Istv\u00e1n (UDMR), Vargyasi Hunor (UDMR) \u0219i Ily\u00e9s Botond (AMT).<\/p>\n<p style=\"text-align: justify\">&nbsp;<\/p>\n<p style=\"text-align: justify\"><strong>Comisia pentru s\u0103n\u0103tate \u015fi protec\u0163ie social\u0103<\/strong><\/p>\n<p style=\"text-align: justify\">Membrii comisiei: Dr. Farkas Hunor-P\u00e1l (UDMR), Biszak L\u00e1szl\u00f3 Istv\u00e1n (UDMR), Papp Gy\u00f6ngyike (UDMR), Dr. Sz\u00e1sz Szabolcs (UDMR) \u0219i Tank\u00f3 S\u00e1ndor (AMT).<\/p>\n<p style=\"text-align: justify\">&nbsp;<\/p>\n<p style=\"text-align: justify\"><strong>Comisia pentru amenajarea teritoriului \u015fi urbanism<\/strong><\/p>\n<p style=\"text-align: justify\">Membrii comisiei: Dr. Szilveszter Szabolcs (UDMR), Domokos-Fej\u00e9r Melinda (UDMR), Kiss Levente Csaba (UDMR), Kolb\u00e1sz-Kicsid Laura (UDMR) \u0219i Tank\u00f3 S\u00e1ndor (AMT).<\/p>\n<p>&nbsp;<\/p>\n<hr>\n<p>&nbsp;<\/p>\n<p style=\"text-align: justify\"><strong>Compoten\u021ba comisiilor \u00eentre 2020\u20132024:<\/strong><\/p>\n<p style=\"text-align: justify\">&nbsp;<\/p>\n<p style=\"text-align: justify\"><strong>Comisia economic\u0103 \u015fi juridic\u0103<\/strong><\/p>\n<p style=\"text-align: justify\">Membrii comisiei: D\u00e1vid S\u00e1ndor (UDMR), Dr. G\u00e1sp\u00e1r Zsolt (UDMR), Luk\u00e1cs L\u00e1szl\u00f3 (UDMR), Szigethy K\u00e1lm\u00e1n (UDMR) \u0219i Bal\u00e1zs J\u00f3zsef Attila (AMT).<\/p>\n<p style=\"text-align: justify\">&nbsp;<\/p>\n<p style=\"text-align: justify\"><strong>Comisia pentru \u00eenv\u0103\u0163\u0103m\u00e2nt, cultur\u0103, tineret \u015fi sport<\/strong><\/p>\n<p style=\"text-align: justify\">Membrii comisiei: Nagy Babos Tam\u00e1s (UDMR), Papp Gy\u00f6ngyike (UDMR), Bejan Andr\u00e1s (UDMR), Szigethy K\u00e1lm\u00e1n (UDMR) \u0219i Ily\u00e9s Botond (AMT).<\/p>\n<p style=\"text-align: justify\">&nbsp;<\/p>\n<p style=\"text-align: justify\"><strong>Comisia pentru s\u0103n\u0103tate \u015fi protec\u0163ie social\u0103<\/strong><\/p>\n<p style=\"text-align: justify\">Membrii comisiei: Dr. G\u00e1sp\u00e1r Zsolt (UDMR), Biszak L\u00e1szl\u00f3 Istv\u00e1n (UDMR), Moln\u00e1r Lajos Zolt\u00e1n (UDMR), Dr. Sz\u00e1sz Szabolcs (UDMR) \u0219i Sz\u0151ts Emil (AMT).<\/p>\n<p style=\"text-align: justify\">&nbsp;<\/p>\n<p style=\"text-align: justify\"><strong>Comisia pentru amenajarea teritoriului \u015fi urbanism<\/strong><\/p>\n<p style=\"text-align: justify\">Membrii comisiei: Domokos-Fej\u00e9r Melinda (UDMR), D\u00e1vid S\u00e1ndor (UDMR), Kiss Levente Csaba (UDMR), Moln\u00e1r Lajos Zolt\u00e1n (UDMR) \u0219i Czipa Lor\u00e1nd (AMT).<\/p>\n<p style=\"text-align: justify\">&nbsp;<\/p>\n<hr>\n<p style=\"text-align: justify\">&nbsp;<\/p>\n<p style=\"text-align: justify\"><strong>Compoten\u021ba comisiilor \u00eentre 2016-2020:<\/strong><\/p>\n<p style=\"text-align: justify\">&nbsp;<\/p>\n<p style=\"text-align: justify\"><strong>Comisia economic\u0103 \u015fi juridic\u0103<\/strong><\/p>\n<p style=\"text-align: justify\">Membrii comisiei:&nbsp;Nagy Babos Tam\u00e1s (UDMR), Derzsi Gyula (UDMR), Dr. G\u00e1sp\u00e1r Zsolt (UDMR), Szigethy K\u00e1lm\u00e1n (PCM), Cristea Mariana (ALDE).<\/p>\n<p style=\"text-align: justify\">&nbsp;<\/p>\n<p style=\"text-align: justify\"><strong>Comisia pentru \u00eenv\u0103\u0163\u0103m\u00e2nt, cultur\u0103, tineret \u015fi sport<\/strong><\/p>\n<p style=\"text-align: justify\">Membrii comisiei: Nagy Babos Tam\u00e1s (UDMR), Szab\u00f3 Vincze \u00c1rp\u00e1d (UDMR), Bejan Andr\u00e1s (UDMR), Ily\u00e9s Botond (PPTM), Bud\u0103u Ionu\u021b (ALDE).<\/p>\n<p style=\"text-align: justify\">&nbsp;<\/p>\n<p style=\"text-align: justify\"><strong>Comisia pentru s\u0103n\u0103tate \u015fi protec\u0163ie social\u0103<\/strong><\/p>\n<p style=\"text-align: justify\">Membrii comisiei:&nbsp;Dr. Kelemen Andr\u00e1s (UDMR), Kiss Levente-Csaba (UDMR), Fej\u00e9r Melinda (UDMR), G\u00e1l Elem\u00e9r-L\u00e1szl\u00f3 (PPMT),&nbsp;Bud\u0103u Ionu\u021b (ALDE).<\/p>\n<p style=\"text-align: justify\">&nbsp;<\/p>\n<p style=\"text-align: justify\"><strong>Comisia pentru amenajarea teritoriului \u015fi urbanism<\/strong><\/p>\n<p style=\"text-align: justify\">Membrii comisiei:&nbsp;Szilveszter Szabolcs (UDMR), L\u0151rincz J\u00f3zsef (UDMR),&nbsp;Kiss Levente-Csaba (UDMR),&nbsp;Szigethy K\u00e1lm\u00e1n (PCM),&nbsp;Cristea Mariana (ALDE).<\/p>\n<p style=\"text-align: justify\">&nbsp;<\/p>\n<hr>\n<p style=\"text-align: justify\">&nbsp;<\/p>\n<p style=\"text-align: justify\"><strong>Compoten\u021ba comisiilor \u00eentre 2012-2016:<\/strong><\/p>\n<p style=\"text-align: justify\">&nbsp;<\/p>\n<p style=\"text-align: justify\"><strong>Comisia economic\u0103 \u015fi juridic\u0103<\/strong><\/p>\n<p style=\"text-align: justify\">Membrii comisiei: Heged\u0171s Ferenc (UDMR), Barta Vilmos (UDMR), Moln\u00e1r Zolt\u00e1n-Lajos (UMDR), R\u00e1kosi J\u00e1nos (PCM), Johann Taierling (PPMT)<\/p>\n<p style=\"text-align: justify\">&nbsp;<\/p>\n<p style=\"text-align: justify\"><strong>Comisia pentru \u00eenv\u0103\u0163\u0103m\u00e2nt, cultur\u0103, tineret \u015fi sport<\/strong><\/p>\n<p style=\"text-align: justify\">Membrii comisiei: Nagy Babos Tam\u00e1s (UDMR), Bejan Andr\u00e1s (UDMR), Babos Botond (UDMR), Luk\u00e1cs L\u00e1szl\u00f3 (PCM), Ily\u00e9s Botond (PPMT)<\/p>\n<p style=\"text-align: justify\">&nbsp;<\/p>\n<p style=\"text-align: justify\"><strong>Comisia pentru s\u0103n\u0103tate \u015fi protec\u0163ie social\u0103<\/strong><\/p>\n<p style=\"text-align: justify\">Membrii comisiei: Dr. Kelemen Andr\u00e1s (UDMR), Gy\u00f6rke Krisztina (UDMR), Derzsi Gyula (UDMR), Dr. Szab\u00f3 Istv\u00e1n (PCM), Veres Botond-G\u00e9za (PPMT)<\/p>\n<p style=\"text-align: justify\">&nbsp;<\/p>\n<p style=\"text-align: justify\"><strong>Comisia pentru amenajarea teritoriului \u015fi urbanism<\/strong><\/p>\n<p style=\"text-align: justify\">Membrii comisiei: Heged\u0171s Ferenc (UDMR), Gy\u00f6rke Krisztina (UDMR), Derzsi Gyula (UDMR), R\u00e1kosi J\u00e1nos (PCM), Bal\u00e1zs Attila (PPMT)<\/p>\n","protected":false},"excerpt":{"rendered":"<p>Compoten\u021ba comisiilor \u00eentre 2024\u20132028: &nbsp; Comisia economic\u0103 \u015fi juridic\u0103 Membrii comisiei: D\u00e1vid S\u00e1ndor (UDMR), Ol\u00e1h Istv\u00e1n (UDMR), L\u0151rincz J\u00f3zsef (UDMR), Szigethy K\u00e1lm\u00e1n (UDMR) \u0219i Bal\u00e1zs J\u00f3zsef Attila (AMT). &nbsp; Comisia pentru \u00eenv\u0103\u0163\u0103m\u00e2nt, cultur\u0103, tineret \u015fi sport Membrii comisiei: Voloncs M\u00e1ria-Ter\u00e9zia (UDMR), Papp Gy\u00f6ngyike (UDMR), Ol\u00e1h Istv\u00e1n (UDMR), Vargyasi Hunor (UDMR) \u0219i Ily\u00e9s Botond (AMT). &nbsp; [&hellip;]<\/p>\n","protected":false},"author":1,"featured_media":0,"parent":0,"menu_order":0,"comment_status":"closed","ping_status":"open","template":"","meta":{"ngg_post_thumbnail":0,"footnotes":""},"class_list":["post-10802","page","type-page","status-publish","hentry"],"_links":{"self":[{"href":"https:\/\/www.kezdi.ro\/ro\/wp-json\/wp\/v2\/pages\/10802\/"}],"collection":[{"href":"https:\/\/www.kezdi.ro\/ro\/wp-json\/wp\/v2\/pages\/"}],"about":[{"href":"https:\/\/www.kezdi.ro\/ro\/wp-json\/wp\/v2\/types\/page\/"}],"author":[{"embeddable":true,"href":"https:\/\/www.kezdi.ro\/ro\/wp-json\/wp\/v2\/users\/1\/"}],"replies":[{"embeddable":true,"href":"https:\/\/www.kezdi.ro\/ro\/wp-json\/wp\/v2\/comments\/?post=10802"}],"version-history":[{"count":11,"href":"https:\/\/www.kezdi.ro\/ro\/wp-json\/wp\/v2\/pages\/10802\/revisions\/"}],"predecessor-version":[{"id":43366,"href":"https:\/\/www.kezdi.ro\/ro\/wp-json\/wp\/v2\/pages\/10802\/revisions\/43366\/"}],"wp:attachment":[{"href":"https:\/\/www.kezdi.ro\/ro\/wp-json\/wp\/v2\/media\/?parent=10802"}],"curies":[{"name":"wp","href":"https:\/\/api.w.org\/{rel}","templated":true}]}}