{"id":10682,"date":"2014-03-04T09:53:03","date_gmt":"2014-03-04T09:53:03","guid":{"rendered":"https:\/\/www.kezdi.ro\/?page_id=10682"},"modified":"2022-02-02T12:00:26","modified_gmt":"2022-02-02T12:00:26","slug":"economie","status":"publish","type":"page","link":"https:\/\/www.kezdi.ro\/ro\/economie\/","title":{"rendered":"Economie"},"content":{"rendered":"<p style=\"text-align: justify\"><strong>Parcuri Industriale T\u00e2rgu Secuiesc <\/strong><\/p>\n<p style=\"text-align: justify\">&nbsp;<\/p>\n<p style=\"text-align: justify\">Municipiul T\u00e2rgu Secuiesc este ora\u0219ul cel mai estic al Bazinului Carpatic, este centrul Scaunului K\u00e9zdi. Este un ora\u0219 fermec\u0103tor \u00een valea R\u00e2ului Negru. Prin participarea la proiecte cu finan\u0163are european\u0103, Prim\u0103ria Municipiului T\u00e2rgu Secuiesc a amenajat dou\u0103 situri industriale.<\/p>\n<p style=\"text-align: justify\">&nbsp;<\/p>\n<p style=\"text-align: justify\">T\u00e2rgu Secuiesc este situat la 66 de km de Bra\u015fov \u015fi 32 de km de Sf\u00e2ntu Gheorghe, accesul fiind posibil prin drumul european 574 (DN11) care leag\u0103 ora\u015fele Bra\u015fov \u015fi Bac\u0103u. Accesul la situri industriale este posibil dinspre ora\u015f prin drumul european 574, apoi printr-un drum nou de acces p\u00e2n\u0103 la intrarea.<\/p>\n<p style=\"text-align: justify\">&nbsp;<\/p>\n<p style=\"text-align: justify\"><strong>Parcul industrial nr.1 &#8220;IFET&#8221;<\/strong><\/p>\n<p style=\"text-align: justify\"><strong>Str. G\u0103rii nr. 49\/A<\/strong><\/p>\n<p style=\"text-align: justify\"><strong>&nbsp;<\/strong><\/p>\n<p style=\"text-align: justify\">Parcul Industrial nr. 1 \u201dIFET\u201d din municipiul T\u00e2rgu Secuiesc este amenajat \u00een prezent pe o suprafa\u021b\u0103 de 7.28 ha, av\u00e2nd 4 hale industriale \u0219i teren liber, cu utilit\u0103\u021bile asigurate, cu capacitatea de a g\u0103zdui minimum 6 investitori. Terenul este integral proprietate municipiului T\u00e2rgu Secuiesc.<\/p>\n<p style=\"text-align: justify\">&nbsp;<\/p>\n<p style=\"text-align: justify\">Accesul la amplasament este posibil dinspre DN11 pe strada Soarelui aproximativ 150 m, iar de la drumul jude\u021bean 121 tot pe str. Soarelui cu o lungime de 200 m. \u00cen conformitate cu planul urbanistic zona aprobat \u0219i cu reglement\u0103rile urbanistice aprobate pentru aplasament, suprafe\u021bele disponibile \u00een situl industrial \u201dIFET\u201d au dou\u0103 destina\u021bii: teren f\u0103r\u0103 cl\u0103diri \u0219i teren cu ale industriale.<\/p>\n<p style=\"text-align: justify\">&nbsp;<\/p>\n<p style=\"text-align: justify\">Prim\u0103ria ofer\u0103 posibilitatea de amplasare a afacerilor \u015fi investi\u0163iilor care doresc s\u0103 \u00ee\u015fi contruiasc\u0103 propriile hale de produc\u0163ie \u00een concordan\u0163\u0103 cu obiectivele \u015fi necesit\u0103\u0163ile lor.<\/p>\n<p style=\"text-align: justify\">&nbsp;<\/p>\n<p style=\"text-align: justify\">Al\u021bi parametri:<\/p>\n<p style=\"text-align: justify\">&#8211; energie electric\u0103: sta\u021bii compacte de transformare PTC20\/0.4kV \u015fi 2x1000kVA, fiecare hal\u0103 alimentat\u0103 cu cablu subteran de 0.4 kV de tip 2xACYAbY;<\/p>\n<p style=\"text-align: justify\">&#8211; alimentare cu ap\u0103: din sistemul urban, cu \u021bevi PEID Dn=110 mm;<\/p>\n<p style=\"text-align: justify\">&#8211; sistemul de canalizare, conectat cu sistemul urban cu conducte PVC KG Dn=200 mm<\/p>\n<p style=\"text-align: justify\">&#8211; sistemul de drenaj al apelor pluviale cu conducte PVC KG DN=110, 315 mm<\/p>\n<p style=\"text-align: justify\">&#8211; gaz de presiune joas\u0103 cu conducte PE 80 SDR11 Dn=63 mm, randament=300m3\/ora (75 m3\/h pentru fiecare hal\u0103)<\/p>\n<p style=\"text-align: justify\">&nbsp;<\/p>\n<p style=\"text-align: justify\"><strong>Parcul industrial nr.2 &#8220;EPURARE&#8221;<\/strong><\/p>\n<p style=\"text-align: justify\"><strong>Str. G\u0103rii nr. 103.<\/strong><\/p>\n<p style=\"text-align: justify\">&nbsp;<\/p>\n<p style=\"text-align: justify\">Parcul Industrial nr. 2 \u201dEPURARE\u201d din municipiul T\u00e2rgu Secuiesc se desf\u0103\u0219oar\u0103 \u00een prezent pe o suprafa\u021b\u0103 de 6.49 ha, din care 5.76 ha spa\u021biu verde realizat. Terenul este integral proprietatea municipiului T\u00e2rgu Secuiesc. Excluz\u00e2nd panta \u0219i infrastructura de drumui \u0219i de utilit\u0103\u021bi, suprafa\u021ba total\u0103 de superficie este 4.85 ha.<\/p>\n<p style=\"text-align: justify\">&nbsp;<\/p>\n<p style=\"text-align: justify\">Suprafa\u0163a parcului industial nr. 2 EPURARE dispune de dou\u0103 hale de produc\u0163ie, din care una reabilitat\u0103 \u015fi una nou-construit, toate conectate la utilit\u0103\u0163i \u015fi la drumuri de acces interioare. Prin oferirea a dou\u0103 suprafete de S=320 mp (hal\u0103 existent\u0103), respectiv S=835 mp, investitorii poten\u0163iali pot alege construc\u0163ia cea mai potrivit\u0103 pentru activitatea desf\u0103\u015furat\u0103.<\/p>\n<p style=\"text-align: justify\">&nbsp;<\/p>\n<p style=\"text-align: justify\">Al\u021bi parametri:<\/p>\n<p style=\"text-align: justify\">&#8211; energie electric\u0103: sta\u021bii compacte de transformare 630 kVA<\/p>\n<p style=\"text-align: justify\">&#8211; alimentare cu ap\u0103: din sistemul urban, cu \u021bevi Dn=160 mm;<\/p>\n<p style=\"text-align: justify\">&#8211; pomp\u0103 de c\u0103ldur\u0103 sol \u2013 ap\u0103<\/p>\n<p style=\"text-align: justify\">&#8211; sistemul de canalizare, conectat cu sistemul urban<\/p>\n<p style=\"text-align: justify\">&#8211; gaz de presiune joas\u0103<\/p>\n<p style=\"text-align: justify\">&nbsp;<\/p>\n<p style=\"text-align: justify\">Mai multe informa\u021bii:<\/p>\n<p style=\"text-align: justify\"><a href=\"https:\/\/www.investintargusecuiesc.ro\">www.investintargusecuiesc.ro<\/a><\/p>\n<p style=\"text-align: justify\"><a href=\"mailto:office@investintargusecuiesc.ro\">office@investintargusecuiesc.ro&nbsp;<\/a><\/p>\n<p style=\"text-align: justify\">&nbsp;<\/p>\n<p style=\"text-align: justify\">Descarc\u0103 document:&nbsp;<a href=\"https:\/\/www.kezdi.ro\/wp-content\/uploads\/anexa_regulament_sit_industrial.pdf\" target=\"_blank\" rel=\"noopener noreferrer\">Anexa Regulament Sit Industrial<\/a><\/p>\n","protected":false},"excerpt":{"rendered":"<p>Parcuri Industriale T\u00e2rgu Secuiesc &nbsp; Municipiul T\u00e2rgu Secuiesc este ora\u0219ul cel mai estic al Bazinului Carpatic, este centrul Scaunului K\u00e9zdi. Este un ora\u0219 fermec\u0103tor \u00een valea R\u00e2ului Negru. Prin participarea la proiecte cu finan\u0163are european\u0103, Prim\u0103ria Municipiului T\u00e2rgu Secuiesc a amenajat dou\u0103 situri industriale. &nbsp; T\u00e2rgu Secuiesc este situat la 66 de km de Bra\u015fov [&hellip;]<\/p>\n","protected":false},"author":1,"featured_media":0,"parent":0,"menu_order":0,"comment_status":"closed","ping_status":"open","template":"","meta":{"ngg_post_thumbnail":0,"footnotes":""},"class_list":["post-10682","page","type-page","status-publish","hentry"],"_links":{"self":[{"href":"https:\/\/www.kezdi.ro\/ro\/wp-json\/wp\/v2\/pages\/10682\/"}],"collection":[{"href":"https:\/\/www.kezdi.ro\/ro\/wp-json\/wp\/v2\/pages\/"}],"about":[{"href":"https:\/\/www.kezdi.ro\/ro\/wp-json\/wp\/v2\/types\/page\/"}],"author":[{"embeddable":true,"href":"https:\/\/www.kezdi.ro\/ro\/wp-json\/wp\/v2\/users\/1\/"}],"replies":[{"embeddable":true,"href":"https:\/\/www.kezdi.ro\/ro\/wp-json\/wp\/v2\/comments\/?post=10682"}],"version-history":[{"count":10,"href":"https:\/\/www.kezdi.ro\/ro\/wp-json\/wp\/v2\/pages\/10682\/revisions\/"}],"predecessor-version":[{"id":38631,"href":"https:\/\/www.kezdi.ro\/ro\/wp-json\/wp\/v2\/pages\/10682\/revisions\/38631\/"}],"wp:attachment":[{"href":"https:\/\/www.kezdi.ro\/ro\/wp-json\/wp\/v2\/media\/?parent=10682"}],"curies":[{"name":"wp","href":"https:\/\/api.w.org\/{rel}","templated":true}]}}