{"id":10680,"date":"2014-11-10T13:10:53","date_gmt":"2014-11-10T11:10:53","guid":{"rendered":"https:\/\/www.kezdi.ro\/?page_id=10680"},"modified":"2014-11-13T16:50:56","modified_gmt":"2014-11-13T14:50:56","slug":"gospodaria-comunala","status":"publish","type":"page","link":"https:\/\/www.kezdi.ro\/ro\/gospodaria-comunala\/","title":{"rendered":"Gospod\u0103ria comunal\u0103"},"content":{"rendered":"<div class=\"row\">\n<div class=\"col-xs-12 col-sm-5 col-md-4 col-lg-4 page-thumbnail\"><a href=\"https:\/\/www.kezdi.ro\/wp-content\/uploads\/gospcom.jpg\" data-rel=\"lightbox-gallery-40a8b4rZ\" data-rl_title=\"\" data-rl_caption=\"\" title=\"\"><img loading=\"lazy\" decoding=\"async\" class=\"img-responsive thumbnail\" src=\"https:\/\/www.kezdi.ro\/wp-content\/uploads\/gospcom.jpg\" alt=\"gospcom\" width=\"1024\" height=\"819\" \/><\/a><\/div>\n<div class=\"page-content-detail\">\n<p>Gospod\u0103ria Comunal\u0103, pe numele mai cunoscut SC. Gosp-Com SRL., se ocup\u0103 cu gospod\u0103rirea gunoiului, cu \u00eentre\u021binerea spa\u021biilor publice \u0219i cu gospod\u0103rirea locuin\u021belor. \u00cen prezent func\u021bioneaz\u0103 cu 80 de salaria\u021bi. Din cauza pierderilor mari \u00een 1997 au lichidat subsec\u021bia de transport comun, cu timpul a \u00eencetat\u00a0 transportul de m\u0103rfuri, \u0219i chiar \u0219i activit\u0103\u021bile de construc\u021bie. Pe parcursul anului 2002, dup\u0103 privatizarea distribuitorului primar de termificare, Societatea MTS SA, s-a oprit distribuirea termific\u0103rii \u0219i au \u00eenchis centrele de c\u0103ldur\u0103 cu scopul conserv\u0103rii, apoi \u00een 2010 a \u00eencetat \u0219i distribuirea apei calde.<\/p>\n<p>&nbsp;<\/p>\n<p>E important de subliniat c\u0103 furnizarea apei a fost preluat\u0103 de \u00eentreprinderea jude\u021bean\u0103 AQUACOV, astfel \u00een leg\u0103tur\u0103 cu problemele de ap\u0103 trebuie s\u0103 ne adres\u0103m lor.<\/p>\n<p>&nbsp;<\/p>\n<p><strong>Istorie:<\/strong><\/p>\n<p>Istoria distribuirii termific\u0103rii a \u00eenceput\u00a0 \u00een 1930. Dup\u0103 na\u021bionaliz\u0103ri \u00eentreprinderea a fost numit\u0103 I.G.O., adic\u0103 \u00centreprinderea de Serviciu Public Or\u0103\u0219enesc \u0219i a fost subordonat\u0103 consiliului de administra\u021bie al Prim\u0103riei. I.G.O. a \u00eendeplinit urm\u0103toarele sfere de activitate: captarea apei potabile, tratarea \u0219i distribuirea, transportul public cu autobuzul, transportul public cu taxiul, cur\u0103\u021benie public\u0103, planificarea, WC-ul public, baia public\u0103 or\u0103\u0219eneasc\u0103, cur\u0103\u021barea hornurilor, \u00eenmorm\u00e2ntarea, aranjarea florilor, sp\u0103l\u0103toria, racordarea la re\u021bele, administrarea locuin\u021belor, construc\u021biile \u0219i instal\u0103rile.<\/p>\n<p>&nbsp;<\/p>\n<p>\u00cen anii 60 au mutat \u00een numeroase ocazii sediul \u00eentreprinderii. Sediul actual a fost construit \u00een 1972. Pe baza Hot\u0103r\u00e2rii Prim\u0103riei 131\/1973 au lichidat IGO \u0219i au \u00eenfiin\u021bat \u00centreprinderea Serviciului Public \u0219i Locativ cu sediul la Sf\u00e2ntu Gheorghe \u0219i cu sfera de activitate la T\u00e2rgu Secuiesc. P\u00e2n\u0103 la 1 decembrie 1992 toate unit\u0103\u021bile serviciului public pe teritoriul jude\u021bului Covasna au func\u021bionat \u00een cadrul R.A.G.C.L., a c\u0103rui re\u0219edin\u021b\u0103 a fost la Sf\u00e2ntu Gheorghe \u0219i s-a \u00eenfiin\u021bat pe baza Legii 15\/1990. Unitatea din T\u00e2rgu Secuiesc a func\u021bionat ca filial\u0103 a acesteia \u0219i a dispus doar de o libertate limitat\u0103 de decizie \u0219i financiar\u0103. La 1 decembrie 1992, pe baza ordinului nr.43 al Consiliului Jude\u021bean, \u00eentreprinderea a fost lichidat\u0103 \u0219i s-au \u00eenfiin\u021bat \u00een fiecare ora\u0219 al jude\u021bului \u00eentreprinderile de stat cu interes local. Astfel s-a \u00eenfiin\u021bat la T\u00e2rgu Secuiesc \u00centreprinderea Na\u021bional\u0103 de Serviciu Public, Locativ \u0219i de Transport Comun, cu proprietate total\u0103 de stat, ale c\u0103rei activit\u0103\u021bi principale au fost urm\u0103toarele: asigurarea aprovizion\u0103rii cu ap\u0103 pe teritoriul ora\u0219ului, canalizarea \u0219i purificarea apei murdare, producerea energiei termice \u0219i distribuirea, transportul de persoane \u0219i de m\u0103rfuri, cur\u0103\u021benie public\u0103, presta\u021bii de construc\u021bii. Scopul \u00eentreprinderii de interes local \u00eenfiin\u021bate \u00een aceast\u0103 form\u0103 a fost asigurarea serviciilor pentru satisfacerea cerin\u021belor popula\u021biei. Conducerea \u00eentreprinderii de stat a fost \u00eendeplinit\u0103 de consiliul de conducere cu unsprezece membrii, pe care i-a indicat Prim\u0103ria. Pe baza Legii 135\/1994, care a acceptat Hot\u0103r\u00e2rea de Guvern despre organizarea \u00eentreprinderilor de stat cu interes local, precum \u0219i pe baza Hot\u0103r\u00e2rii 38\/1995 a Consiliului local R.A.G.C.L.T.L. din T\u00e2rgu Secuiesc, s-a transformat \u00eentr-o societate cu r\u0103spundere limitat\u0103 \u0219i a primit denumirea de SC. Gosp-Com SRL. \u00centreprinderea nou-constituit\u0103 s-a format din proprietatea privat\u0103 a ora\u0219ului \u0219i a preluat totala sfer\u0103 de activitate a predecesorului. \u00cen anii 80 personalul mediu al \u00eentreprinderii a fost de 123 de capete.<\/p>\n<p>&nbsp;<\/p>\n<p>Az ebben a form\u00e1ban l\u00e9trej\u00f6tt helyi \u00e9rdekelts\u00e9g\u0171 v\u00e1llalat c\u00e9lkit\u0171z\u00e9se a min\u0151s\u00e9gileg \u00e9s mennyis\u00e9gileg megfelel\u0151 szolg\u00e1ltat\u00e1sok biztos\u00edt\u00e1sa volt, a lakosok ig\u00e9nyei kiel\u00e9g\u00edt\u00e9s\u00e9\u00e9rt. Az \u00e1llami v\u00e1llalat vezet\u00e9s\u00e9t a tizenegy tag\u00fa vezet\u0151tan\u00e1cs l\u00e1tta el, akiket a N\u00e9ptan\u00e1cs jel\u00f6lt meg. Az 135\/1994-es T\u00f6rv\u00e9ny, amely elfogadta a 69-es Korm\u00e1nyrendeletet a helyi \u00e9rdekelts\u00e9g\u0171 \u00e1llami v\u00e1llalatok szervez\u00e9s\u00e9r\u0151l, valamint a helyi Tan\u00e1cs 38\/1995-\u00f6s rendelete alapj\u00e1n a k\u00e9zdiv\u00e1s\u00e1rhelyi R.A.G.C.L.T.L. \u00e1talakult egy korl\u00e1tolt felel\u0151ss\u00e9g\u0171 t\u00e1rsas\u00e1gg\u00e1, \u00e9s a Gosp-Com Kft. nevet kapta. Az \u00fajonnan l\u00e9trej\u00f6tt v\u00e1llalkoz\u00e1s a varos maganvagyonabol alakult \u00e9s \u00e1tvette az el\u0151dje teljes feladatk\u00f6r\u00e9t. A 80-as \u00e9vekben a v\u00e1llalat \u00e1tlagszem\u00e9lyzete 123 f\u0151 volt.<\/p>\n<p>&nbsp;<\/p>\n<p>Contact:<\/p>\n<p><strong>GOSP-COM<\/strong><\/p>\n<p>Adres\u0103: 525400 T\u00e2rgu Secuiesc, Budai Nagy Antal nr. 1<\/p>\n<p>Tel: +40 267 361 060, +40 723 313 094<\/p>\n<p>Fax: +40 267 363 998<\/p>\n<p>E-mail: <a href=\"mailto:gospcom@gosp-com.ro\">gospcom@gosp-com.ro<\/a><\/p>\n<p>Pagin\u0103 web: <a href=\"https:\/\/www.gosp-com.ro\/\">www.gosp-com.ro<\/a><\/p>\n<p>&nbsp;<\/p>\n<p><strong>AQUACOV<\/strong><\/p>\n<p>Adres\u0103: 520031, Strada B\u00e1nki D\u00f3n\u00e1th nr. 27 , Sf\u00e2ntu Gheorghe<\/p>\n<p>Tel.\/Fax: +40 267 351 392<\/p>\n<p>E-mail: <a href=\"mailto:secretariat@adiaquacov.ro\">secretariat@adiaquacov.ro<\/a><\/p>\n<p>Pagin\u0103 web: <a href=\"https:\/\/www.adiaquacov.ro\/\">www.adiaquacov.ro<\/a><\/p>\n<\/div>\n<\/div>\n","protected":false},"excerpt":{"rendered":"<p>Gospod\u0103ria Comunal\u0103, pe numele mai cunoscut SC. Gosp-Com SRL., se ocup\u0103 cu gospod\u0103rirea gunoiului, cu \u00eentre\u021binerea spa\u021biilor publice \u0219i cu gospod\u0103rirea locuin\u021belor. \u00cen prezent func\u021bioneaz\u0103 cu 80 de salaria\u021bi. Din cauza pierderilor mari \u00een 1997 au lichidat subsec\u021bia de transport comun, cu timpul a \u00eencetat\u00a0 transportul de m\u0103rfuri, \u0219i chiar \u0219i activit\u0103\u021bile de construc\u021bie. Pe [&hellip;]<\/p>\n","protected":false},"author":1,"featured_media":0,"parent":0,"menu_order":0,"comment_status":"closed","ping_status":"open","template":"","meta":{"ngg_post_thumbnail":0,"footnotes":""},"class_list":["post-10680","page","type-page","status-publish","hentry"],"_links":{"self":[{"href":"https:\/\/www.kezdi.ro\/ro\/wp-json\/wp\/v2\/pages\/10680\/"}],"collection":[{"href":"https:\/\/www.kezdi.ro\/ro\/wp-json\/wp\/v2\/pages\/"}],"about":[{"href":"https:\/\/www.kezdi.ro\/ro\/wp-json\/wp\/v2\/types\/page\/"}],"author":[{"embeddable":true,"href":"https:\/\/www.kezdi.ro\/ro\/wp-json\/wp\/v2\/users\/1\/"}],"replies":[{"embeddable":true,"href":"https:\/\/www.kezdi.ro\/ro\/wp-json\/wp\/v2\/comments\/?post=10680"}],"version-history":[{"count":4,"href":"https:\/\/www.kezdi.ro\/ro\/wp-json\/wp\/v2\/pages\/10680\/revisions\/"}],"predecessor-version":[{"id":11335,"href":"https:\/\/www.kezdi.ro\/ro\/wp-json\/wp\/v2\/pages\/10680\/revisions\/11335\/"}],"wp:attachment":[{"href":"https:\/\/www.kezdi.ro\/ro\/wp-json\/wp\/v2\/media\/?parent=10680"}],"curies":[{"name":"wp","href":"https:\/\/api.w.org\/{rel}","templated":true}]}}