{"id":10609,"date":"2014-02-07T16:07:41","date_gmt":"2014-02-07T13:07:41","guid":{"rendered":"https:\/\/www.kezdi.ro\/?page_id=10609"},"modified":"2025-10-06T15:18:06","modified_gmt":"2025-10-06T12:18:06","slug":"contact","status":"publish","type":"page","link":"https:\/\/www.kezdi.ro\/ro\/contact\/","title":{"rendered":"Contact"},"content":{"rendered":"<div class=\"row contact\">\n<div class=\"col-lg-6 contact-info\">\n<h3>Prim\u0103ria Municipiului T\u00e2rgu Secuiesc<\/h3>\n<p>&nbsp;<\/p>\n<\/div>\n<\/div>\n<p><span style=\"text-decoration: underline;\"><strong>Contact:<\/strong><\/span><\/p>\n<p>&nbsp;<\/p>\n<div class=\"row contact\">\n<div class=\"col-lg-6 contact-info\">\n<p>Sediu: 525400 T\u00e2rgu Secuiesc, Pia\u0163a G\u00e1bor \u00c1ron nr. 24., jude\u0163ul Covasna, Rom\u00e2nia<\/p>\n<p>Telefon: +40 267 361 974<\/p>\n<p>Fax: +40 267 361 652<\/p>\n<p>E-mail: <a href=\"mailto:cabinet@kezdi.ro\">cabinet@kezdi.ro<\/a><\/p>\n<p>Pagin\u0103 de internet: <a href=\"http:\/\/www.kezdi.ro\">www.kezdi.ro<\/a><\/p>\n<p>Social media: <a href=\"https:\/\/www.facebook.com\/kezdivasarhely.onkormanyzat\/\">https:\/\/www.facebook.com\/kezdivasarhely.onkormanyzat\/<\/a><br \/>\n&nbsp;<\/p>\n<p><strong>Program de func\u021bionare:<\/strong><\/p>\n<p><strong>Prim\u0103rie<\/strong>: luni\u2013vineri 8.00\u201316.00<\/p>\n<p><strong>Birou taxe \u0219i impozite<\/strong>: luni\u2013miercuri 8.00\u201315.00, joi 8.00\u201317.00, vineri 8.00\u201313.00<\/p>\n<p><strong>Birou rela\u021bii cu publicul, registratur\u0103<\/strong>: luni\u2013vineri 8.00\u201316.00<\/p>\n<p>&nbsp;<br \/>\n&nbsp;<\/p>\n<p><strong>Program de audien\u021be:<\/strong><\/p>\n<p><strong>Bokor Tiberiu \u2013 primar<\/strong><\/p>\n<p>Audien\u0163\u0103: miercuri, ora 12.00<\/p>\n<p>&nbsp;<br \/>\n&nbsp;<\/p>\n<p><strong>Dr. Szilveszter Szabolcs \u2013 viceprimar<\/strong><\/p>\n<p>Audien\u0163\u0103: luni, ora 10.00<\/p>\n<p>&nbsp;<br \/>\n&nbsp;<\/p>\n<p><strong>T\u00f3th Csilla-Enik\u0151 \u2013 secretar general<\/strong><\/p>\n<p>Audien\u0163\u0103: vineri, ora 12.00<\/p>\n<p>&nbsp;<\/p>\n<p><strong>Programare:<\/strong><\/p>\n<p>Telefon: +40 267 361 974, int. 123<\/p>\n<p>Mobil: +40 726 233 518<\/p>\n<p>E-mail: <a href=\"mailto:cabinet@kezdi.ro\">cabinet@kezdi.ro<\/a><\/p>\n<p>&nbsp;<\/p>\n<p>***<br \/>\n<span style=\"text-decoration: underline;\"><span style=\"font-size: 12pt;\"><strong>Rela\u021bii cu presa:<\/strong><\/span><\/span><\/p>\n<p>Tel.: +40 267 361 974, int. 127<\/p>\n<p>Mobil: +40 726 233 518<\/p>\n<p>E-mail: <a href=\"mailto:presskezdi@gmail.com\">presskezdi@gmail.com<\/a><\/p>\n<p>&nbsp;<\/p>\n<\/div>\n<div class=\"row contact\">\n<div class=\"col-lg-6 contact-form\">\n<div class=\"wpcf7 no-js\" id=\"wpcf7-f10612-o1\" lang=\"hu-HU\" dir=\"ltr\" data-wpcf7-id=\"10612\">\n<div class=\"screen-reader-response\"><p role=\"status\" aria-live=\"polite\" aria-atomic=\"true\"><\/p> <ul><\/ul><\/div>\n<form action=\"\/ro\/wp-json\/wp\/v2\/pages\/10609#wpcf7-f10612-o1\" method=\"post\" class=\"wpcf7-form init\" aria-label=\"Kapcsolatfelv\u00e9teli \u0171rlap\" novalidate=\"novalidate\" data-status=\"init\">\n<div style=\"display: none;\">\n<input type=\"hidden\" name=\"_wpcf7\" value=\"10612\" \/>\n<input type=\"hidden\" name=\"_wpcf7_version\" value=\"6.0.6\" \/>\n<input type=\"hidden\" name=\"_wpcf7_locale\" value=\"hu_HU\" \/>\n<input type=\"hidden\" name=\"_wpcf7_unit_tag\" value=\"wpcf7-f10612-o1\" \/>\n<input type=\"hidden\" name=\"_wpcf7_container_post\" value=\"0\" \/>\n<input type=\"hidden\" name=\"_wpcf7_posted_data_hash\" value=\"\" \/>\n<\/div>\n<p><span class=\"wpcf7-form-control-wrap\" data-name=\"your-name\"><input size=\"40\" maxlength=\"400\" class=\"wpcf7-form-control wpcf7-text\" aria-invalid=\"false\" placeholder=\"Nume*\" value=\"\" type=\"text\" name=\"your-name\" \/><\/span>\n<\/p>\n<p><span class=\"wpcf7-form-control-wrap\" data-name=\"your-email\"><input size=\"40\" maxlength=\"400\" class=\"wpcf7-form-control wpcf7-email wpcf7-validates-as-required wpcf7-text wpcf7-validates-as-email\" aria-required=\"true\" aria-invalid=\"false\" placeholder=\"Adresa de e-mail*\" value=\"\" type=\"email\" name=\"your-email\" \/><\/span>\n<\/p>\n<p><span class=\"wpcf7-form-control-wrap\" data-name=\"your-subject\"><input size=\"40\" maxlength=\"400\" class=\"wpcf7-form-control wpcf7-text\" aria-invalid=\"false\" placeholder=\"Subiect\" value=\"\" type=\"text\" name=\"your-subject\" \/><\/span>\n<\/p>\n<p><span class=\"wpcf7-form-control-wrap\" data-name=\"your-message\"><textarea cols=\"40\" rows=\"10\" maxlength=\"2000\" class=\"wpcf7-form-control wpcf7-textarea\" aria-invalid=\"false\" name=\"your-message\"><\/textarea><\/span>\n<\/p>\n<p><input class=\"wpcf7-form-control wpcf7-submit has-spinner\" type=\"submit\" value=\"Trimite!\" \/>\n<\/p><div class=\"wpcf7-response-output\" aria-hidden=\"true\"><\/div>\n<\/form>\n<\/div>\n<\/div>\n<\/div>\n<\/div>\n<div class=\"google-maps\">&nbsp;<\/div>\n","protected":false},"excerpt":{"rendered":"<p>Prim\u0103ria Municipiului T\u00e2rgu Secuiesc &nbsp; Contact: &nbsp; Sediu: 525400 T\u00e2rgu Secuiesc, Pia\u0163a G\u00e1bor \u00c1ron nr. 24., jude\u0163ul Covasna, Rom\u00e2nia Telefon: +40 267 361 974 Fax: +40 267 361 652 E-mail: cabinet@kezdi.ro Pagin\u0103 de internet: www.kezdi.ro Social media: https:\/\/www.facebook.com\/kezdivasarhely.onkormanyzat\/ &nbsp; Program de func\u021bionare: Prim\u0103rie: luni\u2013vineri 8.00\u201316.00 Birou taxe \u0219i impozite: luni\u2013miercuri 8.00\u201315.00, joi 8.00\u201317.00, vineri 8.00\u201313.00 [&hellip;]<\/p>\n","protected":false},"author":1,"featured_media":0,"parent":0,"menu_order":0,"comment_status":"closed","ping_status":"open","template":"","meta":{"ngg_post_thumbnail":0,"footnotes":""},"class_list":["post-10609","page","type-page","status-publish","hentry"],"_links":{"self":[{"href":"https:\/\/www.kezdi.ro\/ro\/wp-json\/wp\/v2\/pages\/10609\/"}],"collection":[{"href":"https:\/\/www.kezdi.ro\/ro\/wp-json\/wp\/v2\/pages\/"}],"about":[{"href":"https:\/\/www.kezdi.ro\/ro\/wp-json\/wp\/v2\/types\/page\/"}],"author":[{"embeddable":true,"href":"https:\/\/www.kezdi.ro\/ro\/wp-json\/wp\/v2\/users\/1\/"}],"replies":[{"embeddable":true,"href":"https:\/\/www.kezdi.ro\/ro\/wp-json\/wp\/v2\/comments\/?post=10609"}],"version-history":[{"count":32,"href":"https:\/\/www.kezdi.ro\/ro\/wp-json\/wp\/v2\/pages\/10609\/revisions\/"}],"predecessor-version":[{"id":45127,"href":"https:\/\/www.kezdi.ro\/ro\/wp-json\/wp\/v2\/pages\/10609\/revisions\/45127\/"}],"wp:attachment":[{"href":"https:\/\/www.kezdi.ro\/ro\/wp-json\/wp\/v2\/media\/?parent=10609"}],"curies":[{"name":"wp","href":"https:\/\/api.w.org\/{rel}","templated":true}]}}